{"id":7342,"date":"2025-10-19T19:06:44","date_gmt":"2025-10-19T19:06:44","guid":{"rendered":"https:\/\/rughali.com\/?page_id=7342"},"modified":"2025-10-19T19:06:44","modified_gmt":"2025-10-19T19:06:44","slug":"serapi-rug","status":"publish","type":"page","link":"https:\/\/rughali.com\/tr\/serapi-rug\/","title":{"rendered":"Serapi Rug"},"content":{"rendered":"<div class=\"woocommerce columns-4\"><ul class=\"products columns-4\" data-products=\"type-1\">\n<li class=\"product type-product post-7710 status-publish first instock product_cat-bedroom product_cat-choose-by-rug-hali-premium product_cat-kitchen product_cat-living-room product_cat-office product_cat-serapi product_cat-wool product_tag-afgan-el-dokuma-hali product_tag-afgan-halisi product_tag-afghan-rug product_tag-antik-gorunumlu-hali product_tag-artisan-rug product_tag-benzersiz-el-dokuma-hali product_tag-decorative-rug product_tag-dekoratif-hali product_tag-dogal-yun-hali product_tag-el-dokuma-hali product_tag-el-dokuma-yun-hali product_tag-el-yapimi-hali product_tag-el-yapimi-yun-hali product_tag-etnik-hali product_tag-geleneksel-hali product_tag-hali product_tag-handmade-rug product_tag-handwoven-rug product_tag-kaliteli-el-dokuma-hali product_tag-klasik-dekor-hali product_tag-klasik-hali product_tag-koleksiyon-halisi product_tag-koridor-halisi product_tag-luks-el-dokuma-hali product_tag-luks-hali product_tag-luxury-wool-rug product_tag-modern-dekor-hali product_tag-oriental-hali product_tag-oriental-rug product_tag-otantik-el-dokuma-hali product_tag-otantik-hali product_tag-oturma-odasi-halisi product_tag-ozel-tasarim-hali product_tag-salon-halisi product_tag-sanatsal-hali product_tag-sark-halisi product_tag-traditional-rug product_tag-tribal-rug product_tag-wool-rug product_tag-yatak-odasi-halisi product_tag-yun-hali has-post-thumbnail sale featured sold-individually taxable shipping-taxable purchasable product-type-simple\">\n\t<a href=\"https:\/\/rughali.com\/tr\/urun\/serapi-design-handwoven-wool-rug\/\" class=\"woocommerce-LoopProduct-link woocommerce-loop-product__link\">\n\t<span class=\"onsale\" data-shape=\"type-2\">SALE<\/span>\n\t<img fetchpriority=\"high\" decoding=\"async\" width=\"300\" height=\"300\" src=\"https:\/\/rughali.com\/wp-content\/uploads\/2026\/03\/A-57913-3.48X2.73-300x300.jpg\" class=\"attachment-woocommerce_thumbnail size-woocommerce_thumbnail\" alt=\"Serap\u0131 Design Handwoven Wool Rug\" srcset=\"https:\/\/rughali.com\/wp-content\/uploads\/2026\/03\/A-57913-3.48X2.73-300x300.jpg 300w, https:\/\/rughali.com\/wp-content\/uploads\/2026\/03\/A-57913-3.48X2.73-150x150.jpg 150w, https:\/\/rughali.com\/wp-content\/uploads\/2026\/03\/A-57913-3.48X2.73-100x100.jpg 100w\" sizes=\"(max-width: 300px) 100vw, 300px\" \/><h2 class=\"woocommerce-loop-product__title\">Serap\u0131 Desenli El Dokuma Y\u00fcn Hal\u0131<\/h2>\n\t<span class=\"price\"><span class=\"sale-price\"><del aria-hidden=\"true\"><span class=\"woocommerce-Price-amount amount\"><bdi>126,986.00&nbsp;<span class=\"woocommerce-Price-currencySymbol\">\u20ba<\/span><\/bdi><\/span><\/del> <span class=\"screen-reader-text\" data-no-translation=\"\" data-trp-gettext=\"\">Orijinal fiyat: 126,986.00&nbsp;\u20ba.<\/span><ins aria-hidden=\"true\"><span class=\"woocommerce-Price-amount amount\"><bdi>114,287.00&nbsp;<span class=\"woocommerce-Price-currencySymbol\">\u20ba<\/span><\/bdi><\/span><\/ins><span class=\"screen-reader-text\" data-no-translation=\"\" data-trp-gettext=\"\">\u015eu andaki fiyat: 114,287.00&nbsp;\u20ba.<\/span><\/span><\/span>\n<\/a><a href=\"\/tr\/wp-json\/wp\/v2\/pages\/7342?add-to-cart=7710\" aria-describedby=\"woocommerce_loop_add_to_cart_link_describedby_7710\" data-quantity=\"1\" class=\"button product_type_simple add_to_cart_button ajax_add_to_cart\" data-product_id=\"7710\" data-product_sku=\"\" aria-label=\"Sepete ekle: \u201cSerap\u0131 Design Handwoven Wool Rug\u201d\" rel=\"nofollow\" data-success_message=\"&quot;Serap\u0131 Design Handwoven Wool Rug&quot; sepetinize eklendi\" role=\"button\" data-no-translation=\"\" data-trp-gettext=\"\" data-no-translation-aria-label=\"\" data-no-translation-data-success_message=\"\">Sepete Ekle<\/a>\t<span id=\"woocommerce_loop_add_to_cart_link_describedby_7710\" class=\"screen-reader-text\">\n\t\t\t<\/span>\n<\/li>\n<li class=\"product type-product post-7713 status-publish instock product_cat-bedroom product_cat-choose-by-rug-hali-premium product_cat-kitchen product_cat-living-room product_cat-office product_cat-serapi product_cat-wool product_tag-afgan-el-dokuma-hali product_tag-afgan-halisi product_tag-afghan-rug product_tag-antik-gorunumlu-hali product_tag-artisan-rug product_tag-benzersiz-el-dokuma-hali product_tag-decorative-rug product_tag-dekoratif-hali product_tag-dogal-yun-hali product_tag-el-dokuma-hali product_tag-el-dokuma-yun-hali product_tag-el-yapimi-hali product_tag-el-yapimi-yun-hali product_tag-etnik-hali product_tag-geleneksel-hali product_tag-hali product_tag-handmade-rug product_tag-handwoven-rug product_tag-kaliteli-el-dokuma-hali product_tag-klasik-dekor-hali product_tag-klasik-hali product_tag-koleksiyon-halisi product_tag-koridor-halisi product_tag-luks-el-dokuma-hali product_tag-luks-hali product_tag-luxury-wool-rug product_tag-modern-dekor-hali product_tag-oriental-hali product_tag-oriental-rug product_tag-otantik-el-dokuma-hali product_tag-otantik-hali product_tag-oturma-odasi-halisi product_tag-ozel-tasarim-hali product_tag-salon-halisi product_tag-sanatsal-hali product_tag-sark-halisi product_tag-traditional-rug product_tag-tribal-rug product_tag-wool-rug product_tag-yatak-odasi-halisi product_tag-yun-hali has-post-thumbnail sale featured sold-individually taxable shipping-taxable purchasable product-type-simple\">\n\t<a href=\"https:\/\/rughali.com\/tr\/urun\/serapi-design-handwoven-wool-rug-2\/\" class=\"woocommerce-LoopProduct-link woocommerce-loop-product__link\">\n\t<span class=\"onsale\" data-shape=\"type-2\">SALE<\/span>\n\t<img decoding=\"async\" width=\"300\" height=\"300\" src=\"https:\/\/rughali.com\/wp-content\/uploads\/2026\/03\/A-58636-3.03X2.42-300x300.jpg\" class=\"attachment-woocommerce_thumbnail size-woocommerce_thumbnail\" alt=\"Serap\u0131 Design Handwoven Wool Rug\" srcset=\"https:\/\/rughali.com\/wp-content\/uploads\/2026\/03\/A-58636-3.03X2.42-300x300.jpg 300w, https:\/\/rughali.com\/wp-content\/uploads\/2026\/03\/A-58636-3.03X2.42-150x150.jpg 150w, https:\/\/rughali.com\/wp-content\/uploads\/2026\/03\/A-58636-3.03X2.42-100x100.jpg 100w\" sizes=\"(max-width: 300px) 100vw, 300px\" \/><h2 class=\"woocommerce-loop-product__title\">Serap\u0131 Desenli El Dokuma Y\u00fcn Hal\u0131<\/h2>\n\t<span class=\"price\"><span class=\"sale-price\"><del aria-hidden=\"true\"><span class=\"woocommerce-Price-amount amount\"><bdi>96,877.00&nbsp;<span class=\"woocommerce-Price-currencySymbol\">\u20ba<\/span><\/bdi><\/span><\/del> <span class=\"screen-reader-text\" data-no-translation=\"\" data-trp-gettext=\"\">Orijinal fiyat: 96,877.00&nbsp;\u20ba.<\/span><ins aria-hidden=\"true\"><span class=\"woocommerce-Price-amount amount\"><bdi>87,189.00&nbsp;<span class=\"woocommerce-Price-currencySymbol\">\u20ba<\/span><\/bdi><\/span><\/ins><span class=\"screen-reader-text\" data-no-translation=\"\" data-trp-gettext=\"\">\u015eu andaki fiyat: 87,189.00&nbsp;\u20ba.<\/span><\/span><\/span>\n<\/a><a href=\"\/tr\/wp-json\/wp\/v2\/pages\/7342?add-to-cart=7713\" aria-describedby=\"woocommerce_loop_add_to_cart_link_describedby_7713\" data-quantity=\"1\" class=\"button product_type_simple add_to_cart_button ajax_add_to_cart\" data-product_id=\"7713\" data-product_sku=\"\" aria-label=\"Sepete ekle: \u201cSerap\u0131 Design Handwoven Wool Rug\u201d\" rel=\"nofollow\" data-success_message=\"&quot;Serap\u0131 Design Handwoven Wool Rug&quot; sepetinize eklendi\" role=\"button\" data-no-translation=\"\" data-trp-gettext=\"\" data-no-translation-aria-label=\"\" data-no-translation-data-success_message=\"\">Sepete Ekle<\/a>\t<span id=\"woocommerce_loop_add_to_cart_link_describedby_7713\" class=\"screen-reader-text\">\n\t\t\t<\/span>\n<\/li>\n<li class=\"product type-product post-7717 status-publish instock product_cat-bedroom product_cat-choose-by-rug-hali-premium product_cat-kitchen product_cat-living-room product_cat-office product_cat-serapi product_cat-wool product_tag-afgan-el-dokuma-hali product_tag-afgan-halisi product_tag-afghan-rug product_tag-antik-gorunumlu-hali product_tag-artisan-rug product_tag-benzersiz-el-dokuma-hali product_tag-decorative-rug product_tag-dekoratif-hali product_tag-dogal-yun-hali product_tag-el-dokuma-hali product_tag-el-dokuma-yun-hali product_tag-el-yapimi-hali product_tag-el-yapimi-yun-hali product_tag-etnik-hali product_tag-geleneksel-hali product_tag-hali product_tag-handmade-rug product_tag-handwoven-rug product_tag-kaliteli-el-dokuma-hali product_tag-klasik-dekor-hali product_tag-klasik-hali product_tag-koleksiyon-halisi product_tag-koridor-halisi product_tag-luks-el-dokuma-hali product_tag-luks-hali product_tag-luxury-wool-rug product_tag-modern-dekor-hali product_tag-oriental-hali product_tag-oriental-rug product_tag-otantik-el-dokuma-hali product_tag-otantik-hali product_tag-oturma-odasi-halisi product_tag-ozel-tasarim-hali product_tag-salon-halisi product_tag-sanatsal-hali product_tag-sark-halisi product_tag-traditional-rug product_tag-tribal-rug product_tag-wool-rug product_tag-yatak-odasi-halisi product_tag-yun-hali has-post-thumbnail sale featured sold-individually taxable shipping-taxable purchasable product-type-simple\">\n\t<a href=\"https:\/\/rughali.com\/tr\/urun\/serapi-design-handwoven-wool-rug-3\/\" class=\"woocommerce-LoopProduct-link woocommerce-loop-product__link\">\n\t<span class=\"onsale\" data-shape=\"type-2\">SALE<\/span>\n\t<img decoding=\"async\" width=\"300\" height=\"300\" src=\"https:\/\/rughali.com\/wp-content\/uploads\/2026\/03\/B-52768-2.87X1.94_1-300x300.jpg\" class=\"attachment-woocommerce_thumbnail size-woocommerce_thumbnail\" alt=\"Serap\u0131 Design Handwoven Wool Rug\" srcset=\"https:\/\/rughali.com\/wp-content\/uploads\/2026\/03\/B-52768-2.87X1.94_1-300x300.jpg 300w, https:\/\/rughali.com\/wp-content\/uploads\/2026\/03\/B-52768-2.87X1.94_1-150x150.jpg 150w, https:\/\/rughali.com\/wp-content\/uploads\/2026\/03\/B-52768-2.87X1.94_1-100x100.jpg 100w\" sizes=\"(max-width: 300px) 100vw, 300px\" \/><h2 class=\"woocommerce-loop-product__title\">Serap\u0131 Desenli El Dokuma Y\u00fcn Hal\u0131<\/h2>\n\t<span class=\"price\"><span class=\"sale-price\"><del aria-hidden=\"true\"><span class=\"woocommerce-Price-amount amount\"><bdi>67,113.00&nbsp;<span class=\"woocommerce-Price-currencySymbol\">\u20ba<\/span><\/bdi><\/span><\/del> <span class=\"screen-reader-text\" data-no-translation=\"\" data-trp-gettext=\"\">Orijinal fiyat: 67,113.00&nbsp;\u20ba.<\/span><ins aria-hidden=\"true\"><span class=\"woocommerce-Price-amount amount\"><bdi>60,401.00&nbsp;<span class=\"woocommerce-Price-currencySymbol\">\u20ba<\/span><\/bdi><\/span><\/ins><span class=\"screen-reader-text\" data-no-translation=\"\" data-trp-gettext=\"\">\u015eu andaki fiyat: 60,401.00&nbsp;\u20ba.<\/span><\/span><\/span>\n<\/a><a href=\"\/tr\/wp-json\/wp\/v2\/pages\/7342?add-to-cart=7717\" aria-describedby=\"woocommerce_loop_add_to_cart_link_describedby_7717\" data-quantity=\"1\" class=\"button product_type_simple add_to_cart_button ajax_add_to_cart\" data-product_id=\"7717\" data-product_sku=\"\" aria-label=\"Sepete ekle: \u201cSerap\u0131 Design Handwoven Wool Rug\u201d\" rel=\"nofollow\" data-success_message=\"&quot;Serap\u0131 Design Handwoven Wool Rug&quot; sepetinize eklendi\" role=\"button\" data-no-translation=\"\" data-trp-gettext=\"\" data-no-translation-aria-label=\"\" data-no-translation-data-success_message=\"\">Sepete Ekle<\/a>\t<span id=\"woocommerce_loop_add_to_cart_link_describedby_7717\" class=\"screen-reader-text\">\n\t\t\t<\/span>\n<\/li>\n<\/ul>\n<\/div>","protected":false},"excerpt":{"rendered":"","protected":false},"author":1,"featured_media":0,"parent":0,"menu_order":0,"comment_status":"closed","ping_status":"closed","template":"","meta":{"_gspb_post_css":"","footnotes":""},"class_list":["post-7342","page","type-page","status-publish","hentry"],"blocksy_meta":[],"yoast_head":"<!-- This site is optimized with the Yoast SEO plugin v27.3 - https:\/\/yoast.com\/product\/yoast-seo-wordpress\/ -->\n<title>Serapi Rug - Rug Hal\u0131<\/title>\n<meta name=\"robots\" content=\"index, follow, max-snippet:-1, max-image-preview:large, max-video-preview:-1\" \/>\n<link rel=\"canonical\" href=\"https:\/\/rughali.com\/tr\/serapi-rug\/\" \/>\n<meta property=\"og:locale\" content=\"tr_TR\" \/>\n<meta property=\"og:type\" content=\"article\" \/>\n<meta property=\"og:title\" content=\"Serapi Rug - Rug Hal\u0131\" \/>\n<meta property=\"og:url\" content=\"https:\/\/rughali.com\/tr\/serapi-rug\/\" \/>\n<meta property=\"og:site_name\" content=\"Rug Hal\u0131\" \/>\n<meta name=\"twitter:card\" content=\"summary_large_image\" \/>\n<meta name=\"twitter:label1\" content=\"Tahmini okuma s\u00fcresi\" \/>\n\t<meta name=\"twitter:data1\" content=\"1 dakika\" \/>\n<script type=\"application\/ld+json\" class=\"yoast-schema-graph\">{\"@context\":\"https:\\\/\\\/schema.org\",\"@graph\":[{\"@type\":\"WebPage\",\"@id\":\"https:\\\/\\\/rughali.com\\\/serapi-rug\\\/\",\"url\":\"https:\\\/\\\/rughali.com\\\/serapi-rug\\\/\",\"name\":\"Serapi Rug - Rug Hal\u0131\",\"isPartOf\":{\"@id\":\"https:\\\/\\\/rughali.com\\\/#website\"},\"datePublished\":\"2025-10-19T19:06:44+00:00\",\"breadcrumb\":{\"@id\":\"https:\\\/\\\/rughali.com\\\/serapi-rug\\\/#breadcrumb\"},\"inLanguage\":\"tr\",\"potentialAction\":[{\"@type\":\"ReadAction\",\"target\":[\"https:\\\/\\\/rughali.com\\\/serapi-rug\\\/\"]}]},{\"@type\":\"BreadcrumbList\",\"@id\":\"https:\\\/\\\/rughali.com\\\/serapi-rug\\\/#breadcrumb\",\"itemListElement\":[{\"@type\":\"ListItem\",\"position\":1,\"name\":\"Home\",\"item\":\"https:\\\/\\\/rughali.com\\\/\"},{\"@type\":\"ListItem\",\"position\":2,\"name\":\"Serapi Rug\"}]},{\"@type\":\"WebSite\",\"@id\":\"https:\\\/\\\/rughali.com\\\/#website\",\"url\":\"https:\\\/\\\/rughali.com\\\/\",\"name\":\"Rug Hal\u0131\",\"description\":\"Handmade rugs\",\"publisher\":{\"@id\":\"https:\\\/\\\/rughali.com\\\/#organization\"},\"potentialAction\":[{\"@type\":\"SearchAction\",\"target\":{\"@type\":\"EntryPoint\",\"urlTemplate\":\"https:\\\/\\\/rughali.com\\\/?s={search_term_string}\"},\"query-input\":{\"@type\":\"PropertyValueSpecification\",\"valueRequired\":true,\"valueName\":\"search_term_string\"}}],\"inLanguage\":\"tr\"},{\"@type\":\"Organization\",\"@id\":\"https:\\\/\\\/rughali.com\\\/#organization\",\"name\":\"Rug Hal\u0131\",\"url\":\"https:\\\/\\\/rughali.com\\\/\",\"logo\":{\"@type\":\"ImageObject\",\"inLanguage\":\"tr\",\"@id\":\"https:\\\/\\\/rughali.com\\\/#\\\/schema\\\/logo\\\/image\\\/\",\"url\":\"https:\\\/\\\/rughali.com\\\/wp-content\\\/uploads\\\/2025\\\/10\\\/rug_hali_logo_transparent-1.png\",\"contentUrl\":\"https:\\\/\\\/rughali.com\\\/wp-content\\\/uploads\\\/2025\\\/10\\\/rug_hali_logo_transparent-1.png\",\"width\":736,\"height\":637,\"caption\":\"Rug Hal\u0131\"},\"image\":{\"@id\":\"https:\\\/\\\/rughali.com\\\/#\\\/schema\\\/logo\\\/image\\\/\"}}]}<\/script>\n<!-- \/ Yoast SEO plugin. -->","yoast_head_json":{"title":"Serapi Rug - Rug Hal\u0131","robots":{"index":"index","follow":"follow","max-snippet":"max-snippet:-1","max-image-preview":"max-image-preview:large","max-video-preview":"max-video-preview:-1"},"canonical":"https:\/\/rughali.com\/tr\/serapi-rug\/","og_locale":"tr_TR","og_type":"article","og_title":"Serapi Rug - Rug Hal\u0131","og_url":"https:\/\/rughali.com\/tr\/serapi-rug\/","og_site_name":"Rug Hal\u0131","twitter_card":"summary_large_image","twitter_misc":{"Tahmini okuma s\u00fcresi":"1 dakika"},"schema":{"@context":"https:\/\/schema.org","@graph":[{"@type":"WebPage","@id":"https:\/\/rughali.com\/serapi-rug\/","url":"https:\/\/rughali.com\/serapi-rug\/","name":"Serapi Rug - Rug Hal\u0131","isPartOf":{"@id":"https:\/\/rughali.com\/#website"},"datePublished":"2025-10-19T19:06:44+00:00","breadcrumb":{"@id":"https:\/\/rughali.com\/serapi-rug\/#breadcrumb"},"inLanguage":"tr","potentialAction":[{"@type":"ReadAction","target":["https:\/\/rughali.com\/serapi-rug\/"]}]},{"@type":"BreadcrumbList","@id":"https:\/\/rughali.com\/serapi-rug\/#breadcrumb","itemListElement":[{"@type":"ListItem","position":1,"name":"Home","item":"https:\/\/rughali.com\/"},{"@type":"ListItem","position":2,"name":"Serapi Rug"}]},{"@type":"WebSite","@id":"https:\/\/rughali.com\/#website","url":"https:\/\/rughali.com\/","name":"Rug Hal\u0131","description":"Handmade rugs","publisher":{"@id":"https:\/\/rughali.com\/#organization"},"potentialAction":[{"@type":"SearchAction","target":{"@type":"EntryPoint","urlTemplate":"https:\/\/rughali.com\/?s={search_term_string}"},"query-input":{"@type":"PropertyValueSpecification","valueRequired":true,"valueName":"search_term_string"}}],"inLanguage":"tr"},{"@type":"Organization","@id":"https:\/\/rughali.com\/#organization","name":"Rug Hal\u0131","url":"https:\/\/rughali.com\/","logo":{"@type":"ImageObject","inLanguage":"tr","@id":"https:\/\/rughali.com\/#\/schema\/logo\/image\/","url":"https:\/\/rughali.com\/wp-content\/uploads\/2025\/10\/rug_hali_logo_transparent-1.png","contentUrl":"https:\/\/rughali.com\/wp-content\/uploads\/2025\/10\/rug_hali_logo_transparent-1.png","width":736,"height":637,"caption":"Rug Hal\u0131"},"image":{"@id":"https:\/\/rughali.com\/#\/schema\/logo\/image\/"}}]}},"_hostinger_reach_plugin_has_subscription_block":false,"_hostinger_reach_plugin_is_elementor":false,"brizy_media":[],"_links":{"self":[{"href":"https:\/\/rughali.com\/tr\/wp-json\/wp\/v2\/pages\/7342","targetHints":{"allow":["GET"]}}],"collection":[{"href":"https:\/\/rughali.com\/tr\/wp-json\/wp\/v2\/pages"}],"about":[{"href":"https:\/\/rughali.com\/tr\/wp-json\/wp\/v2\/types\/page"}],"author":[{"embeddable":true,"href":"https:\/\/rughali.com\/tr\/wp-json\/wp\/v2\/users\/1"}],"replies":[{"embeddable":true,"href":"https:\/\/rughali.com\/tr\/wp-json\/wp\/v2\/comments?post=7342"}],"version-history":[{"count":1,"href":"https:\/\/rughali.com\/tr\/wp-json\/wp\/v2\/pages\/7342\/revisions"}],"predecessor-version":[{"id":7343,"href":"https:\/\/rughali.com\/tr\/wp-json\/wp\/v2\/pages\/7342\/revisions\/7343"}],"wp:attachment":[{"href":"https:\/\/rughali.com\/tr\/wp-json\/wp\/v2\/media?parent=7342"}],"curies":[{"name":"wp","href":"https:\/\/api.w.org\/{rel}","templated":true}]}}