{"id":7596,"date":"2026-03-09T20:17:56","date_gmt":"2026-03-09T20:17:56","guid":{"rendered":"https:\/\/rughali.com\/?post_type=product&#038;p=7596"},"modified":"2026-03-12T21:46:32","modified_gmt":"2026-03-12T21:46:32","slug":"handmade-afghan-buzak-wool-rug-traditional-animal-motif-carpet-2-45-x-1-68-m","status":"publish","type":"product","link":"https:\/\/rughali.com\/tr\/urun\/handmade-afghan-buzak-wool-rug-traditional-animal-motif-carpet-2-45-x-1-68-m\/","title":{"rendered":"El Yap\u0131m\u0131 Afgan Buzak Y\u00fcn\u00fc Hal\u0131 \u2013 Geleneksel Hayvan Desenli Hal\u0131 (2,45 \u00d7 1,68 m)"},"content":{"rendered":"<p data-start=\"314\" data-end=\"547\" class=\" translation-block\">Bu el yap\u0131m\u0131 Afgan Buzak hal\u0131, geleneksel zanaatk\u00e2rl\u0131k ve k\u00fclt\u00fcrel miras\u0131n zarif bir \u00f6rne\u011fidir. Y\u00fcksek kaliteli y\u00fcn kullan\u0131larak usta zanaatk\u00e2rlar taraf\u0131ndan \u00f6zenle dokunan hal\u0131, dayan\u0131kl\u0131l\u0131\u011f\u0131 \u00f6zg\u00fcn kabile tasar\u0131m\u0131yla birle\u015ftirir.<\/p>\n<p data-start=\"549\" data-end=\"881\" class=\" translation-block\">Hal\u0131, stilize edilmi\u015f hayvan ve \u00e7i\u00e7ek desenlerinin simetrik s\u0131ralarda yer ald\u0131\u011f\u0131 karakteristik Buzak motiflerini i\u00e7erir. Bu motifler, geleneksel g\u00f6\u00e7ebe sembolizmi \u00e7er\u00e7evesinde hayvanlar, bitkiler ve geometrik \u00f6\u011felerle koruma, do\u011fa ve pastoral ya\u015fam\u0131 temsil eder.<\/p>\n<p data-start=\"883\" data-end=\"1049\">Koyu zemin ve canl\u0131 \u00e7ok renkli detaylar\u0131 sayesinde bu hal\u0131, \u00e7arp\u0131c\u0131 bir kontrast yaratarak hem modern hem klasik i\u00e7 mekanlarda kullan\u0131labilir. <strong data-start=\"1012\" data-end=\"1048\">modern and traditional interiors<\/strong>.<\/p>\n<p data-start=\"1051\" data-end=\"1153\" class=\" translation-block\">Her hal\u0131 0 el yap\u0131m\u0131d\u0131r ve desen ile renklerdeki k\u00fc\u00e7\u00fck farkl\u0131l\u0131klar, her par\u00e7ay\u0131 benzersiz k\u0131lar.<\/p>","protected":false},"excerpt":{"rendered":"<p class=\" translation-block\">Bu el yap\u0131m\u0131 Afgan Buzak hal\u0131, y\u00fcksek kaliteli do\u011fal y\u00fcnden, usta zanaatk\u00e2rlar taraf\u0131ndan \u00f6zenle dokunmu\u015ftur. Koyu zemin \u00fczerinde geleneksel hayvan ve \u00e7i\u00e7ek motifleriyle \u00f6zg\u00fcn kabile tasar\u0131m\u0131n\u0131 dayan\u0131kl\u0131 i\u015f\u00e7ilikle birle\u015ftirir. 2,45 \u00d7 1,68 m boyutunda ve 35\u00d740 kalite \u00f6l\u00e7\u00fcs\u00fcne sahip bu hal\u0131, hem modern hem klasik i\u00e7 mekanlar i\u00e7in e\u015fsiz ve zarif bir par\u00e7ad\u0131r.<\/p>","protected":false},"featured_media":7597,"comment_status":"open","ping_status":"closed","template":"","meta":{"_gspb_post_css":""},"product_brand":[46],"product_cat":[42,79,43,45,39],"product_tag":[156,155,117,114,161,120,123,173,115,129,167,149,146,159,147,162,152,151,145,118,61,126,171,169,153,175,166,170,154,176,168,157,94,160,150,164,172,163,174,158,119,116,87,165,148],"class_list":{"0":"post-7596","1":"product","2":"type-product","3":"status-publish","4":"has-post-thumbnail","6":"product_brand-rug-hali","7":"product_cat-bedroom","8":"product_cat-buzak","9":"product_cat-living-room","10":"product_cat-office","11":"product_cat-wool","12":"product_tag-afgan-el-dokuma-hali","13":"product_tag-afgan-halisi","14":"product_tag-afghan-carpet","15":"product_tag-afghan-rug","16":"product_tag-antik-gorunumlu-hali","17":"product_tag-artisan-carpet","18":"product_tag-artisan-rug","19":"product_tag-benzersiz-el-dokuma-hali","20":"product_tag-buzak-rug","21":"product_tag-decorative-rug","22":"product_tag-dekoratif-hali","23":"product_tag-dogal-yun-hali","24":"product_tag-el-dokuma-hali","25":"product_tag-el-dokuma-yun-hali","26":"product_tag-el-yapimi-hali","27":"product_tag-el-yapimi-yun-hali","28":"product_tag-etnik-hali","29":"product_tag-geleneksel-hali","30":"product_tag-hali","31":"product_tag-hand-knotted-rug","32":"product_tag-handmade-rug","33":"product_tag-handwoven-rug","34":"product_tag-kaliteli-el-dokuma-hali","35":"product_tag-klasik-dekor-hali","36":"product_tag-klasik-hali","37":"product_tag-koleksiyon-halisi","38":"product_tag-koridor-halisi","39":"product_tag-luks-el-dokuma-hali","40":"product_tag-luks-hali","41":"product_tag-luxury-wool-rug","42":"product_tag-modern-dekor-hali","43":"product_tag-oriental-hali","44":"product_tag-oriental-rug","45":"product_tag-otantik-el-dokuma-hali","46":"product_tag-otantik-hali","47":"product_tag-oturma-odasi-halisi","48":"product_tag-ozel-tasarim-hali","49":"product_tag-salon-halisi","50":"product_tag-sanatsal-hali","51":"product_tag-sark-halisi","52":"product_tag-traditional-rug","53":"product_tag-tribal-rug","54":"product_tag-wool-rug","55":"product_tag-yatak-odasi-halisi","56":"product_tag-yun-hali","58":"first","59":"instock","60":"sale","61":"featured","62":"taxable","63":"shipping-taxable","64":"purchasable","65":"product-type-simple"},"yoast_head":"<!-- This site is optimized with the Yoast SEO plugin v27.5 - https:\/\/yoast.com\/product\/yoast-seo-wordpress\/ -->\n<title>Handmade Afghan Buzak Wool Rug \u2013 Traditional Animal Motif Carpet (2.45 \u00d7 1.68 m) - Rug Hal\u0131<\/title>\n<meta name=\"description\" content=\"Experience the rich heritage of craftsmanship with our handmade knotted rugs. This stunning Buzak rug adds character to any space!\" \/>\n<meta name=\"robots\" content=\"index, follow, max-snippet:-1, max-image-preview:large, max-video-preview:-1\" \/>\n<link rel=\"canonical\" href=\"https:\/\/rughali.com\/tr\/urun\/handmade-afghan-buzak-wool-rug-traditional-animal-motif-carpet-2-45-x-1-68-m\/\" \/>\n<meta property=\"og:locale\" content=\"tr_TR\" \/>\n<meta property=\"og:type\" content=\"article\" \/>\n<meta property=\"og:title\" content=\"Handmade Afghan Buzak Wool Rug \u2013 Traditional Animal Motif Carpet (2.45 \u00d7 1.68 m) - Rug Hal\u0131\" \/>\n<meta property=\"og:description\" content=\"Experience the rich heritage of craftsmanship with our handmade knotted rugs. This stunning Buzak rug adds character to any space!\" \/>\n<meta property=\"og:url\" content=\"https:\/\/rughali.com\/tr\/urun\/handmade-afghan-buzak-wool-rug-traditional-animal-motif-carpet-2-45-x-1-68-m\/\" \/>\n<meta property=\"og:site_name\" content=\"Rug Hal\u0131\" \/>\n<meta property=\"article:modified_time\" content=\"2026-03-12T21:46:32+00:00\" \/>\n<meta property=\"og:image\" content=\"https:\/\/rughali.com\/wp-content\/uploads\/2026\/03\/1-50101-2.45X1.68-scaled.jpg\" \/>\n\t<meta property=\"og:image:width\" content=\"1770\" \/>\n\t<meta property=\"og:image:height\" content=\"2560\" \/>\n\t<meta property=\"og:image:type\" content=\"image\/jpeg\" \/>\n<meta name=\"twitter:card\" content=\"summary_large_image\" \/>\n<meta name=\"twitter:label1\" content=\"Tahmini okuma s\u00fcresi\" \/>\n\t<meta name=\"twitter:data1\" content=\"1 dakika\" \/>\n<script type=\"application\/ld+json\" class=\"yoast-schema-graph\">{\"@context\":\"https:\\\/\\\/schema.org\",\"@graph\":[{\"@type\":\"WebPage\",\"@id\":\"https:\\\/\\\/rughali.com\\\/product\\\/handmade-afghan-buzak-wool-rug-traditional-animal-motif-carpet-2-45-x-1-68-m\\\/\",\"url\":\"https:\\\/\\\/rughali.com\\\/product\\\/handmade-afghan-buzak-wool-rug-traditional-animal-motif-carpet-2-45-x-1-68-m\\\/\",\"name\":\"Handmade Afghan Buzak Wool Rug \u2013 Traditional Animal Motif Carpet (2.45 \u00d7 1.68 m) - Rug Hal\u0131\",\"isPartOf\":{\"@id\":\"https:\\\/\\\/rughali.com\\\/#website\"},\"primaryImageOfPage\":{\"@id\":\"https:\\\/\\\/rughali.com\\\/product\\\/handmade-afghan-buzak-wool-rug-traditional-animal-motif-carpet-2-45-x-1-68-m\\\/#primaryimage\"},\"image\":{\"@id\":\"https:\\\/\\\/rughali.com\\\/product\\\/handmade-afghan-buzak-wool-rug-traditional-animal-motif-carpet-2-45-x-1-68-m\\\/#primaryimage\"},\"thumbnailUrl\":\"https:\\\/\\\/rughali.com\\\/wp-content\\\/uploads\\\/2026\\\/03\\\/1-50101-2.45X1.68-scaled.jpg\",\"datePublished\":\"2026-03-09T20:17:56+00:00\",\"dateModified\":\"2026-03-12T21:46:32+00:00\",\"description\":\"Experience the rich heritage of craftsmanship with our handmade knotted rugs. This stunning Buzak rug adds character to any space!\",\"breadcrumb\":{\"@id\":\"https:\\\/\\\/rughali.com\\\/product\\\/handmade-afghan-buzak-wool-rug-traditional-animal-motif-carpet-2-45-x-1-68-m\\\/#breadcrumb\"},\"inLanguage\":\"tr\",\"potentialAction\":[{\"@type\":\"ReadAction\",\"target\":[\"https:\\\/\\\/rughali.com\\\/product\\\/handmade-afghan-buzak-wool-rug-traditional-animal-motif-carpet-2-45-x-1-68-m\\\/\"]}]},{\"@type\":\"ImageObject\",\"inLanguage\":\"tr\",\"@id\":\"https:\\\/\\\/rughali.com\\\/product\\\/handmade-afghan-buzak-wool-rug-traditional-animal-motif-carpet-2-45-x-1-68-m\\\/#primaryimage\",\"url\":\"https:\\\/\\\/rughali.com\\\/wp-content\\\/uploads\\\/2026\\\/03\\\/1-50101-2.45X1.68-scaled.jpg\",\"contentUrl\":\"https:\\\/\\\/rughali.com\\\/wp-content\\\/uploads\\\/2026\\\/03\\\/1-50101-2.45X1.68-scaled.jpg\",\"width\":1770,\"height\":2560},{\"@type\":\"BreadcrumbList\",\"@id\":\"https:\\\/\\\/rughali.com\\\/product\\\/handmade-afghan-buzak-wool-rug-traditional-animal-motif-carpet-2-45-x-1-68-m\\\/#breadcrumb\",\"itemListElement\":[{\"@type\":\"ListItem\",\"position\":1,\"name\":\"Home\",\"item\":\"https:\\\/\\\/rughali.com\\\/\"},{\"@type\":\"ListItem\",\"position\":2,\"name\":\"Every Rug Tells a Story\",\"item\":\"https:\\\/\\\/rughali.com\\\/shop\\\/\"},{\"@type\":\"ListItem\",\"position\":3,\"name\":\"Handmade Afghan Buzak Wool Rug \u2013 Traditional Animal Motif Carpet (2.45 \u00d7 1.68 m)\"}]},{\"@type\":\"WebSite\",\"@id\":\"https:\\\/\\\/rughali.com\\\/#website\",\"url\":\"https:\\\/\\\/rughali.com\\\/\",\"name\":\"Rug Hal\u0131\",\"description\":\"Handmade rugs\",\"publisher\":{\"@id\":\"https:\\\/\\\/rughali.com\\\/#organization\"},\"potentialAction\":[{\"@type\":\"SearchAction\",\"target\":{\"@type\":\"EntryPoint\",\"urlTemplate\":\"https:\\\/\\\/rughali.com\\\/?s={search_term_string}\"},\"query-input\":{\"@type\":\"PropertyValueSpecification\",\"valueRequired\":true,\"valueName\":\"search_term_string\"}}],\"inLanguage\":\"tr\"},{\"@type\":\"Organization\",\"@id\":\"https:\\\/\\\/rughali.com\\\/#organization\",\"name\":\"Rug Hal\u0131\",\"url\":\"https:\\\/\\\/rughali.com\\\/\",\"logo\":{\"@type\":\"ImageObject\",\"inLanguage\":\"tr\",\"@id\":\"https:\\\/\\\/rughali.com\\\/#\\\/schema\\\/logo\\\/image\\\/\",\"url\":\"https:\\\/\\\/rughali.com\\\/wp-content\\\/uploads\\\/2025\\\/10\\\/rug_hali_logo_transparent-1.png\",\"contentUrl\":\"https:\\\/\\\/rughali.com\\\/wp-content\\\/uploads\\\/2025\\\/10\\\/rug_hali_logo_transparent-1.png\",\"width\":736,\"height\":637,\"caption\":\"Rug Hal\u0131\"},\"image\":{\"@id\":\"https:\\\/\\\/rughali.com\\\/#\\\/schema\\\/logo\\\/image\\\/\"}}]}<\/script>\n<!-- \/ Yoast SEO plugin. -->","yoast_head_json":{"title":"Handmade Afghan Buzak Wool Rug \u2013 Traditional Animal Motif Carpet (2.45 \u00d7 1.68 m) - Rug Hal\u0131","description":"Experience the rich heritage of craftsmanship with our handmade knotted rugs. This stunning Buzak rug adds character to any space!","robots":{"index":"index","follow":"follow","max-snippet":"max-snippet:-1","max-image-preview":"max-image-preview:large","max-video-preview":"max-video-preview:-1"},"canonical":"https:\/\/rughali.com\/tr\/urun\/handmade-afghan-buzak-wool-rug-traditional-animal-motif-carpet-2-45-x-1-68-m\/","og_locale":"tr_TR","og_type":"article","og_title":"Handmade Afghan Buzak Wool Rug \u2013 Traditional Animal Motif Carpet (2.45 \u00d7 1.68 m) - Rug Hal\u0131","og_description":"Experience the rich heritage of craftsmanship with our handmade knotted rugs. This stunning Buzak rug adds character to any space!","og_url":"https:\/\/rughali.com\/tr\/urun\/handmade-afghan-buzak-wool-rug-traditional-animal-motif-carpet-2-45-x-1-68-m\/","og_site_name":"Rug Hal\u0131","article_modified_time":"2026-03-12T21:46:32+00:00","og_image":[{"width":1770,"height":2560,"url":"https:\/\/rughali.com\/wp-content\/uploads\/2026\/03\/1-50101-2.45X1.68-scaled.jpg","type":"image\/jpeg"}],"twitter_card":"summary_large_image","twitter_misc":{"Tahmini okuma s\u00fcresi":"1 dakika"},"schema":{"@context":"https:\/\/schema.org","@graph":[{"@type":"WebPage","@id":"https:\/\/rughali.com\/product\/handmade-afghan-buzak-wool-rug-traditional-animal-motif-carpet-2-45-x-1-68-m\/","url":"https:\/\/rughali.com\/product\/handmade-afghan-buzak-wool-rug-traditional-animal-motif-carpet-2-45-x-1-68-m\/","name":"Handmade Afghan Buzak Wool Rug \u2013 Traditional Animal Motif Carpet (2.45 \u00d7 1.68 m) - Rug Hal\u0131","isPartOf":{"@id":"https:\/\/rughali.com\/#website"},"primaryImageOfPage":{"@id":"https:\/\/rughali.com\/product\/handmade-afghan-buzak-wool-rug-traditional-animal-motif-carpet-2-45-x-1-68-m\/#primaryimage"},"image":{"@id":"https:\/\/rughali.com\/product\/handmade-afghan-buzak-wool-rug-traditional-animal-motif-carpet-2-45-x-1-68-m\/#primaryimage"},"thumbnailUrl":"https:\/\/rughali.com\/wp-content\/uploads\/2026\/03\/1-50101-2.45X1.68-scaled.jpg","datePublished":"2026-03-09T20:17:56+00:00","dateModified":"2026-03-12T21:46:32+00:00","description":"Experience the rich heritage of craftsmanship with our handmade knotted rugs. This stunning Buzak rug adds character to any space!","breadcrumb":{"@id":"https:\/\/rughali.com\/product\/handmade-afghan-buzak-wool-rug-traditional-animal-motif-carpet-2-45-x-1-68-m\/#breadcrumb"},"inLanguage":"tr","potentialAction":[{"@type":"ReadAction","target":["https:\/\/rughali.com\/product\/handmade-afghan-buzak-wool-rug-traditional-animal-motif-carpet-2-45-x-1-68-m\/"]}]},{"@type":"ImageObject","inLanguage":"tr","@id":"https:\/\/rughali.com\/product\/handmade-afghan-buzak-wool-rug-traditional-animal-motif-carpet-2-45-x-1-68-m\/#primaryimage","url":"https:\/\/rughali.com\/wp-content\/uploads\/2026\/03\/1-50101-2.45X1.68-scaled.jpg","contentUrl":"https:\/\/rughali.com\/wp-content\/uploads\/2026\/03\/1-50101-2.45X1.68-scaled.jpg","width":1770,"height":2560},{"@type":"BreadcrumbList","@id":"https:\/\/rughali.com\/product\/handmade-afghan-buzak-wool-rug-traditional-animal-motif-carpet-2-45-x-1-68-m\/#breadcrumb","itemListElement":[{"@type":"ListItem","position":1,"name":"Home","item":"https:\/\/rughali.com\/"},{"@type":"ListItem","position":2,"name":"Every Rug Tells a Story","item":"https:\/\/rughali.com\/shop\/"},{"@type":"ListItem","position":3,"name":"Handmade Afghan Buzak Wool Rug \u2013 Traditional Animal Motif Carpet (2.45 \u00d7 1.68 m)"}]},{"@type":"WebSite","@id":"https:\/\/rughali.com\/#website","url":"https:\/\/rughali.com\/","name":"Rug Hal\u0131","description":"Handmade rugs","publisher":{"@id":"https:\/\/rughali.com\/#organization"},"potentialAction":[{"@type":"SearchAction","target":{"@type":"EntryPoint","urlTemplate":"https:\/\/rughali.com\/?s={search_term_string}"},"query-input":{"@type":"PropertyValueSpecification","valueRequired":true,"valueName":"search_term_string"}}],"inLanguage":"tr"},{"@type":"Organization","@id":"https:\/\/rughali.com\/#organization","name":"Rug Hal\u0131","url":"https:\/\/rughali.com\/","logo":{"@type":"ImageObject","inLanguage":"tr","@id":"https:\/\/rughali.com\/#\/schema\/logo\/image\/","url":"https:\/\/rughali.com\/wp-content\/uploads\/2025\/10\/rug_hali_logo_transparent-1.png","contentUrl":"https:\/\/rughali.com\/wp-content\/uploads\/2025\/10\/rug_hali_logo_transparent-1.png","width":736,"height":637,"caption":"Rug Hal\u0131"},"image":{"@id":"https:\/\/rughali.com\/#\/schema\/logo\/image\/"}}]}},"_links":{"self":[{"href":"https:\/\/rughali.com\/tr\/wp-json\/wp\/v2\/product\/7596","targetHints":{"allow":["GET"]}}],"collection":[{"href":"https:\/\/rughali.com\/tr\/wp-json\/wp\/v2\/product"}],"about":[{"href":"https:\/\/rughali.com\/tr\/wp-json\/wp\/v2\/types\/product"}],"replies":[{"embeddable":true,"href":"https:\/\/rughali.com\/tr\/wp-json\/wp\/v2\/comments?post=7596"}],"wp:featuredmedia":[{"embeddable":true,"href":"https:\/\/rughali.com\/tr\/wp-json\/wp\/v2\/media\/7597"}],"wp:attachment":[{"href":"https:\/\/rughali.com\/tr\/wp-json\/wp\/v2\/media?parent=7596"}],"wp:term":[{"taxonomy":"product_brand","embeddable":true,"href":"https:\/\/rughali.com\/tr\/wp-json\/wp\/v2\/product_brand?post=7596"},{"taxonomy":"product_cat","embeddable":true,"href":"https:\/\/rughali.com\/tr\/wp-json\/wp\/v2\/product_cat?post=7596"},{"taxonomy":"product_tag","embeddable":true,"href":"https:\/\/rughali.com\/tr\/wp-json\/wp\/v2\/product_tag?post=7596"}],"curies":[{"name":"wp","href":"https:\/\/api.w.org\/{rel}","templated":true}]}}