{"id":7608,"date":"2026-03-09T20:43:48","date_gmt":"2026-03-09T20:43:48","guid":{"rendered":"https:\/\/rughali.com\/?post_type=product&#038;p=7608"},"modified":"2026-03-12T21:46:32","modified_gmt":"2026-03-12T21:46:32","slug":"handmade-afghan-khurjin-wool-rug-tribal-striped-carpet-2-45-x-1-70-m","status":"publish","type":"product","link":"https:\/\/rughali.com\/tr\/urun\/handmade-afghan-khurjin-wool-rug-tribal-striped-carpet-2-45-x-1-70-m\/","title":{"rendered":"El Yap\u0131m\u0131 Afgan Khurjin Y\u00fcn\u00fc Hal\u0131 \u2013 Kabile \u015eerit Desenli Hal\u0131 (2,45 \u00d7 1,70 m)"},"content":{"rendered":"<p data-start=\"24\" data-end=\"358\" class=\" translation-block\">Bu el yap\u0131m\u0131 Afgan Khurjin hal\u0131, usta Afgan zanaatk\u00e2rlar taraf\u0131ndan 0 do\u011fal, y\u00fcksek kaliteli y\u00fcn kullan\u0131larak \u00f6zenle dokunmu\u015f bir geleneksel ba\u015fyap\u0131tt\u0131r. Dayan\u0131kl\u0131l\u0131\u011f\u0131 ve \u00f6zg\u00fcn kabile esteti\u011fi ile, Afgan dokuma topluluklar\u0131nda nesiller boyu aktar\u0131lan geleneksel dokuma sanat\u0131n\u0131 temsil eder.<\/p>\n<p data-start=\"360\" data-end=\"662\" class=\" translation-block\">Tasar\u0131m, geleneksel g\u00f6\u00e7ebe semer motiflerinden ilham alan karakteristik Khurjin kabile desenleri ve renkli yatay \u015feritleri i\u00e7erir. Geometrik desenler ve zengin toprak tonlar\u0131, hem modern hem klasik i\u00e7 mekanlara uyum sa\u011flayan s\u0131cak ve canl\u0131 bir estetik sunar.<\/p>\n<p data-start=\"664\" data-end=\"958\" class=\" translation-block\">35\u00d740 kalite dokuma yap\u0131s\u0131na sahip bu hal\u0131, yo\u011funluk ve dayan\u0131kl\u0131l\u0131\u011f\u0131 bir arada sunar. Do\u011fal y\u00fcn lifleri aya\u011f\u0131n alt\u0131nda yumu\u015fakl\u0131k sa\u011flarken, uzun \u00f6m\u00fcrl\u00fc kullan\u0131m imk\u00e2n\u0131 verir. Oturma odalar\u0131, ofisler, galeriler, oteller veya \u00f6zg\u00fcn el yap\u0131m\u0131 hal\u0131 koleksiyonlar\u0131 i\u00e7in uygundur.<\/p>\n<p data-start=\"960\" data-end=\"1160\" class=\" translation-block\">Her hal\u0131 tamamen el yap\u0131m\u0131d\u0131r ve desen ile renklerdeki k\u00fc\u00e7\u00fck farkl\u0131l\u0131klar, her par\u00e7ay\u0131 e\u015fsiz bir sanat eseri ve mek\u00e2n\u0131n\u0131za de\u011fer katan \u00f6zel bir par\u00e7a h\u00e2line getirir.<\/p>\n<h3 data-start=\"1162\" data-end=\"1186\">Bu Hal\u0131y\u0131 Neden Tercih Etmelisiniz?<\/h3>\n<ul data-start=\"1188\" data-end=\"1473\">\n<li data-start=\"1188\" data-end=\"1232\">\n<p data-start=\"1190\" data-end=\"1232\">\u2714 <strong data-start=\"1192\" data-end=\"1230\">\u00d6zg\u00fcn Afgan El Sanat\u0131 (0 El Yap\u0131m\u0131)<\/strong><\/p>\n<\/li>\n<li data-start=\"1233\" data-end=\"1273\">\n<p data-start=\"1235\" data-end=\"1273\" class=\" translation-block\">Y\u00fcksek Kaliteli Do\u011fal Y\u00fcnden \u00dcretilmi\u015ftir<\/p>\n<\/li>\n<li data-start=\"1274\" data-end=\"1317\">\n<p data-start=\"1276\" data-end=\"1317\">\u2714 Traditional <strong data-start=\"1290\" data-end=\"1315\">Khurjin tribal design<\/strong><\/p>\n<\/li>\n<li data-start=\"1318\" data-end=\"1355\">\n<p data-start=\"1320\" data-end=\"1355\" class=\" translation-block\">Sa\u011flam 35\u00d740 Dokuma Kalitesi<\/p>\n<\/li>\n<li data-start=\"1356\" data-end=\"1406\">\n<p data-start=\"1358\" data-end=\"1406\" class=\" translation-block\">Tek ve \u00d6zel \u2013 Her Hal\u0131 Farkl\u0131d\u0131r<\/p>\n<\/li>\n<li data-start=\"1407\" data-end=\"1473\">\n<p data-start=\"1409\" data-end=\"1473\" class=\" translation-block\">Ev dekorasyonu, ofisler, showroomlar ve koleksiyoncular i\u00e7in m\u00fckemmeldir<\/p>\n<\/li>\n<\/ul>\n<h3 data-start=\"1475\" data-end=\"1493\">\u00dcr\u00fcn \u00d6zellikleri<\/h3>\n<ul data-start=\"1495\" data-end=\"1706\">\n<li data-start=\"1495\" data-end=\"1522\">\n<p data-start=\"1497\" data-end=\"1522\"><strong data-start=\"1497\" data-end=\"1508\">Origin:<\/strong> Afganistan<\/p>\n<\/li>\n<li data-start=\"1523\" data-end=\"1548\">\n<p data-start=\"1525\" data-end=\"1548\"><strong data-start=\"1525\" data-end=\"1534\">Type:<\/strong> Khurjin Rug<\/p>\n<\/li>\n<li data-start=\"1549\" data-end=\"1584\">\n<p data-start=\"1551\" data-end=\"1584\"><strong data-start=\"1551\" data-end=\"1564\">Malzeme:<\/strong> 100% Do\u011fal Y\u00fcn<\/p>\n<\/li>\n<li data-start=\"1585\" data-end=\"1630\">\n<p data-start=\"1587\" data-end=\"1630\"><strong data-start=\"1587\" data-end=\"1604\">Construction:<\/strong> Hand Knotted \/ Handmade<\/p>\n<\/li>\n<li data-start=\"1631\" data-end=\"1655\">\n<p data-start=\"1633\" data-end=\"1655\"><strong data-start=\"1633\" data-end=\"1645\">Quality:<\/strong> 35 \u00d7 40<\/p>\n<\/li>\n<li data-start=\"1656\" data-end=\"1683\">\n<p data-start=\"1658\" data-end=\"1683\"><strong data-start=\"1658\" data-end=\"1667\">Boyut:<\/strong> 2.45 \u00d7 1.70 m<\/p>\n<\/li>\n<li data-start=\"1684\" data-end=\"1706\">\n<p data-start=\"1686\" data-end=\"1706\"><strong data-start=\"1686\" data-end=\"1700\">Condition:<\/strong> New<\/p>\n<\/li>\n<\/ul>\n<p data-start=\"1708\" data-end=\"1810\" data-is-last-node=\"\" data-is-only-node=\"\">\u2728 <strong data-start=\"1710\" data-end=\"1810\" data-is-last-node=\"\">.<\/strong><\/p>","protected":false},"excerpt":{"rendered":"<p class=\" translation-block\">Bu el yap\u0131m\u0131 Afgan Khurjin hal\u0131, y\u00fcksek kaliteli do\u011fal y\u00fcnden usta zanaatk\u00e2rlar taraf\u0131ndan dokunmu\u015ftur. Geleneksel kabile \u015ferit desenleri ve canl\u0131 renkleriyle \u00f6zg\u00fcn Afgan zanaatk\u00e2rl\u0131\u011f\u0131n\u0131 yans\u0131t\u0131r. 35\u00d740 kalite \u00f6l\u00e7\u00fcs\u00fcnde ve 2,45 \u00d7 1,70 m boyutundaki bu dayan\u0131kl\u0131 ve zarif hal\u0131, hem modern hem klasik i\u00e7 mekanlar i\u00e7in uygundur.<\/p>","protected":false},"featured_media":7609,"comment_status":"open","ping_status":"closed","template":"","meta":{"_gspb_post_css":""},"product_brand":[46],"product_cat":[42,40,108,44,43,45,77,39],"product_tag":[156,155,117,114,161,123,173,129,167,149,146,159,147,162,152,151,145,118,61,126,57,171,121,55,169,153,175,166,170,154,176,168,157,94,160,150,164,172,163,174,158,122,119,116,87,165,148],"class_list":{"0":"post-7608","1":"product","2":"type-product","3":"status-publish","4":"has-post-thumbnail","6":"product_brand-rug-hali","7":"product_cat-bedroom","8":"product_cat-choose-by-rug-hali-premium","9":"product_cat-entrance","10":"product_cat-kitchen","11":"product_cat-living-room","12":"product_cat-office","13":"product_cat-sultani","14":"product_cat-wool","15":"product_tag-afgan-el-dokuma-hali","16":"product_tag-afgan-halisi","17":"product_tag-afghan-carpet","18":"product_tag-afghan-rug","19":"product_tag-antik-gorunumlu-hali","20":"product_tag-artisan-rug","21":"product_tag-benzersiz-el-dokuma-hali","22":"product_tag-decorative-rug","23":"product_tag-dekoratif-hali","24":"product_tag-dogal-yun-hali","25":"product_tag-el-dokuma-hali","26":"product_tag-el-dokuma-yun-hali","27":"product_tag-el-yapimi-hali","28":"product_tag-el-yapimi-yun-hali","29":"product_tag-etnik-hali","30":"product_tag-geleneksel-hali","31":"product_tag-hali","32":"product_tag-hand-knotted-rug","33":"product_tag-handmade-rug","34":"product_tag-handwoven-rug","35":"product_tag-home-decor","36":"product_tag-kaliteli-el-dokuma-hali","37":"product_tag-khurjin-rug","38":"product_tag-kilim-rug","39":"product_tag-klasik-dekor-hali","40":"product_tag-klasik-hali","41":"product_tag-koleksiyon-halisi","42":"product_tag-koridor-halisi","43":"product_tag-luks-el-dokuma-hali","44":"product_tag-luks-hali","45":"product_tag-luxury-wool-rug","46":"product_tag-modern-dekor-hali","47":"product_tag-oriental-hali","48":"product_tag-oriental-rug","49":"product_tag-otantik-el-dokuma-hali","50":"product_tag-otantik-hali","51":"product_tag-oturma-odasi-halisi","52":"product_tag-ozel-tasarim-hali","53":"product_tag-salon-halisi","54":"product_tag-sanatsal-hali","55":"product_tag-sark-halisi","56":"product_tag-traditional-carpet","57":"product_tag-traditional-rug","58":"product_tag-tribal-rug","59":"product_tag-wool-rug","60":"product_tag-yatak-odasi-halisi","61":"product_tag-yun-hali","63":"first","64":"instock","65":"sale","66":"featured","67":"taxable","68":"shipping-taxable","69":"purchasable","70":"product-type-simple"},"yoast_head":"<!-- This site is optimized with the Yoast SEO plugin v27.5 - https:\/\/yoast.com\/product\/yoast-seo-wordpress\/ -->\n<title>Handmade Afghan Khurjin Wool Rug \u2013 Tribal Striped Carpet (2.45 \u00d7 1.70 m) - Rug Hal\u0131<\/title>\n<meta name=\"description\" content=\"Discover the beauty of our handmade oriental rugs, featuring authentic Khurjin tribal patterns. Enhance your home d\u00e9cor with tradition today!\" \/>\n<meta name=\"robots\" content=\"index, follow, max-snippet:-1, max-image-preview:large, max-video-preview:-1\" \/>\n<link rel=\"canonical\" href=\"https:\/\/rughali.com\/tr\/urun\/handmade-afghan-khurjin-wool-rug-tribal-striped-carpet-2-45-x-1-70-m\/\" \/>\n<meta property=\"og:locale\" content=\"tr_TR\" \/>\n<meta property=\"og:type\" content=\"article\" \/>\n<meta property=\"og:title\" content=\"Handmade Afghan Khurjin Wool Rug \u2013 Tribal Striped Carpet (2.45 \u00d7 1.70 m) - Rug Hal\u0131\" \/>\n<meta property=\"og:description\" content=\"Discover the beauty of our handmade oriental rugs, featuring authentic Khurjin tribal patterns. Enhance your home d\u00e9cor with tradition today!\" \/>\n<meta property=\"og:url\" content=\"https:\/\/rughali.com\/tr\/urun\/handmade-afghan-khurjin-wool-rug-tribal-striped-carpet-2-45-x-1-70-m\/\" \/>\n<meta property=\"og:site_name\" content=\"Rug Hal\u0131\" \/>\n<meta property=\"article:modified_time\" content=\"2026-03-12T21:46:32+00:00\" \/>\n<meta property=\"og:image\" content=\"https:\/\/rughali.com\/wp-content\/uploads\/2026\/03\/A-49041-2.45X1.70-scaled.jpg\" \/>\n\t<meta property=\"og:image:width\" content=\"1758\" \/>\n\t<meta property=\"og:image:height\" content=\"2560\" \/>\n\t<meta property=\"og:image:type\" content=\"image\/jpeg\" \/>\n<meta name=\"twitter:card\" content=\"summary_large_image\" \/>\n<meta name=\"twitter:label1\" content=\"Tahmini okuma s\u00fcresi\" \/>\n\t<meta name=\"twitter:data1\" content=\"2 dakika\" \/>\n<script type=\"application\/ld+json\" class=\"yoast-schema-graph\">{\"@context\":\"https:\\\/\\\/schema.org\",\"@graph\":[{\"@type\":\"WebPage\",\"@id\":\"https:\\\/\\\/rughali.com\\\/product\\\/handmade-afghan-khurjin-wool-rug-tribal-striped-carpet-2-45-x-1-70-m\\\/\",\"url\":\"https:\\\/\\\/rughali.com\\\/product\\\/handmade-afghan-khurjin-wool-rug-tribal-striped-carpet-2-45-x-1-70-m\\\/\",\"name\":\"Handmade Afghan Khurjin Wool Rug \u2013 Tribal Striped Carpet (2.45 \u00d7 1.70 m) - Rug Hal\u0131\",\"isPartOf\":{\"@id\":\"https:\\\/\\\/rughali.com\\\/#website\"},\"primaryImageOfPage\":{\"@id\":\"https:\\\/\\\/rughali.com\\\/product\\\/handmade-afghan-khurjin-wool-rug-tribal-striped-carpet-2-45-x-1-70-m\\\/#primaryimage\"},\"image\":{\"@id\":\"https:\\\/\\\/rughali.com\\\/product\\\/handmade-afghan-khurjin-wool-rug-tribal-striped-carpet-2-45-x-1-70-m\\\/#primaryimage\"},\"thumbnailUrl\":\"https:\\\/\\\/rughali.com\\\/wp-content\\\/uploads\\\/2026\\\/03\\\/A-49041-2.45X1.70-scaled.jpg\",\"datePublished\":\"2026-03-09T20:43:48+00:00\",\"dateModified\":\"2026-03-12T21:46:32+00:00\",\"description\":\"Discover the beauty of our handmade oriental rugs, featuring authentic Khurjin tribal patterns. Enhance your home d\u00e9cor with tradition today!\",\"breadcrumb\":{\"@id\":\"https:\\\/\\\/rughali.com\\\/product\\\/handmade-afghan-khurjin-wool-rug-tribal-striped-carpet-2-45-x-1-70-m\\\/#breadcrumb\"},\"inLanguage\":\"tr\",\"potentialAction\":[{\"@type\":\"ReadAction\",\"target\":[\"https:\\\/\\\/rughali.com\\\/product\\\/handmade-afghan-khurjin-wool-rug-tribal-striped-carpet-2-45-x-1-70-m\\\/\"]}]},{\"@type\":\"ImageObject\",\"inLanguage\":\"tr\",\"@id\":\"https:\\\/\\\/rughali.com\\\/product\\\/handmade-afghan-khurjin-wool-rug-tribal-striped-carpet-2-45-x-1-70-m\\\/#primaryimage\",\"url\":\"https:\\\/\\\/rughali.com\\\/wp-content\\\/uploads\\\/2026\\\/03\\\/A-49041-2.45X1.70-scaled.jpg\",\"contentUrl\":\"https:\\\/\\\/rughali.com\\\/wp-content\\\/uploads\\\/2026\\\/03\\\/A-49041-2.45X1.70-scaled.jpg\",\"width\":1758,\"height\":2560},{\"@type\":\"BreadcrumbList\",\"@id\":\"https:\\\/\\\/rughali.com\\\/product\\\/handmade-afghan-khurjin-wool-rug-tribal-striped-carpet-2-45-x-1-70-m\\\/#breadcrumb\",\"itemListElement\":[{\"@type\":\"ListItem\",\"position\":1,\"name\":\"Home\",\"item\":\"https:\\\/\\\/rughali.com\\\/\"},{\"@type\":\"ListItem\",\"position\":2,\"name\":\"Every Rug Tells a Story\",\"item\":\"https:\\\/\\\/rughali.com\\\/shop\\\/\"},{\"@type\":\"ListItem\",\"position\":3,\"name\":\"Handmade Afghan Khurjin Wool Rug \u2013 Tribal Striped Carpet (2.45 \u00d7 1.70 m)\"}]},{\"@type\":\"WebSite\",\"@id\":\"https:\\\/\\\/rughali.com\\\/#website\",\"url\":\"https:\\\/\\\/rughali.com\\\/\",\"name\":\"Rug Hal\u0131\",\"description\":\"Handmade rugs\",\"publisher\":{\"@id\":\"https:\\\/\\\/rughali.com\\\/#organization\"},\"potentialAction\":[{\"@type\":\"SearchAction\",\"target\":{\"@type\":\"EntryPoint\",\"urlTemplate\":\"https:\\\/\\\/rughali.com\\\/?s={search_term_string}\"},\"query-input\":{\"@type\":\"PropertyValueSpecification\",\"valueRequired\":true,\"valueName\":\"search_term_string\"}}],\"inLanguage\":\"tr\"},{\"@type\":\"Organization\",\"@id\":\"https:\\\/\\\/rughali.com\\\/#organization\",\"name\":\"Rug Hal\u0131\",\"url\":\"https:\\\/\\\/rughali.com\\\/\",\"logo\":{\"@type\":\"ImageObject\",\"inLanguage\":\"tr\",\"@id\":\"https:\\\/\\\/rughali.com\\\/#\\\/schema\\\/logo\\\/image\\\/\",\"url\":\"https:\\\/\\\/rughali.com\\\/wp-content\\\/uploads\\\/2025\\\/10\\\/rug_hali_logo_transparent-1.png\",\"contentUrl\":\"https:\\\/\\\/rughali.com\\\/wp-content\\\/uploads\\\/2025\\\/10\\\/rug_hali_logo_transparent-1.png\",\"width\":736,\"height\":637,\"caption\":\"Rug Hal\u0131\"},\"image\":{\"@id\":\"https:\\\/\\\/rughali.com\\\/#\\\/schema\\\/logo\\\/image\\\/\"}}]}<\/script>\n<!-- \/ Yoast SEO plugin. -->","yoast_head_json":{"title":"Handmade Afghan Khurjin Wool Rug \u2013 Tribal Striped Carpet (2.45 \u00d7 1.70 m) - Rug Hal\u0131","description":"Discover the beauty of our handmade oriental rugs, featuring authentic Khurjin tribal patterns. Enhance your home d\u00e9cor with tradition today!","robots":{"index":"index","follow":"follow","max-snippet":"max-snippet:-1","max-image-preview":"max-image-preview:large","max-video-preview":"max-video-preview:-1"},"canonical":"https:\/\/rughali.com\/tr\/urun\/handmade-afghan-khurjin-wool-rug-tribal-striped-carpet-2-45-x-1-70-m\/","og_locale":"tr_TR","og_type":"article","og_title":"Handmade Afghan Khurjin Wool Rug \u2013 Tribal Striped Carpet (2.45 \u00d7 1.70 m) - Rug Hal\u0131","og_description":"Discover the beauty of our handmade oriental rugs, featuring authentic Khurjin tribal patterns. Enhance your home d\u00e9cor with tradition today!","og_url":"https:\/\/rughali.com\/tr\/urun\/handmade-afghan-khurjin-wool-rug-tribal-striped-carpet-2-45-x-1-70-m\/","og_site_name":"Rug Hal\u0131","article_modified_time":"2026-03-12T21:46:32+00:00","og_image":[{"width":1758,"height":2560,"url":"https:\/\/rughali.com\/wp-content\/uploads\/2026\/03\/A-49041-2.45X1.70-scaled.jpg","type":"image\/jpeg"}],"twitter_card":"summary_large_image","twitter_misc":{"Tahmini okuma s\u00fcresi":"2 dakika"},"schema":{"@context":"https:\/\/schema.org","@graph":[{"@type":"WebPage","@id":"https:\/\/rughali.com\/product\/handmade-afghan-khurjin-wool-rug-tribal-striped-carpet-2-45-x-1-70-m\/","url":"https:\/\/rughali.com\/product\/handmade-afghan-khurjin-wool-rug-tribal-striped-carpet-2-45-x-1-70-m\/","name":"Handmade Afghan Khurjin Wool Rug \u2013 Tribal Striped Carpet (2.45 \u00d7 1.70 m) - Rug Hal\u0131","isPartOf":{"@id":"https:\/\/rughali.com\/#website"},"primaryImageOfPage":{"@id":"https:\/\/rughali.com\/product\/handmade-afghan-khurjin-wool-rug-tribal-striped-carpet-2-45-x-1-70-m\/#primaryimage"},"image":{"@id":"https:\/\/rughali.com\/product\/handmade-afghan-khurjin-wool-rug-tribal-striped-carpet-2-45-x-1-70-m\/#primaryimage"},"thumbnailUrl":"https:\/\/rughali.com\/wp-content\/uploads\/2026\/03\/A-49041-2.45X1.70-scaled.jpg","datePublished":"2026-03-09T20:43:48+00:00","dateModified":"2026-03-12T21:46:32+00:00","description":"Discover the beauty of our handmade oriental rugs, featuring authentic Khurjin tribal patterns. Enhance your home d\u00e9cor with tradition today!","breadcrumb":{"@id":"https:\/\/rughali.com\/product\/handmade-afghan-khurjin-wool-rug-tribal-striped-carpet-2-45-x-1-70-m\/#breadcrumb"},"inLanguage":"tr","potentialAction":[{"@type":"ReadAction","target":["https:\/\/rughali.com\/product\/handmade-afghan-khurjin-wool-rug-tribal-striped-carpet-2-45-x-1-70-m\/"]}]},{"@type":"ImageObject","inLanguage":"tr","@id":"https:\/\/rughali.com\/product\/handmade-afghan-khurjin-wool-rug-tribal-striped-carpet-2-45-x-1-70-m\/#primaryimage","url":"https:\/\/rughali.com\/wp-content\/uploads\/2026\/03\/A-49041-2.45X1.70-scaled.jpg","contentUrl":"https:\/\/rughali.com\/wp-content\/uploads\/2026\/03\/A-49041-2.45X1.70-scaled.jpg","width":1758,"height":2560},{"@type":"BreadcrumbList","@id":"https:\/\/rughali.com\/product\/handmade-afghan-khurjin-wool-rug-tribal-striped-carpet-2-45-x-1-70-m\/#breadcrumb","itemListElement":[{"@type":"ListItem","position":1,"name":"Home","item":"https:\/\/rughali.com\/"},{"@type":"ListItem","position":2,"name":"Every Rug Tells a Story","item":"https:\/\/rughali.com\/shop\/"},{"@type":"ListItem","position":3,"name":"Handmade Afghan Khurjin Wool Rug \u2013 Tribal Striped Carpet (2.45 \u00d7 1.70 m)"}]},{"@type":"WebSite","@id":"https:\/\/rughali.com\/#website","url":"https:\/\/rughali.com\/","name":"Rug Hal\u0131","description":"Handmade rugs","publisher":{"@id":"https:\/\/rughali.com\/#organization"},"potentialAction":[{"@type":"SearchAction","target":{"@type":"EntryPoint","urlTemplate":"https:\/\/rughali.com\/?s={search_term_string}"},"query-input":{"@type":"PropertyValueSpecification","valueRequired":true,"valueName":"search_term_string"}}],"inLanguage":"tr"},{"@type":"Organization","@id":"https:\/\/rughali.com\/#organization","name":"Rug Hal\u0131","url":"https:\/\/rughali.com\/","logo":{"@type":"ImageObject","inLanguage":"tr","@id":"https:\/\/rughali.com\/#\/schema\/logo\/image\/","url":"https:\/\/rughali.com\/wp-content\/uploads\/2025\/10\/rug_hali_logo_transparent-1.png","contentUrl":"https:\/\/rughali.com\/wp-content\/uploads\/2025\/10\/rug_hali_logo_transparent-1.png","width":736,"height":637,"caption":"Rug Hal\u0131"},"image":{"@id":"https:\/\/rughali.com\/#\/schema\/logo\/image\/"}}]}},"_links":{"self":[{"href":"https:\/\/rughali.com\/tr\/wp-json\/wp\/v2\/product\/7608","targetHints":{"allow":["GET"]}}],"collection":[{"href":"https:\/\/rughali.com\/tr\/wp-json\/wp\/v2\/product"}],"about":[{"href":"https:\/\/rughali.com\/tr\/wp-json\/wp\/v2\/types\/product"}],"replies":[{"embeddable":true,"href":"https:\/\/rughali.com\/tr\/wp-json\/wp\/v2\/comments?post=7608"}],"wp:featuredmedia":[{"embeddable":true,"href":"https:\/\/rughali.com\/tr\/wp-json\/wp\/v2\/media\/7609"}],"wp:attachment":[{"href":"https:\/\/rughali.com\/tr\/wp-json\/wp\/v2\/media?parent=7608"}],"wp:term":[{"taxonomy":"product_brand","embeddable":true,"href":"https:\/\/rughali.com\/tr\/wp-json\/wp\/v2\/product_brand?post=7608"},{"taxonomy":"product_cat","embeddable":true,"href":"https:\/\/rughali.com\/tr\/wp-json\/wp\/v2\/product_cat?post=7608"},{"taxonomy":"product_tag","embeddable":true,"href":"https:\/\/rughali.com\/tr\/wp-json\/wp\/v2\/product_tag?post=7608"}],"curies":[{"name":"wp","href":"https:\/\/api.w.org\/{rel}","templated":true}]}}