{"id":7634,"date":"2026-03-10T09:03:18","date_gmt":"2026-03-10T09:03:18","guid":{"rendered":"https:\/\/rughali.com\/?post_type=product&#038;p=7634"},"modified":"2026-03-12T21:46:32","modified_gmt":"2026-03-12T21:46:32","slug":"49154","status":"publish","type":"product","link":"https:\/\/rughali.com\/tr\/urun\/49154\/","title":{"rendered":"HURJIN El Dokumas\u0131 Hal\u0131 \u2013 0 Do\u011fal Y\u00fcn \u2013 K\u00f6k Boya (\u00c7ob Renk) \u2013 35\u00d740 Kalite \u2013 1,84 \u00d7 1,22 m"},"content":{"rendered":"<p data-start=\"529\" data-end=\"774\">Geleneksel dokuma sanat\u0131n\u0131n en g\u00fczel \u00f6rneklerinden biri olan <strong data-start=\"412\" data-end=\"440\">KHURJIN el dokumas\u0131 hal\u0131<\/strong>, T\u00fcrk&#8217;\u00fcn k\u00f6kl\u00fc hal\u0131 dokuma k\u00fclt\u00fcr\u00fcn\u00fc yans\u0131tan \u00f6zel bir par\u00e7ad\u0131r. Usta dokuyucular taraf\u0131ndan ilmek ilmek haz\u0131rlanan bu hal\u0131, tamamen <strong data-start=\"580\" data-end=\"610\">%100 do\u011fal y\u00fcn ipliklerden<\/strong> \u00fcretilmi\u015ftir.<\/p>\n<p data-start=\"529\" data-end=\"774\">KHURJIN hal\u0131lar\u0131n\u0131n karakteristik \u00f6zelli\u011fi olan <strong data-start=\"577\" data-end=\"613\">etnik motifler ve yatay desenler<\/strong>, Orta Asya ve T\u00fcrk dokuma gelene\u011finin izlerini ta\u015f\u0131r. Bu \u00f6zel tasar\u0131m, ya\u015fam alanlar\u0131na hem geleneksel bir atmosfer hem de g\u00fc\u00e7l\u00fc bir dekoratif etki kazand\u0131r\u0131r.<\/p>\n<p data-start=\"776\" data-end=\"985\"><strong data-start=\"776\" data-end=\"809\">35&#215;40 kalite dokuma yo\u011funlu\u011fu<\/strong>, hal\u0131n\u0131n sa\u011flam ve uzun \u00f6m\u00fcrl\u00fc olmas\u0131n\u0131 sa\u011flar. El dokumas\u0131 yap\u0131s\u0131 sayesinde her hal\u0131 kendine \u00f6zg\u00fcd\u00fcr; bu da onu seri \u00fcretim hal\u0131lardan ay\u0131ran en \u00f6nemli \u00f6zelliklerden biridir.<\/p>\n<p data-start=\"987\" data-end=\"1021\">Do\u011fal y\u00fcn yap\u0131s\u0131 sayesinde hal\u0131:<\/p>\n<ul data-start=\"1022\" data-end=\"1146\">\n<li data-section-id=\"m2gv94\" data-start=\"1022\" data-end=\"1050\">\n<p data-start=\"1024\" data-end=\"1050\">Nefes alabilir yap\u0131dad\u0131r<\/p>\n<\/li>\n<li data-section-id=\"1hqvrdi\" data-start=\"1051\" data-end=\"1097\">\n<p data-start=\"1053\" data-end=\"1097\">Dayan\u0131kl\u0131d\u0131r ve uzun y\u0131llar kullan\u0131labilir<\/p>\n<\/li>\n<li data-section-id=\"1hjdtcf\" data-start=\"1098\" data-end=\"1146\">\n<p data-start=\"1100\" data-end=\"1146\">Ortama s\u0131cak ve do\u011fal bir g\u00f6r\u00fcn\u00fcm kazand\u0131r\u0131r<\/p>\n<\/li>\n<\/ul>\n<p data-start=\"1148\" data-end=\"1344\">Bu hal\u0131; salon, oturma odas\u0131, ofis, butik oteller ve dekorasyon projeleri i\u00e7in ideal bir se\u00e7imdir. Hem klasik hem de modern dekorasyonlarla kolayca uyum sa\u011flayarak bulundu\u011fu mek\u00e2na karakter katar.<\/p>\n<p data-start=\"1346\" data-end=\"1366\"><strong data-start=\"1346\" data-end=\"1366\">\u00dcr\u00fcn \u00d6zellikleri<\/strong><\/p>\n<ul data-start=\"1368\" data-end=\"1599\">\n<li data-section-id=\"1fbm1uv\" data-start=\"1368\" data-end=\"1407\">\n<p data-start=\"1370\" data-end=\"1407\">\u00dcr\u00fcn T\u00fcr\u00fc: KHURJIN El Dokumas\u0131 Hal\u0131<\/p>\n<\/li>\n<li data-section-id=\"gfh3k9\" data-start=\"1408\" data-end=\"1430\">\n<p data-start=\"1410\" data-end=\"1430\">Men\u015fei: Afganistan<\/p>\n<\/li>\n<li data-section-id=\"1kgbilf\" data-start=\"1431\" data-end=\"1458\">\n<p data-start=\"1433\" data-end=\"1458\">Malzeme: %100 Do\u011fal Y\u00fcn<\/p>\n<\/li>\n<li data-section-id=\"5h2x50\" data-start=\"1459\" data-end=\"1494\">\n<p data-start=\"1461\" data-end=\"1494\">Boya: Do\u011fal K\u00f6k Boya (\u00c7ob Renk)<\/p>\n<\/li>\n<li data-section-id=\"1bx8lkm\" data-start=\"1495\" data-end=\"1512\">\n<p data-start=\"1497\" data-end=\"1512\">Kalite: 35&#215;40<\/p>\n<\/li>\n<li data-section-id=\"zll1qi\" data-start=\"1513\" data-end=\"1536\">\n<p data-start=\"1515\" data-end=\"1536\">\u00d6l\u00e7\u00fc: 1.84 x 1.22 m<\/p>\n<\/li>\n<li data-section-id=\"1yfz8hl\" data-start=\"1537\" data-end=\"1560\">\n<p data-start=\"1539\" data-end=\"1560\">Dokuma: El Dokumas\u0131<\/p>\n<\/li>\n<li data-section-id=\"8gn5z2\" data-start=\"1561\" data-end=\"1599\">\n<p data-start=\"1563\" data-end=\"1599\">Stil: Etnik \/ Otantik \/ Geleneksel<\/p>\n<\/li>\n<\/ul>\n<p data-start=\"1601\" data-end=\"1755\">Her hal\u0131 <strong data-start=\"1610\" data-end=\"1626\">benzersizdir<\/strong> ve el dokumas\u0131 oldu\u011fu i\u00e7in k\u00fc\u00e7\u00fck motif farkl\u0131l\u0131klar\u0131 bulunabilir. Bu durum hal\u0131n\u0131n do\u011fal ve otantik karakterinin bir par\u00e7as\u0131d\u0131r.<\/p>","protected":false},"excerpt":{"rendered":"<p>HURJIN el dokumas\u0131 hal\u0131, 0 do\u011fal y\u00fcn ve k\u00f6k boya (\u00c7ob renk) kullan\u0131larak \u00f6zenle \u00fcretilmi\u015ftir. 35\u00d740 kalite dokumas\u0131 sayesinde dayan\u0131kl\u0131, do\u011fal ve zamans\u0131z bir dekorasyon par\u00e7as\u0131d\u0131r.<\/p>","protected":false},"featured_media":7610,"comment_status":"open","ping_status":"closed","template":"","meta":{"_gspb_post_css":""},"product_brand":[46],"product_cat":[42,40,110,108,124,44,43,39],"product_tag":[156,155,117,114,98,161,123,97,107,173,47,95,129,167,149,146,159,147,162,152,151,145,118,61,126,57,171,55,169,153,175,166,170,154,176,168,157,94,160,150,164,172,163,174,158,119,116,87,165,148],"class_list":{"0":"post-7634","1":"product","2":"type-product","3":"status-publish","4":"has-post-thumbnail","6":"product_brand-rug-hali","7":"product_cat-bedroom","8":"product_cat-choose-by-rug-hali-premium","9":"product_cat-corridor-rug","10":"product_cat-entrance","11":"product_cat-hurjin","12":"product_cat-kitchen","13":"product_cat-living-room","14":"product_cat-wool","15":"product_tag-afgan-el-dokuma-hali","16":"product_tag-afgan-halisi","17":"product_tag-afghan-carpet","18":"product_tag-afghan-rug","19":"product_tag-amazing-rug","20":"product_tag-antik-gorunumlu-hali","21":"product_tag-artisan-rug","22":"product_tag-artisan-made","23":"product_tag-bedroom-rug","24":"product_tag-benzersiz-el-dokuma-hali","25":"product_tag-charms-decor","26":"product_tag-cute-rug","27":"product_tag-decorative-rug","28":"product_tag-dekoratif-hali","29":"product_tag-dogal-yun-hali","30":"product_tag-el-dokuma-hali","31":"product_tag-el-dokuma-yun-hali","32":"product_tag-el-yapimi-hali","33":"product_tag-el-yapimi-yun-hali","34":"product_tag-etnik-hali","35":"product_tag-geleneksel-hali","36":"product_tag-hali","37":"product_tag-hand-knotted-rug","38":"product_tag-handmade-rug","39":"product_tag-handwoven-rug","40":"product_tag-home-decor","41":"product_tag-kaliteli-el-dokuma-hali","42":"product_tag-kilim-rug","43":"product_tag-klasik-dekor-hali","44":"product_tag-klasik-hali","45":"product_tag-koleksiyon-halisi","46":"product_tag-koridor-halisi","47":"product_tag-luks-el-dokuma-hali","48":"product_tag-luks-hali","49":"product_tag-luxury-wool-rug","50":"product_tag-modern-dekor-hali","51":"product_tag-oriental-hali","52":"product_tag-oriental-rug","53":"product_tag-otantik-el-dokuma-hali","54":"product_tag-otantik-hali","55":"product_tag-oturma-odasi-halisi","56":"product_tag-ozel-tasarim-hali","57":"product_tag-salon-halisi","58":"product_tag-sanatsal-hali","59":"product_tag-sark-halisi","60":"product_tag-traditional-rug","61":"product_tag-tribal-rug","62":"product_tag-wool-rug","63":"product_tag-yatak-odasi-halisi","64":"product_tag-yun-hali","66":"first","67":"instock","68":"sale","69":"featured","70":"taxable","71":"shipping-taxable","72":"purchasable","73":"product-type-simple"},"yoast_head":"<!-- This site is optimized with the Yoast SEO plugin v27.5 - https:\/\/yoast.com\/product\/yoast-seo-wordpress\/ -->\n<title>KHURJIN El Dokumas\u0131 Hal\u0131 \u2013 %100 Y\u00fcn \u2013 Do\u011fal K\u00f6k Boya (\u00c7ob Renk) \u2013 35x40 Kalite \u2013 1.84 x 1.22 m - Rug Hal\u0131<\/title>\n<meta name=\"description\" content=\"Transform your space with our handmade oriental rugs, rich in ethnic motifs and crafted from 100% natural wool. Discover tradition today!\" \/>\n<meta name=\"robots\" content=\"index, follow, max-snippet:-1, max-image-preview:large, max-video-preview:-1\" \/>\n<link rel=\"canonical\" href=\"https:\/\/rughali.com\/tr\/urun\/49154\/\" \/>\n<meta property=\"og:locale\" content=\"tr_TR\" \/>\n<meta property=\"og:type\" content=\"article\" \/>\n<meta property=\"og:title\" content=\"KHURJIN El Dokumas\u0131 Hal\u0131 \u2013 %100 Y\u00fcn \u2013 Do\u011fal K\u00f6k Boya (\u00c7ob Renk) \u2013 35x40 Kalite \u2013 1.84 x 1.22 m - Rug Hal\u0131\" \/>\n<meta property=\"og:description\" content=\"Transform your space with our handmade oriental rugs, rich in ethnic motifs and crafted from 100% natural wool. Discover tradition today!\" \/>\n<meta property=\"og:url\" content=\"https:\/\/rughali.com\/tr\/urun\/49154\/\" \/>\n<meta property=\"og:site_name\" content=\"Rug Hal\u0131\" \/>\n<meta property=\"article:modified_time\" content=\"2026-03-12T21:46:32+00:00\" \/>\n<meta property=\"og:image\" content=\"https:\/\/rughali.com\/wp-content\/uploads\/2026\/03\/A-49154-1.84X1.22-scaled.jpg\" \/>\n\t<meta property=\"og:image:width\" content=\"1654\" \/>\n\t<meta property=\"og:image:height\" content=\"2560\" \/>\n\t<meta property=\"og:image:type\" content=\"image\/jpeg\" \/>\n<meta name=\"twitter:card\" content=\"summary_large_image\" \/>\n<meta name=\"twitter:label1\" content=\"Tahmini okuma s\u00fcresi\" \/>\n\t<meta name=\"twitter:data1\" content=\"2 dakika\" \/>\n<script type=\"application\/ld+json\" class=\"yoast-schema-graph\">{\"@context\":\"https:\\\/\\\/schema.org\",\"@graph\":[{\"@type\":\"WebPage\",\"@id\":\"https:\\\/\\\/rughali.com\\\/product\\\/49154\\\/\",\"url\":\"https:\\\/\\\/rughali.com\\\/product\\\/49154\\\/\",\"name\":\"KHURJIN El Dokumas\u0131 Hal\u0131 \u2013 %100 Y\u00fcn \u2013 Do\u011fal K\u00f6k Boya (\u00c7ob Renk) \u2013 35x40 Kalite \u2013 1.84 x 1.22 m - Rug Hal\u0131\",\"isPartOf\":{\"@id\":\"https:\\\/\\\/rughali.com\\\/#website\"},\"primaryImageOfPage\":{\"@id\":\"https:\\\/\\\/rughali.com\\\/product\\\/49154\\\/#primaryimage\"},\"image\":{\"@id\":\"https:\\\/\\\/rughali.com\\\/product\\\/49154\\\/#primaryimage\"},\"thumbnailUrl\":\"https:\\\/\\\/rughali.com\\\/wp-content\\\/uploads\\\/2026\\\/03\\\/A-49154-1.84X1.22-scaled.jpg\",\"datePublished\":\"2026-03-10T09:03:18+00:00\",\"dateModified\":\"2026-03-12T21:46:32+00:00\",\"description\":\"Transform your space with our handmade oriental rugs, rich in ethnic motifs and crafted from 100% natural wool. Discover tradition today!\",\"breadcrumb\":{\"@id\":\"https:\\\/\\\/rughali.com\\\/product\\\/49154\\\/#breadcrumb\"},\"inLanguage\":\"tr\",\"potentialAction\":[{\"@type\":\"ReadAction\",\"target\":[\"https:\\\/\\\/rughali.com\\\/product\\\/49154\\\/\"]}]},{\"@type\":\"ImageObject\",\"inLanguage\":\"tr\",\"@id\":\"https:\\\/\\\/rughali.com\\\/product\\\/49154\\\/#primaryimage\",\"url\":\"https:\\\/\\\/rughali.com\\\/wp-content\\\/uploads\\\/2026\\\/03\\\/A-49154-1.84X1.22-scaled.jpg\",\"contentUrl\":\"https:\\\/\\\/rughali.com\\\/wp-content\\\/uploads\\\/2026\\\/03\\\/A-49154-1.84X1.22-scaled.jpg\",\"width\":1654,\"height\":2560},{\"@type\":\"BreadcrumbList\",\"@id\":\"https:\\\/\\\/rughali.com\\\/product\\\/49154\\\/#breadcrumb\",\"itemListElement\":[{\"@type\":\"ListItem\",\"position\":1,\"name\":\"Home\",\"item\":\"https:\\\/\\\/rughali.com\\\/\"},{\"@type\":\"ListItem\",\"position\":2,\"name\":\"Every Rug Tells a Story\",\"item\":\"https:\\\/\\\/rughali.com\\\/shop\\\/\"},{\"@type\":\"ListItem\",\"position\":3,\"name\":\"KHURJIN El Dokumas\u0131 Hal\u0131 \u2013 %100 Y\u00fcn \u2013 Do\u011fal K\u00f6k Boya (\u00c7ob Renk) \u2013 35&#215;40 Kalite \u2013 1.84 x 1.22 m\"}]},{\"@type\":\"WebSite\",\"@id\":\"https:\\\/\\\/rughali.com\\\/#website\",\"url\":\"https:\\\/\\\/rughali.com\\\/\",\"name\":\"Rug Hal\u0131\",\"description\":\"Handmade rugs\",\"publisher\":{\"@id\":\"https:\\\/\\\/rughali.com\\\/#organization\"},\"potentialAction\":[{\"@type\":\"SearchAction\",\"target\":{\"@type\":\"EntryPoint\",\"urlTemplate\":\"https:\\\/\\\/rughali.com\\\/?s={search_term_string}\"},\"query-input\":{\"@type\":\"PropertyValueSpecification\",\"valueRequired\":true,\"valueName\":\"search_term_string\"}}],\"inLanguage\":\"tr\"},{\"@type\":\"Organization\",\"@id\":\"https:\\\/\\\/rughali.com\\\/#organization\",\"name\":\"Rug Hal\u0131\",\"url\":\"https:\\\/\\\/rughali.com\\\/\",\"logo\":{\"@type\":\"ImageObject\",\"inLanguage\":\"tr\",\"@id\":\"https:\\\/\\\/rughali.com\\\/#\\\/schema\\\/logo\\\/image\\\/\",\"url\":\"https:\\\/\\\/rughali.com\\\/wp-content\\\/uploads\\\/2025\\\/10\\\/rug_hali_logo_transparent-1.png\",\"contentUrl\":\"https:\\\/\\\/rughali.com\\\/wp-content\\\/uploads\\\/2025\\\/10\\\/rug_hali_logo_transparent-1.png\",\"width\":736,\"height\":637,\"caption\":\"Rug Hal\u0131\"},\"image\":{\"@id\":\"https:\\\/\\\/rughali.com\\\/#\\\/schema\\\/logo\\\/image\\\/\"}}]}<\/script>\n<!-- \/ Yoast SEO plugin. -->","yoast_head_json":{"title":"KHURJIN El Dokumas\u0131 Hal\u0131 \u2013 %100 Y\u00fcn \u2013 Do\u011fal K\u00f6k Boya (\u00c7ob Renk) \u2013 35x40 Kalite \u2013 1.84 x 1.22 m - Rug Hal\u0131","description":"Transform your space with our handmade oriental rugs, rich in ethnic motifs and crafted from 100% natural wool. Discover tradition today!","robots":{"index":"index","follow":"follow","max-snippet":"max-snippet:-1","max-image-preview":"max-image-preview:large","max-video-preview":"max-video-preview:-1"},"canonical":"https:\/\/rughali.com\/tr\/urun\/49154\/","og_locale":"tr_TR","og_type":"article","og_title":"KHURJIN El Dokumas\u0131 Hal\u0131 \u2013 %100 Y\u00fcn \u2013 Do\u011fal K\u00f6k Boya (\u00c7ob Renk) \u2013 35x40 Kalite \u2013 1.84 x 1.22 m - Rug Hal\u0131","og_description":"Transform your space with our handmade oriental rugs, rich in ethnic motifs and crafted from 100% natural wool. Discover tradition today!","og_url":"https:\/\/rughali.com\/tr\/urun\/49154\/","og_site_name":"Rug Hal\u0131","article_modified_time":"2026-03-12T21:46:32+00:00","og_image":[{"width":1654,"height":2560,"url":"https:\/\/rughali.com\/wp-content\/uploads\/2026\/03\/A-49154-1.84X1.22-scaled.jpg","type":"image\/jpeg"}],"twitter_card":"summary_large_image","twitter_misc":{"Tahmini okuma s\u00fcresi":"2 dakika"},"schema":{"@context":"https:\/\/schema.org","@graph":[{"@type":"WebPage","@id":"https:\/\/rughali.com\/product\/49154\/","url":"https:\/\/rughali.com\/product\/49154\/","name":"KHURJIN El Dokumas\u0131 Hal\u0131 \u2013 %100 Y\u00fcn \u2013 Do\u011fal K\u00f6k Boya (\u00c7ob Renk) \u2013 35x40 Kalite \u2013 1.84 x 1.22 m - Rug Hal\u0131","isPartOf":{"@id":"https:\/\/rughali.com\/#website"},"primaryImageOfPage":{"@id":"https:\/\/rughali.com\/product\/49154\/#primaryimage"},"image":{"@id":"https:\/\/rughali.com\/product\/49154\/#primaryimage"},"thumbnailUrl":"https:\/\/rughali.com\/wp-content\/uploads\/2026\/03\/A-49154-1.84X1.22-scaled.jpg","datePublished":"2026-03-10T09:03:18+00:00","dateModified":"2026-03-12T21:46:32+00:00","description":"Transform your space with our handmade oriental rugs, rich in ethnic motifs and crafted from 100% natural wool. Discover tradition today!","breadcrumb":{"@id":"https:\/\/rughali.com\/product\/49154\/#breadcrumb"},"inLanguage":"tr","potentialAction":[{"@type":"ReadAction","target":["https:\/\/rughali.com\/product\/49154\/"]}]},{"@type":"ImageObject","inLanguage":"tr","@id":"https:\/\/rughali.com\/product\/49154\/#primaryimage","url":"https:\/\/rughali.com\/wp-content\/uploads\/2026\/03\/A-49154-1.84X1.22-scaled.jpg","contentUrl":"https:\/\/rughali.com\/wp-content\/uploads\/2026\/03\/A-49154-1.84X1.22-scaled.jpg","width":1654,"height":2560},{"@type":"BreadcrumbList","@id":"https:\/\/rughali.com\/product\/49154\/#breadcrumb","itemListElement":[{"@type":"ListItem","position":1,"name":"Home","item":"https:\/\/rughali.com\/"},{"@type":"ListItem","position":2,"name":"Every Rug Tells a Story","item":"https:\/\/rughali.com\/shop\/"},{"@type":"ListItem","position":3,"name":"KHURJIN El Dokumas\u0131 Hal\u0131 \u2013 %100 Y\u00fcn \u2013 Do\u011fal K\u00f6k Boya (\u00c7ob Renk) \u2013 35&#215;40 Kalite \u2013 1.84 x 1.22 m"}]},{"@type":"WebSite","@id":"https:\/\/rughali.com\/#website","url":"https:\/\/rughali.com\/","name":"Rug Hal\u0131","description":"Handmade rugs","publisher":{"@id":"https:\/\/rughali.com\/#organization"},"potentialAction":[{"@type":"SearchAction","target":{"@type":"EntryPoint","urlTemplate":"https:\/\/rughali.com\/?s={search_term_string}"},"query-input":{"@type":"PropertyValueSpecification","valueRequired":true,"valueName":"search_term_string"}}],"inLanguage":"tr"},{"@type":"Organization","@id":"https:\/\/rughali.com\/#organization","name":"Rug Hal\u0131","url":"https:\/\/rughali.com\/","logo":{"@type":"ImageObject","inLanguage":"tr","@id":"https:\/\/rughali.com\/#\/schema\/logo\/image\/","url":"https:\/\/rughali.com\/wp-content\/uploads\/2025\/10\/rug_hali_logo_transparent-1.png","contentUrl":"https:\/\/rughali.com\/wp-content\/uploads\/2025\/10\/rug_hali_logo_transparent-1.png","width":736,"height":637,"caption":"Rug Hal\u0131"},"image":{"@id":"https:\/\/rughali.com\/#\/schema\/logo\/image\/"}}]}},"_links":{"self":[{"href":"https:\/\/rughali.com\/tr\/wp-json\/wp\/v2\/product\/7634","targetHints":{"allow":["GET"]}}],"collection":[{"href":"https:\/\/rughali.com\/tr\/wp-json\/wp\/v2\/product"}],"about":[{"href":"https:\/\/rughali.com\/tr\/wp-json\/wp\/v2\/types\/product"}],"replies":[{"embeddable":true,"href":"https:\/\/rughali.com\/tr\/wp-json\/wp\/v2\/comments?post=7634"}],"wp:featuredmedia":[{"embeddable":true,"href":"https:\/\/rughali.com\/tr\/wp-json\/wp\/v2\/media\/7610"}],"wp:attachment":[{"href":"https:\/\/rughali.com\/tr\/wp-json\/wp\/v2\/media?parent=7634"}],"wp:term":[{"taxonomy":"product_brand","embeddable":true,"href":"https:\/\/rughali.com\/tr\/wp-json\/wp\/v2\/product_brand?post=7634"},{"taxonomy":"product_cat","embeddable":true,"href":"https:\/\/rughali.com\/tr\/wp-json\/wp\/v2\/product_cat?post=7634"},{"taxonomy":"product_tag","embeddable":true,"href":"https:\/\/rughali.com\/tr\/wp-json\/wp\/v2\/product_tag?post=7634"}],"curies":[{"name":"wp","href":"https:\/\/api.w.org\/{rel}","templated":true}]}}