{"id":7643,"date":"2026-03-10T13:52:41","date_gmt":"2026-03-10T13:52:41","guid":{"rendered":"https:\/\/rughali.com\/?post_type=product&#038;p=7643"},"modified":"2026-04-21T12:13:15","modified_gmt":"2026-04-21T12:13:15","slug":"52557","status":"publish","type":"product","link":"https:\/\/rughali.com\/tr\/urun\/52557\/","title":{"rendered":"Buzak El Dokumas\u0131 Hal\u0131 \u2013 0 Y\u00fcn, Do\u011fal Bitkisel Boya \u2013 Antrasit Gri Zemin &amp; \u00c7ok Renkli Etnik Desenler"},"content":{"rendered":"<p data-start=\"193\" data-end=\"485\" class=\" translation-block\">Buzak el dokumas\u0131 hal\u0131, geleneksel zanaatk\u00e2rl\u0131\u011f\u0131n modern dekoratif estetikle bulu\u015ftu\u011fu e\u015fsiz bir tasar\u0131md\u0131r. Usta eller taraf\u0131ndan \u00f6zenle d\u00fc\u011f\u00fcmlenen bu hal\u0131, 0 do\u011fal y\u00fcnden \u00fcretilmi\u015f olup i\u00e7 mek\u00e2nlara dayan\u0131kl\u0131l\u0131k, konfor ve zamans\u0131z bir dekoratif \u015f\u0131kl\u0131k sunar.<\/p>\n<p data-start=\"487\" data-end=\"782\" class=\" translation-block\">Hal\u0131n\u0131n renkleri, \u00f6zg\u00fcn ve do\u011fal bir denge sa\u011flayan do\u011fal bitkisel boyalarla (Chob Rang) elde edilmi\u015ftir. Tasar\u0131m, antrasit gri bir zemin \u00fczerine in\u015fa edilmi\u015f olup, hafif duman grisi, koyu gri ve do\u011fal y\u00fcn tonlar\u0131yla zenginle\u015ftirilmi\u015f; modern ve sofistike bir temel olu\u015fturur.<\/p>\n<p data-start=\"784\" data-end=\"1075\" class=\" translation-block\">Kenarl\u0131klar ve motifler, terracotta, turkuaz, lacivert, hardal, krem, bej ve yumu\u015fak pastel tonlar\u0131n\u0131 i\u00e7eren canl\u0131 ama uyumlu bir renk paletiyle tasarlanm\u0131\u015ft\u0131r. Bu renkler hal\u0131ya s\u0131cakl\u0131k ve dekoratif zenginlik katarken, zarif bir denge sa\u011flayarak g\u00f6rsel derinli\u011fini art\u0131r\u0131r.<\/p>\n<p data-start=\"1077\" data-end=\"1408\" class=\" translation-block\">Buzak modeli, \u00e7ok renkli etnik motifleriyle \u00f6ne \u00e7\u0131karak canl\u0131 ama zarif bir g\u00f6r\u00fcn\u00fcm sunar. Dengeli renk kompozisyonu sayesinde hal\u0131 dikkat \u00e7ekici olmas\u0131na ra\u011fmen g\u00f6z yorucu de\u011fildir. Modern, klasik, etnik, vintage ve bohem dekorlar da d\u00e2hil olmak \u00fczere \u00e7e\u015fitli i\u00e7 mek\u00e2n stilleriyle m\u00fckemmel uyum sa\u011flar.<\/p>\n<p data-start=\"1410\" data-end=\"1681\" class=\" translation-block\">35\u00d740 dokuma kalitesine sahip bu hal\u0131, uzun \u00f6m\u00fcrl\u00fc kullan\u0131m i\u00e7in sa\u011flam ve dayan\u0131kl\u0131 bir yap\u0131 sunar. El dokumas\u0131 bir \u00fcr\u00fcn olarak, her hal\u0131 benzersizdir ve motif veya detaylarda k\u00fc\u00e7\u00fck farkl\u0131l\u0131klar i\u00e7erebilir; bu, \u00f6zg\u00fcn el yap\u0131m\u0131 hal\u0131lar\u0131n do\u011fal \u00f6zelliklerindendir.<\/p>\n<p data-start=\"1683\" data-end=\"1732\">Do\u011fal y\u00fcn yap\u0131s\u0131 sayesinde bu hal\u0131:<\/p>\n<ul data-start=\"1734\" data-end=\"1902\">\n<li data-section-id=\"11tj0bh\" data-start=\"1734\" data-end=\"1765\">\n<p data-start=\"1736\" data-end=\"1765\">Dayan\u0131kl\u0131 ve uzun \u00f6m\u00fcrl\u00fcd\u00fcr<\/p>\n<\/li>\n<li data-section-id=\"io4mj8\" data-start=\"1766\" data-end=\"1806\">\n<p data-start=\"1768\" data-end=\"1806\">Nefes alabilen ve do\u011fal bir dokusu vard\u0131r<\/p>\n<\/li>\n<li data-section-id=\"pse0xt\" data-start=\"1807\" data-end=\"1855\">\n<p data-start=\"1809\" data-end=\"1855\">\u0130\u00e7 mek\u00e2nlara s\u0131cakl\u0131k ve karakter katar<\/p>\n<\/li>\n<li data-section-id=\"1luyzb3\" data-start=\"1856\" data-end=\"1902\">\n<p data-start=\"1858\" data-end=\"1902\">Dekora derinlik ve \u00f6zg\u00fcnl\u00fck katar<\/p>\n<\/li>\n<\/ul>\n<p data-start=\"1904\" data-end=\"2141\" class=\" translation-block\">Buzak hal\u0131, oturma odalar\u0131, salonlar, ofisler, butik oteller ve i\u00e7 tasar\u0131m projeleri i\u00e7in m\u00fckemmel bir se\u00e7imdir. Sofistike gri tonlar\u0131, canl\u0131 etnik desenlerle birle\u015ferek zamans\u0131z bir dekoratif vurgu olu\u015fturur.<\/p>\n<h2 data-section-id=\"3ipjz4\" data-start=\"2148\" data-end=\"2173\">\u00dcr\u00fcn \u00d6zellikleri<\/h2>\n<ul data-start=\"2175\" data-end=\"2586\">\n<li data-section-id=\"it2xmo\" data-start=\"2175\" data-end=\"2212\">\n<p data-start=\"2177\" data-end=\"2212\">\u00dcr\u00fcn T\u00fcr\u00fc: Buzak El Dokumas\u0131 Hal\u0131<\/p>\n<\/li>\n<li data-section-id=\"eckzc7\" data-start=\"2213\" data-end=\"2244\">\n<p data-start=\"2215\" data-end=\"2244\">Malzeme: 0 Do\u011fal Y\u00fcn<\/p>\n<\/li>\n<li data-section-id=\"zdqusx\" data-start=\"2245\" data-end=\"2287\">\n<p data-start=\"2247\" data-end=\"2287\">Boya: Do\u011fal Bitkisel Boya (Chob Rang)<\/p>\n<\/li>\n<li data-section-id=\"73c7fp\" data-start=\"2288\" data-end=\"2306\">\n<p data-start=\"2290\" data-end=\"2306\">Kalite: 35X40<\/p>\n<\/li>\n<li data-section-id=\"lwr7ns\" data-start=\"2307\" data-end=\"2338\">\n<p data-start=\"2309\" data-end=\"2338\">Zemin Rengi: Antrasit Gri<\/p>\n<\/li>\n<li data-section-id=\"1c5mlnc\" data-start=\"2339\" data-end=\"2378\">\n<p data-start=\"2341\" data-end=\"2378\">Desen: \u00c7ok Renkli Etnik Motifler<\/p>\n<\/li>\n<li data-section-id=\"5i14er\" data-start=\"2379\" data-end=\"2464\">\n<p data-start=\"2381\" data-end=\"2464\">Renkler: Terracotta, Turkuaz, Lacivert, Hardal, Krem, Bej ve Pastel Tonlar<\/p>\n<\/li>\n<li data-section-id=\"5ns4qy\" data-start=\"2465\" data-end=\"2516\">\n<p data-start=\"2467\" data-end=\"2516\">Tasar\u0131m Tarz\u0131: Etnik \/ Vintage \/ Bohem \/ Dekoratif<\/p>\n<\/li>\n<li data-section-id=\"oq218x\" data-start=\"2517\" data-end=\"2539\">\n<p data-start=\"2519\" data-end=\"2539\">Dokuma: El Dokumas\u0131<\/p>\n<\/li>\n<li data-section-id=\"177rhfc\" data-start=\"2540\" data-end=\"2586\">\n<p data-start=\"2542\" data-end=\"2586\">Men\u015fei \/ \u00dcretim Yeri: Afganistan<\/p>\n<\/li>\n<\/ul>","protected":false},"excerpt":{"rendered":"<p class=\" translation-block\">Buzak el dokumas\u0131 hal\u0131, 0 do\u011fal y\u00fcnden \u00fcretilmi\u015f ve do\u011fal bitkisel boyalarla (Chob Rang) renklendirilmi\u015ftir. Antrasit gri zemin \u00fczerinde canl\u0131 \u00e7ok renkli etnik motifler bar\u0131nd\u0131ran bu hal\u0131, her i\u00e7 mek\u00e2na sofistike ve dekoratif bir dokunu\u015f katmaktad\u0131r.<\/p>","protected":false},"featured_media":7612,"comment_status":"open","ping_status":"closed","template":"","meta":{"_gspb_post_css":""},"product_brand":[46],"product_cat":[42,79,40,108,44,43,45,39],"product_tag":[156,155,114,161,123,173,141,137,129,167,149,146,159,147,162,138,142,152,151,140,145,61,126,132,171,169,153,175,166,170,154,176,168,139,130,157,94,160,150,164,172,163,174,158,119,116,89,136,87,165,148],"class_list":{"0":"post-7643","1":"product","2":"type-product","3":"status-publish","4":"has-post-thumbnail","6":"product_brand-rug-hali","7":"product_cat-bedroom","8":"product_cat-buzak","9":"product_cat-choose-by-rug-hali-premium","10":"product_cat-entrance","11":"product_cat-kitchen","12":"product_cat-living-room","13":"product_cat-office","14":"product_cat-wool","15":"product_tag-afgan-el-dokuma-hali","16":"product_tag-afgan-halisi","17":"product_tag-afghan-rug","18":"product_tag-antik-gorunumlu-hali","19":"product_tag-artisan-rug","20":"product_tag-benzersiz-el-dokuma-hali","21":"product_tag-bohemian-rug","22":"product_tag-boho-rug","23":"product_tag-decorative-rug","24":"product_tag-dekoratif-hali","25":"product_tag-dogal-yun-hali","26":"product_tag-el-dokuma-hali","27":"product_tag-el-dokuma-yun-hali","28":"product_tag-el-yapimi-hali","29":"product_tag-el-yapimi-yun-hali","30":"product_tag-ethnic-pattern-rug","31":"product_tag-ethnic-rug","32":"product_tag-etnik-hali","33":"product_tag-geleneksel-hali","34":"product_tag-grey-rug","35":"product_tag-hali","36":"product_tag-handmade-rug","37":"product_tag-handwoven-rug","38":"product_tag-interior-decor-rug","39":"product_tag-kaliteli-el-dokuma-hali","40":"product_tag-klasik-dekor-hali","41":"product_tag-klasik-hali","42":"product_tag-koleksiyon-halisi","43":"product_tag-koridor-halisi","44":"product_tag-luks-el-dokuma-hali","45":"product_tag-luks-hali","46":"product_tag-luxury-wool-rug","47":"product_tag-modern-dekor-hali","48":"product_tag-multicolor-rug","49":"product_tag-natural-wool-rug","50":"product_tag-oriental-hali","51":"product_tag-oriental-rug","52":"product_tag-otantik-el-dokuma-hali","53":"product_tag-otantik-hali","54":"product_tag-oturma-odasi-halisi","55":"product_tag-ozel-tasarim-hali","56":"product_tag-salon-halisi","57":"product_tag-sanatsal-hali","58":"product_tag-sark-halisi","59":"product_tag-traditional-rug","60":"product_tag-tribal-rug","61":"product_tag-vintage-rug","62":"product_tag-vintage-style-rug","63":"product_tag-wool-rug","64":"product_tag-yatak-odasi-halisi","65":"product_tag-yun-hali","67":"first","68":"outofstock","69":"sale","70":"featured","71":"sold-individually","72":"taxable","73":"shipping-taxable","74":"purchasable","75":"product-type-simple"},"yoast_head":"<!-- This site is optimized with the Yoast SEO plugin v27.5 - https:\/\/yoast.com\/product\/yoast-seo-wordpress\/ -->\n<title>decorative rug: Handwoven Wool by Skilled Artisans - Rug Hal\u0131<\/title>\n<meta name=\"description\" content=\"Elevate your decor with this unique decorative rug made from 100% natural wool. Perfect for any interior space, it promises lasting charm!\" \/>\n<meta name=\"robots\" content=\"index, follow, max-snippet:-1, max-image-preview:large, max-video-preview:-1\" \/>\n<link rel=\"canonical\" href=\"https:\/\/rughali.com\/tr\/urun\/52557\/\" \/>\n<meta property=\"og:locale\" content=\"tr_TR\" \/>\n<meta property=\"og:type\" content=\"article\" \/>\n<meta property=\"og:title\" content=\"decorative rug: Handwoven Wool by Skilled Artisans - Rug Hal\u0131\" \/>\n<meta property=\"og:description\" content=\"Elevate your decor with this unique decorative rug made from 100% natural wool. Perfect for any interior space, it promises lasting charm!\" \/>\n<meta property=\"og:url\" content=\"https:\/\/rughali.com\/tr\/urun\/52557\/\" \/>\n<meta property=\"og:site_name\" content=\"Rug Hal\u0131\" \/>\n<meta property=\"article:modified_time\" content=\"2026-04-21T12:13:15+00:00\" \/>\n<meta property=\"og:image\" content=\"https:\/\/rughali.com\/wp-content\/uploads\/2026\/03\/A-52557-2.97X1.97_1-scaled.jpg\" \/>\n\t<meta property=\"og:image:width\" content=\"1700\" \/>\n\t<meta property=\"og:image:height\" content=\"2560\" \/>\n\t<meta property=\"og:image:type\" content=\"image\/jpeg\" \/>\n<meta name=\"twitter:card\" content=\"summary_large_image\" \/>\n<meta name=\"twitter:label1\" content=\"Tahmini okuma s\u00fcresi\" \/>\n\t<meta name=\"twitter:data1\" content=\"2 dakika\" \/>\n<script type=\"application\/ld+json\" class=\"yoast-schema-graph\">{\"@context\":\"https:\\\/\\\/schema.org\",\"@graph\":[{\"@type\":\"WebPage\",\"@id\":\"https:\\\/\\\/rughali.com\\\/product\\\/52557\\\/\",\"url\":\"https:\\\/\\\/rughali.com\\\/product\\\/52557\\\/\",\"name\":\"decorative rug: Handwoven Wool by Skilled Artisans - Rug Hal\u0131\",\"isPartOf\":{\"@id\":\"https:\\\/\\\/rughali.com\\\/#website\"},\"primaryImageOfPage\":{\"@id\":\"https:\\\/\\\/rughali.com\\\/product\\\/52557\\\/#primaryimage\"},\"image\":{\"@id\":\"https:\\\/\\\/rughali.com\\\/product\\\/52557\\\/#primaryimage\"},\"thumbnailUrl\":\"https:\\\/\\\/rughali.com\\\/wp-content\\\/uploads\\\/2026\\\/03\\\/A-52557-2.97X1.97_1-scaled.jpg\",\"datePublished\":\"2026-03-10T13:52:41+00:00\",\"dateModified\":\"2026-04-21T12:13:15+00:00\",\"description\":\"Elevate your decor with this unique decorative rug made from 100% natural wool. Perfect for any interior space, it promises lasting charm!\",\"breadcrumb\":{\"@id\":\"https:\\\/\\\/rughali.com\\\/product\\\/52557\\\/#breadcrumb\"},\"inLanguage\":\"tr\",\"potentialAction\":[{\"@type\":\"ReadAction\",\"target\":[\"https:\\\/\\\/rughali.com\\\/product\\\/52557\\\/\"]}]},{\"@type\":\"ImageObject\",\"inLanguage\":\"tr\",\"@id\":\"https:\\\/\\\/rughali.com\\\/product\\\/52557\\\/#primaryimage\",\"url\":\"https:\\\/\\\/rughali.com\\\/wp-content\\\/uploads\\\/2026\\\/03\\\/A-52557-2.97X1.97_1-scaled.jpg\",\"contentUrl\":\"https:\\\/\\\/rughali.com\\\/wp-content\\\/uploads\\\/2026\\\/03\\\/A-52557-2.97X1.97_1-scaled.jpg\",\"width\":1700,\"height\":2560},{\"@type\":\"BreadcrumbList\",\"@id\":\"https:\\\/\\\/rughali.com\\\/product\\\/52557\\\/#breadcrumb\",\"itemListElement\":[{\"@type\":\"ListItem\",\"position\":1,\"name\":\"Home\",\"item\":\"https:\\\/\\\/rughali.com\\\/\"},{\"@type\":\"ListItem\",\"position\":2,\"name\":\"Every Rug Tells a Story\",\"item\":\"https:\\\/\\\/rughali.com\\\/shop\\\/\"},{\"@type\":\"ListItem\",\"position\":3,\"name\":\"Buzak Handwoven Rug \u2013 100% Wool \u2013 Natural Vegetable Dye (Chob Rang) \u2013 35&#215;40 Quality \u2013 Anthracite Grey Base with Multicolor Ethnic Patterns\"}]},{\"@type\":\"WebSite\",\"@id\":\"https:\\\/\\\/rughali.com\\\/#website\",\"url\":\"https:\\\/\\\/rughali.com\\\/\",\"name\":\"Rug Hal\u0131\",\"description\":\"Handmade rugs\",\"publisher\":{\"@id\":\"https:\\\/\\\/rughali.com\\\/#organization\"},\"potentialAction\":[{\"@type\":\"SearchAction\",\"target\":{\"@type\":\"EntryPoint\",\"urlTemplate\":\"https:\\\/\\\/rughali.com\\\/?s={search_term_string}\"},\"query-input\":{\"@type\":\"PropertyValueSpecification\",\"valueRequired\":true,\"valueName\":\"search_term_string\"}}],\"inLanguage\":\"tr\"},{\"@type\":\"Organization\",\"@id\":\"https:\\\/\\\/rughali.com\\\/#organization\",\"name\":\"Rug Hal\u0131\",\"url\":\"https:\\\/\\\/rughali.com\\\/\",\"logo\":{\"@type\":\"ImageObject\",\"inLanguage\":\"tr\",\"@id\":\"https:\\\/\\\/rughali.com\\\/#\\\/schema\\\/logo\\\/image\\\/\",\"url\":\"https:\\\/\\\/rughali.com\\\/wp-content\\\/uploads\\\/2025\\\/10\\\/rug_hali_logo_transparent-1.png\",\"contentUrl\":\"https:\\\/\\\/rughali.com\\\/wp-content\\\/uploads\\\/2025\\\/10\\\/rug_hali_logo_transparent-1.png\",\"width\":736,\"height\":637,\"caption\":\"Rug Hal\u0131\"},\"image\":{\"@id\":\"https:\\\/\\\/rughali.com\\\/#\\\/schema\\\/logo\\\/image\\\/\"}}]}<\/script>\n<!-- \/ Yoast SEO plugin. -->","yoast_head_json":{"title":"decorative rug: Handwoven Wool by Skilled Artisans - Rug Hal\u0131","description":"Elevate your decor with this unique decorative rug made from 100% natural wool. Perfect for any interior space, it promises lasting charm!","robots":{"index":"index","follow":"follow","max-snippet":"max-snippet:-1","max-image-preview":"max-image-preview:large","max-video-preview":"max-video-preview:-1"},"canonical":"https:\/\/rughali.com\/tr\/urun\/52557\/","og_locale":"tr_TR","og_type":"article","og_title":"decorative rug: Handwoven Wool by Skilled Artisans - Rug Hal\u0131","og_description":"Elevate your decor with this unique decorative rug made from 100% natural wool. Perfect for any interior space, it promises lasting charm!","og_url":"https:\/\/rughali.com\/tr\/urun\/52557\/","og_site_name":"Rug Hal\u0131","article_modified_time":"2026-04-21T12:13:15+00:00","og_image":[{"width":1700,"height":2560,"url":"https:\/\/rughali.com\/wp-content\/uploads\/2026\/03\/A-52557-2.97X1.97_1-scaled.jpg","type":"image\/jpeg"}],"twitter_card":"summary_large_image","twitter_misc":{"Tahmini okuma s\u00fcresi":"2 dakika"},"schema":{"@context":"https:\/\/schema.org","@graph":[{"@type":"WebPage","@id":"https:\/\/rughali.com\/product\/52557\/","url":"https:\/\/rughali.com\/product\/52557\/","name":"decorative rug: Handwoven Wool by Skilled Artisans - Rug Hal\u0131","isPartOf":{"@id":"https:\/\/rughali.com\/#website"},"primaryImageOfPage":{"@id":"https:\/\/rughali.com\/product\/52557\/#primaryimage"},"image":{"@id":"https:\/\/rughali.com\/product\/52557\/#primaryimage"},"thumbnailUrl":"https:\/\/rughali.com\/wp-content\/uploads\/2026\/03\/A-52557-2.97X1.97_1-scaled.jpg","datePublished":"2026-03-10T13:52:41+00:00","dateModified":"2026-04-21T12:13:15+00:00","description":"Elevate your decor with this unique decorative rug made from 100% natural wool. Perfect for any interior space, it promises lasting charm!","breadcrumb":{"@id":"https:\/\/rughali.com\/product\/52557\/#breadcrumb"},"inLanguage":"tr","potentialAction":[{"@type":"ReadAction","target":["https:\/\/rughali.com\/product\/52557\/"]}]},{"@type":"ImageObject","inLanguage":"tr","@id":"https:\/\/rughali.com\/product\/52557\/#primaryimage","url":"https:\/\/rughali.com\/wp-content\/uploads\/2026\/03\/A-52557-2.97X1.97_1-scaled.jpg","contentUrl":"https:\/\/rughali.com\/wp-content\/uploads\/2026\/03\/A-52557-2.97X1.97_1-scaled.jpg","width":1700,"height":2560},{"@type":"BreadcrumbList","@id":"https:\/\/rughali.com\/product\/52557\/#breadcrumb","itemListElement":[{"@type":"ListItem","position":1,"name":"Home","item":"https:\/\/rughali.com\/"},{"@type":"ListItem","position":2,"name":"Every Rug Tells a Story","item":"https:\/\/rughali.com\/shop\/"},{"@type":"ListItem","position":3,"name":"Buzak Handwoven Rug \u2013 100% Wool \u2013 Natural Vegetable Dye (Chob Rang) \u2013 35&#215;40 Quality \u2013 Anthracite Grey Base with Multicolor Ethnic Patterns"}]},{"@type":"WebSite","@id":"https:\/\/rughali.com\/#website","url":"https:\/\/rughali.com\/","name":"Rug Hal\u0131","description":"Handmade rugs","publisher":{"@id":"https:\/\/rughali.com\/#organization"},"potentialAction":[{"@type":"SearchAction","target":{"@type":"EntryPoint","urlTemplate":"https:\/\/rughali.com\/?s={search_term_string}"},"query-input":{"@type":"PropertyValueSpecification","valueRequired":true,"valueName":"search_term_string"}}],"inLanguage":"tr"},{"@type":"Organization","@id":"https:\/\/rughali.com\/#organization","name":"Rug Hal\u0131","url":"https:\/\/rughali.com\/","logo":{"@type":"ImageObject","inLanguage":"tr","@id":"https:\/\/rughali.com\/#\/schema\/logo\/image\/","url":"https:\/\/rughali.com\/wp-content\/uploads\/2025\/10\/rug_hali_logo_transparent-1.png","contentUrl":"https:\/\/rughali.com\/wp-content\/uploads\/2025\/10\/rug_hali_logo_transparent-1.png","width":736,"height":637,"caption":"Rug Hal\u0131"},"image":{"@id":"https:\/\/rughali.com\/#\/schema\/logo\/image\/"}}]}},"_links":{"self":[{"href":"https:\/\/rughali.com\/tr\/wp-json\/wp\/v2\/product\/7643","targetHints":{"allow":["GET"]}}],"collection":[{"href":"https:\/\/rughali.com\/tr\/wp-json\/wp\/v2\/product"}],"about":[{"href":"https:\/\/rughali.com\/tr\/wp-json\/wp\/v2\/types\/product"}],"replies":[{"embeddable":true,"href":"https:\/\/rughali.com\/tr\/wp-json\/wp\/v2\/comments?post=7643"}],"wp:featuredmedia":[{"embeddable":true,"href":"https:\/\/rughali.com\/tr\/wp-json\/wp\/v2\/media\/7612"}],"wp:attachment":[{"href":"https:\/\/rughali.com\/tr\/wp-json\/wp\/v2\/media?parent=7643"}],"wp:term":[{"taxonomy":"product_brand","embeddable":true,"href":"https:\/\/rughali.com\/tr\/wp-json\/wp\/v2\/product_brand?post=7643"},{"taxonomy":"product_cat","embeddable":true,"href":"https:\/\/rughali.com\/tr\/wp-json\/wp\/v2\/product_cat?post=7643"},{"taxonomy":"product_tag","embeddable":true,"href":"https:\/\/rughali.com\/tr\/wp-json\/wp\/v2\/product_tag?post=7643"}],"curies":[{"name":"wp","href":"https:\/\/api.w.org\/{rel}","templated":true}]}}