{"id":7710,"date":"2026-03-12T13:57:46","date_gmt":"2026-03-12T13:57:46","guid":{"rendered":"https:\/\/rughali.com\/?post_type=product&#038;p=7710"},"modified":"2026-03-12T21:46:30","modified_gmt":"2026-03-12T21:46:30","slug":"serapi-design-handwoven-wool-rug","status":"publish","type":"product","link":"https:\/\/rughali.com\/tr\/urun\/serapi-design-handwoven-wool-rug\/","title":{"rendered":"Serap\u0131 Desenli El Dokuma Y\u00fcn Hal\u0131"},"content":{"rendered":"<p><strong>Kargo S\u00fcreci:<\/strong><br \/>\nSipari\u015finiz 1-2 i\u015f g\u00fcn\u00fc i\u00e7inde haz\u0131rlan\u0131p g\u00f6nderilecektir, b\u00f6ylece \u00fcr\u00fcn\u00fcn\u00fcz size en h\u0131zl\u0131 \u015fekilde ula\u015f\u0131r.<br \/>\n<strong>\u00dcr\u00fcn Hakk\u0131nda<\/strong><br \/>\nT\u00fcm \u00fcr\u00fcnlerimiz y\u00fcksek kaliteli malzemeler kullan\u0131larak \u00f6zenle el yap\u0131m\u0131d\u0131r. Her par\u00e7a benzersizdir ve ola\u011fan\u00fcst\u00fc bir ustal\u0131kla haz\u0131rlanm\u0131\u015f zamans\u0131z bir tasar\u0131m\u0131 yans\u0131t\u0131r.<br \/>\n<strong>Y\u00fcn E\u011firme:<\/strong><br \/>\nY\u00fcn, lifleri tarayarak haz\u0131rlan\u0131r ve ard\u0131ndan iplik haline getirilir. Bu i\u015flem, nesiller boyunca aktar\u0131lan geleneksel tekniklerle yap\u0131l\u0131r.<br \/>\n<strong>Tasar\u0131m:<\/strong><br \/>\nY\u00fcksek beceri ve deneyime sahip hal\u0131 tasar\u0131m sanat\u00e7\u0131lar\u0131m\u0131z, her hal\u0131da g\u00f6z al\u0131c\u0131 sanat eserleri yaratmaya kendini adam\u0131\u015ft\u0131r. Geli\u015fmi\u015f tasar\u0131m yaz\u0131l\u0131mlar\u0131 kullanarak benzersiz ve g\u00fczel desenler \u00fcretirler.<br \/>\n<strong>Do\u011fal Boyalar:<\/strong><br \/>\n\u00dcr\u00fcnlerimizde kullan\u0131lan boyalar tamamen do\u011fald\u0131r; hem estetik g\u00fczellik sa\u011flar hem de sa\u011fl\u0131kl\u0131 bir kullan\u0131m sunar.<br \/>\n<strong>Dokuma:<\/strong><br \/>\nBoyanm\u0131\u015f ve haz\u0131rlanm\u0131\u015f y\u00fcn, Afganistan\u2019da yetenekli ustalar taraf\u0131ndan dokunur; ustalar\u0131n \u00e7o\u011funlu\u011funu kad\u0131nlar olu\u015fturur.<br \/>\n<strong>Renk Referans Sistemi:<\/strong><br \/>\nRug Hali\u2019nin yenilik\u00e7i renk referans kutular\u0131, standart bir kodlama sistemi ile d\u00fczenlenmi\u015f 600\u2019den fazla farkl\u0131 renk sunar. Bu, g\u00fcvenli ve hatas\u0131z bir sipari\u015f s\u00fcreci sa\u011flar.<br \/>\n<strong>Hal\u0131 Kalite Kontrol\u00fc ve Onar\u0131m\u0131:<\/strong><br \/>\nRug Hali\u2019de, \u00f6zverili kalite kontrol ekibimiz her hal\u0131n\u0131n a\u015fa\u011f\u0131daki s\u00fcre\u00e7lerden ge\u00e7ti\u011finden emin olur:<br \/>\n\u2022 Hal\u0131 D\u00fczeltme<br \/>\n\u2022 Hal\u0131 Onar\u0131m\u0131<br \/>\n\u2022 Hal\u0131 Yenileme<br \/>\n<strong>Y\u00fcn Y\u0131kama:<\/strong><br \/>\nHal\u0131 \u00fcretim s\u00fcreci, koyunlardan y\u00fcn\u00fc nazik\u00e7e k\u0131rparak ve do\u011fal ya\u011flar\u0131n\u0131 gidererek ba\u015flar. Y\u00fcn, hafif sol\u00fcsyonlar veya deterjanlar kullan\u0131larak y\u0131kan\u0131r.<br \/>\n<strong>Ambalajlama ve Etiketleme:<\/strong><br \/>\nBitmi\u015f hal\u0131lar, marka logomuzla etiketlenir ve her \u00fcr\u00fcne \u00f6zel bir kimlik kazand\u0131ran asma etiketi ile bak\u0131m talimatlar\u0131n\u0131 i\u00e7erir.<br \/>\n<strong>Ma\u011fazam\u0131z Hakk\u0131nda:<\/strong><br \/>\nEvlerinize s\u0131cakl\u0131k ve karakter katacak \u00f6zg\u00fcn, el yap\u0131m\u0131 \u00fcr\u00fcnler yaratmaya tutkuyla ba\u011fl\u0131y\u0131z. Her al\u0131\u015fveri\u015f, yetenekli ustalar\u0131 destekler ve geleneksel el sanatlar\u0131n\u0131n korunmas\u0131na katk\u0131 sa\u011flar. Bizi se\u00e7erek sadece bir \u00fcr\u00fcn sat\u0131n almakla kalmaz, anlaml\u0131 bir hik\u00e2yenin par\u00e7as\u0131 olursunuz.<br \/>\n<strong>\ud83d\ude9a Kargo:<\/strong><br \/>\nG\u00fcvenli ve h\u0131zl\u0131 teslimat i\u00e7in sipari\u015flerinizi d\u00fcnya \u00e7ap\u0131nda UPS ile g\u00f6nderiyoruz. Sipari\u015finiz kargoya verildi\u011finde takip bilgileri sa\u011flanacakt\u0131r.<br \/>\n<strong>\u00a0Bak\u0131m Talimatlar\u0131:<\/strong><br \/>\nEl yap\u0131m\u0131 \u00fcr\u00fcn\u00fcn\u00fcz\u00fcn en iyi durumda kalmas\u0131 i\u00e7in nazik\u00e7e yumu\u015fak bir f\u0131r\u00e7a veya elektrikli s\u00fcp\u00fcrge ile temizleyin. Sert kimyasallardan ka\u00e7\u0131n\u0131n ve rengini ve kalitesini korumak i\u00e7in a\u015f\u0131r\u0131 nemden ve do\u011frudan g\u00fcne\u015f \u0131\u015f\u0131\u011f\u0131ndan koruyun.<br \/>\n<strong>Birden Fazla Sipari\u015f Vermek \u0130\u00e7in:\u00a0\u00a0<\/strong>Birden fazla \u00fcr\u00fcn sipari\u015f etmek isterseniz, indirimli toplu fiyatlardan yararlanmak i\u00e7in istedi\u011finiz \u00fcr\u00fcnleri sepete ekleyin. \u00d6zel sipari\u015fler i\u00e7in l\u00fctfen Etsy mesajlar\u0131 \u00fczerinden bizimle ileti\u015fime ge\u00e7in\u2014size yard\u0131mc\u0131 olmaktan memnuniyet duyar\u0131z.<\/p>\n<p><strong>\u00dcr\u00fcn\u00fcn A\u00e7\u0131klamas\u0131:<\/strong><\/p>\n<p data-start=\"1477\" data-end=\"1739\" class=\" translation-block\">Bu Serap\u0131 desenli el dokuma hal\u0131, geleneksel dokuma sanat\u0131n\u0131n en zarif \u00f6rneklerinden biridir. Usta zanaatk\u00e2rlar taraf\u0131ndan 0 do\u011fal y\u00fcn ipliklerle \u00f6zenle dokunan bu hal\u0131, g\u00fc\u00e7l\u00fc geometrik motifleri ve dengeli tasar\u0131m\u0131yla ya\u015fam alanlar\u0131n\u0131za s\u0131cakl\u0131k ve estetik bir karakter kazand\u0131r\u0131r.<\/p>\n<p data-start=\"1741\" data-end=\"1996\" class=\" translation-block\">Serap\u0131 deseni, klasik Do\u011fu hal\u0131 gelene\u011finden ilham alan b\u00fcy\u00fck ve belirgin geometrik motifleriyle tan\u0131n\u0131r. Bu tasar\u0131m, hem geleneksel hem de modern dekorasyon stilleriyle uyum sa\u011flayarak mek\u00e2na zamans\u0131z bir \u015f\u0131kl\u0131k katar.<\/p>\n<p data-start=\"1998\" data-end=\"2259\" class=\" translation-block\">Do\u011fal y\u00fcn ipliklerden \u00fcretilmi\u015f olan bu hal\u0131, yumu\u015fak dokusu ve dayan\u0131kl\u0131 yap\u0131s\u0131 sayesinde uzun y\u0131llar kullan\u0131labilir. \u0130pliklerde kullan\u0131lan do\u011fal bitkisel k\u00f6k boyalar, hal\u0131n\u0131n renklerinin y\u0131llar boyunca canl\u0131l\u0131\u011f\u0131n\u0131 korumas\u0131na yard\u0131mc\u0131 olur.<\/p>\n<p data-start=\"2261\" data-end=\"2519\" class=\" translation-block\">Her hal\u0131 tamamen el dokumas\u0131 oldu\u011fu i\u00e7in k\u00fc\u00e7\u00fck farkl\u0131l\u0131klar i\u00e7erir; bu da her par\u00e7ay\u0131 benzersiz ve \u00f6zel bir sanat eseri haline getirir. Ayr\u0131ca do\u011fal y\u00fcn lifleri \u0131\u015f\u0131\u011fa g\u00f6re farkl\u0131 tonlar yans\u0131tarak hal\u0131ya derinlik ve zenginlik kazand\u0131r\u0131r.<\/p>\n<p data-start=\"2521\" data-end=\"2622\" class=\" translation-block\">Bu hal\u0131 yaln\u0131zca bir dekorasyon \u00fcr\u00fcn\u00fc de\u011fil, ayn\u0131 zamanda geleneksel el sanatlar\u0131n\u0131 yans\u0131tan de\u011ferli bir k\u00fclt\u00fcrel miras niteli\u011findedir.<\/p>\n<h3 data-section-id=\"1dqbs77\" data-start=\"1363\" data-end=\"1389\">\u00dcr\u00fcn \u00d6zellikleri<\/h3>\n<ul data-start=\"1390\" data-end=\"1645\">\n<li data-section-id=\"qhssef\" data-start=\"1390\" data-end=\"1411\">\n<p data-start=\"1392\" data-end=\"1411\"><strong data-start=\"1392\" data-end=\"1403\">Tasar\u0131m:<\/strong> Serapi<\/p>\n<\/li>\n<li data-section-id=\"oh6l1q\" data-start=\"1412\" data-end=\"1438\">\n<p data-start=\"1414\" data-end=\"1438\"><strong data-start=\"1414\" data-end=\"1423\">Boyut:<\/strong> 352 \u00d7 273 cm<\/p>\n<\/li>\n<li data-section-id=\"naekpz\" data-start=\"1439\" data-end=\"1474\">\n<p data-start=\"1441\" data-end=\"1474\"><strong data-start=\"1441\" data-end=\"1454\">Malzeme:<\/strong>\u00a0100% Do\u011fal Y\u00fcn<\/p>\n<\/li>\n<li data-section-id=\"nxunhk\" data-start=\"1475\" data-end=\"1503\">\n<p data-start=\"1477\" data-end=\"1503\"><strong data-start=\"1477\" data-end=\"1491\">Teknik:<\/strong>\u00a0El Dokuma<\/p>\n<\/li>\n<li data-section-id=\"1qntnjl\" data-start=\"1504\" data-end=\"1539\">\n<p data-start=\"1506\" data-end=\"1539\" class=\" translation-block\">Stil: Geleneksel \/ Etnik<\/p>\n<\/li>\n<li data-section-id=\"j4m8c\" data-start=\"1540\" data-end=\"1595\">\n<p data-start=\"1542\" data-end=\"1595\"><strong data-start=\"1542\" data-end=\"1555\">Temizlik:<\/strong>\u00a0Profesyonel hal\u0131 y\u0131kama \u00f6nerilir<\/p>\n<\/li>\n<li data-section-id=\"gaaxku\" data-start=\"1596\" data-end=\"1645\">\n<p data-start=\"1598\" data-end=\"1645\"><strong data-start=\"1598\" data-end=\"1631\">Men\u015fei \/ \u00dcretim Yeri:<\/strong>\u00a0Afganistan<\/p>\n<\/li>\n<\/ul>\n<h3 data-section-id=\"ja9mqs\" data-start=\"1652\" data-end=\"1676\">Bu Hal\u0131y\u0131 Neden Tercih Etmelisiniz?<\/h3>\n<ul data-start=\"1677\" data-end=\"1902\">\n<li data-section-id=\"11z7dyu\" data-start=\"1677\" data-end=\"1723\">\n<p data-start=\"1679\" data-end=\"1723\" class=\" translation-block\">100 % el dokuma ve \u00f6zg\u00fcn zanaatk\u00e2rl\u0131k<\/p>\n<\/li>\n<li data-section-id=\"17cyh2v\" data-start=\"1724\" data-end=\"1767\">\n<p data-start=\"1726\" data-end=\"1767\" class=\" translation-block\">Y\u00fcksek kaliteli do\u011fal y\u00fcn malzeme<\/p>\n<\/li>\n<li data-section-id=\"1ybs7sq\" data-start=\"1768\" data-end=\"1816\">\n<p data-start=\"1770\" data-end=\"1816\" class=\" translation-block\">Zamans\u0131z ve \u015f\u0131k Buzak deseni<\/p>\n<\/li>\n<li data-section-id=\"dlxt9m\" data-start=\"1817\" data-end=\"1859\">\n<p data-start=\"1819\" data-end=\"1859\">Dayan\u0131kl\u0131 ve uzun \u00f6m\u00fcrl\u00fc kullan\u0131m<\/p>\n<\/li>\n<li data-section-id=\"1xlj32a\" data-start=\"1860\" data-end=\"1902\">\n<p data-start=\"1862\" data-end=\"1902\">Benzersiz el i\u015f\u00e7ili\u011fi ile \u00fcretilmi\u015f \u00f6zel par\u00e7a<\/p>\n<\/li>\n<\/ul>","protected":false},"excerpt":{"rendered":"<p data-start=\"1477\" data-end=\"1739\" class=\" translation-block\">Bu Serap\u0131 desenli el dokuma hal\u0131, geleneksel dokuma sanat\u0131n\u0131n en zarif \u00f6rneklerinden biridir. Usta zanaatk\u00e2rlar taraf\u0131ndan 0 do\u011fal y\u00fcn ipliklerle \u00f6zenle dokunan bu hal\u0131, g\u00fc\u00e7l\u00fc geometrik motifleri ve dengeli tasar\u0131m\u0131yla ya\u015fam alanlar\u0131n\u0131za s\u0131cakl\u0131k ve estetik bir karakter kazand\u0131r\u0131r.<\/p>\n<p data-start=\"1741\" data-end=\"1996\" class=\" translation-block\">Serap\u0131 deseni, klasik Do\u011fu hal\u0131 gelene\u011finden ilham alan b\u00fcy\u00fck ve belirgin geometrik motifleriyle tan\u0131n\u0131r. Bu tasar\u0131m, hem geleneksel hem de modern dekorasyon stilleriyle uyum sa\u011flayarak mek\u00e2na zamans\u0131z bir \u015f\u0131kl\u0131k katar.<\/p>\n<p data-start=\"1998\" data-end=\"2259\" class=\" translation-block\">Do\u011fal y\u00fcn ipliklerden \u00fcretilmi\u015f olan bu hal\u0131, yumu\u015fak dokusu ve dayan\u0131kl\u0131 yap\u0131s\u0131 sayesinde uzun y\u0131llar kullan\u0131labilir. \u0130pliklerde kullan\u0131lan do\u011fal bitkisel k\u00f6k boyalar, hal\u0131n\u0131n renklerinin y\u0131llar boyunca canl\u0131l\u0131\u011f\u0131n\u0131 korumas\u0131na yard\u0131mc\u0131 olur.<\/p>\n<p data-start=\"2261\" data-end=\"2519\" class=\" translation-block\">Her hal\u0131 tamamen el dokumas\u0131 oldu\u011fu i\u00e7in k\u00fc\u00e7\u00fck farkl\u0131l\u0131klar i\u00e7erir; bu da her par\u00e7ay\u0131 benzersiz ve \u00f6zel bir sanat eseri haline getirir. Ayr\u0131ca do\u011fal y\u00fcn lifleri \u0131\u015f\u0131\u011fa g\u00f6re farkl\u0131 tonlar yans\u0131tarak hal\u0131ya derinlik ve zenginlik kazand\u0131r\u0131r.<\/p>\n<p data-start=\"2521\" data-end=\"2622\" class=\" translation-block\">Bu hal\u0131 yaln\u0131zca bir dekorasyon \u00fcr\u00fcn\u00fc de\u011fil, ayn\u0131 zamanda geleneksel el sanatlar\u0131n\u0131 yans\u0131tan de\u011ferli bir k\u00fclt\u00fcrel miras niteli\u011findedir.<\/p>","protected":false},"featured_media":7622,"comment_status":"open","ping_status":"closed","template":"","meta":{"_gspb_post_css":""},"product_brand":[46],"product_cat":[42,40,44,43,45,76,39],"product_tag":[156,155,114,161,123,173,129,167,149,146,159,147,162,152,151,145,61,126,171,169,153,175,166,170,154,176,168,157,94,160,150,164,172,163,174,158,119,116,87,165,148],"class_list":{"0":"post-7710","1":"product","2":"type-product","3":"status-publish","4":"has-post-thumbnail","6":"product_brand-rug-hali","7":"product_cat-bedroom","8":"product_cat-choose-by-rug-hali-premium","9":"product_cat-kitchen","10":"product_cat-living-room","11":"product_cat-office","12":"product_cat-serapi","13":"product_cat-wool","14":"product_tag-afgan-el-dokuma-hali","15":"product_tag-afgan-halisi","16":"product_tag-afghan-rug","17":"product_tag-antik-gorunumlu-hali","18":"product_tag-artisan-rug","19":"product_tag-benzersiz-el-dokuma-hali","20":"product_tag-decorative-rug","21":"product_tag-dekoratif-hali","22":"product_tag-dogal-yun-hali","23":"product_tag-el-dokuma-hali","24":"product_tag-el-dokuma-yun-hali","25":"product_tag-el-yapimi-hali","26":"product_tag-el-yapimi-yun-hali","27":"product_tag-etnik-hali","28":"product_tag-geleneksel-hali","29":"product_tag-hali","30":"product_tag-handmade-rug","31":"product_tag-handwoven-rug","32":"product_tag-kaliteli-el-dokuma-hali","33":"product_tag-klasik-dekor-hali","34":"product_tag-klasik-hali","35":"product_tag-koleksiyon-halisi","36":"product_tag-koridor-halisi","37":"product_tag-luks-el-dokuma-hali","38":"product_tag-luks-hali","39":"product_tag-luxury-wool-rug","40":"product_tag-modern-dekor-hali","41":"product_tag-oriental-hali","42":"product_tag-oriental-rug","43":"product_tag-otantik-el-dokuma-hali","44":"product_tag-otantik-hali","45":"product_tag-oturma-odasi-halisi","46":"product_tag-ozel-tasarim-hali","47":"product_tag-salon-halisi","48":"product_tag-sanatsal-hali","49":"product_tag-sark-halisi","50":"product_tag-traditional-rug","51":"product_tag-tribal-rug","52":"product_tag-wool-rug","53":"product_tag-yatak-odasi-halisi","54":"product_tag-yun-hali","56":"first","57":"instock","58":"sale","59":"featured","60":"sold-individually","61":"taxable","62":"shipping-taxable","63":"purchasable","64":"product-type-simple"},"yoast_head":"<!-- This site is optimized with the Yoast SEO plugin v27.5 - https:\/\/yoast.com\/product\/yoast-seo-wordpress\/ -->\n<title>Serap\u0131 Design Handwoven Wool Rug - Rug Hal\u0131<\/title>\n<meta name=\"robots\" content=\"index, follow, max-snippet:-1, max-image-preview:large, max-video-preview:-1\" \/>\n<link rel=\"canonical\" href=\"https:\/\/rughali.com\/tr\/urun\/serapi-design-handwoven-wool-rug\/\" \/>\n<meta property=\"og:locale\" content=\"tr_TR\" \/>\n<meta property=\"og:type\" content=\"article\" \/>\n<meta property=\"og:title\" content=\"Serap\u0131 Design Handwoven Wool Rug - Rug Hal\u0131\" \/>\n<meta property=\"og:description\" content=\"This Serap\u0131 design handwoven rug is a refined example of traditional craftsmanship, carefully woven by skilled artisans using 100% natural wool. Its bold geometric motifs and balanced composition bring warmth, elegance, and character to any living space. The Serap\u0131 pattern is known for its distinctive large-scale geometric elements inspired by classic Oriental rug traditions. This timeless design blends beautifully with both modern and traditional interiors, making it a versatile decorative piece. Crafted from high-quality natural wool, the rug offers a soft texture and excellent durability, ensuring it can be enjoyed for many years. The yarns are dyed using natural vegetable dyes, helping the colors maintain their richness and harmony over time. Because each rug is entirely handwoven, slight variations occur, making every piece unique and one of a kind. The natural wool fibers also reflect light differently from various angles, creating subtle tonal variations that add depth and visual interest. This rug is not only a decorative item but also a timeless piece of traditional textile artistry.\" \/>\n<meta property=\"og:url\" content=\"https:\/\/rughali.com\/tr\/urun\/serapi-design-handwoven-wool-rug\/\" \/>\n<meta property=\"og:site_name\" content=\"Rug Hal\u0131\" \/>\n<meta property=\"article:modified_time\" content=\"2026-03-12T21:46:30+00:00\" \/>\n<meta property=\"og:image\" content=\"https:\/\/rughali.com\/wp-content\/uploads\/2026\/03\/A-57913-3.48X2.73-scaled.jpg\" \/>\n\t<meta property=\"og:image:width\" content=\"2001\" \/>\n\t<meta property=\"og:image:height\" content=\"2560\" \/>\n\t<meta property=\"og:image:type\" content=\"image\/jpeg\" \/>\n<meta name=\"twitter:card\" content=\"summary_large_image\" \/>\n<meta name=\"twitter:label1\" content=\"Tahmini okuma s\u00fcresi\" \/>\n\t<meta name=\"twitter:data1\" content=\"3 dakika\" \/>\n<script type=\"application\/ld+json\" class=\"yoast-schema-graph\">{\"@context\":\"https:\\\/\\\/schema.org\",\"@graph\":[{\"@type\":\"WebPage\",\"@id\":\"https:\\\/\\\/rughali.com\\\/product\\\/serapi-design-handwoven-wool-rug\\\/\",\"url\":\"https:\\\/\\\/rughali.com\\\/product\\\/serapi-design-handwoven-wool-rug\\\/\",\"name\":\"Serap\u0131 Design Handwoven Wool Rug - Rug Hal\u0131\",\"isPartOf\":{\"@id\":\"https:\\\/\\\/rughali.com\\\/#website\"},\"primaryImageOfPage\":{\"@id\":\"https:\\\/\\\/rughali.com\\\/product\\\/serapi-design-handwoven-wool-rug\\\/#primaryimage\"},\"image\":{\"@id\":\"https:\\\/\\\/rughali.com\\\/product\\\/serapi-design-handwoven-wool-rug\\\/#primaryimage\"},\"thumbnailUrl\":\"https:\\\/\\\/rughali.com\\\/wp-content\\\/uploads\\\/2026\\\/03\\\/A-57913-3.48X2.73-scaled.jpg\",\"datePublished\":\"2026-03-12T13:57:46+00:00\",\"dateModified\":\"2026-03-12T21:46:30+00:00\",\"breadcrumb\":{\"@id\":\"https:\\\/\\\/rughali.com\\\/product\\\/serapi-design-handwoven-wool-rug\\\/#breadcrumb\"},\"inLanguage\":\"tr\",\"potentialAction\":[{\"@type\":\"ReadAction\",\"target\":[\"https:\\\/\\\/rughali.com\\\/product\\\/serapi-design-handwoven-wool-rug\\\/\"]}]},{\"@type\":\"ImageObject\",\"inLanguage\":\"tr\",\"@id\":\"https:\\\/\\\/rughali.com\\\/product\\\/serapi-design-handwoven-wool-rug\\\/#primaryimage\",\"url\":\"https:\\\/\\\/rughali.com\\\/wp-content\\\/uploads\\\/2026\\\/03\\\/A-57913-3.48X2.73-scaled.jpg\",\"contentUrl\":\"https:\\\/\\\/rughali.com\\\/wp-content\\\/uploads\\\/2026\\\/03\\\/A-57913-3.48X2.73-scaled.jpg\",\"width\":2001,\"height\":2560},{\"@type\":\"BreadcrumbList\",\"@id\":\"https:\\\/\\\/rughali.com\\\/product\\\/serapi-design-handwoven-wool-rug\\\/#breadcrumb\",\"itemListElement\":[{\"@type\":\"ListItem\",\"position\":1,\"name\":\"Home\",\"item\":\"https:\\\/\\\/rughali.com\\\/\"},{\"@type\":\"ListItem\",\"position\":2,\"name\":\"Every Rug Tells a Story\",\"item\":\"https:\\\/\\\/rughali.com\\\/shop\\\/\"},{\"@type\":\"ListItem\",\"position\":3,\"name\":\"Serap\u0131 Design Handwoven Wool Rug\"}]},{\"@type\":\"WebSite\",\"@id\":\"https:\\\/\\\/rughali.com\\\/#website\",\"url\":\"https:\\\/\\\/rughali.com\\\/\",\"name\":\"Rug Hal\u0131\",\"description\":\"Handmade rugs\",\"publisher\":{\"@id\":\"https:\\\/\\\/rughali.com\\\/#organization\"},\"potentialAction\":[{\"@type\":\"SearchAction\",\"target\":{\"@type\":\"EntryPoint\",\"urlTemplate\":\"https:\\\/\\\/rughali.com\\\/?s={search_term_string}\"},\"query-input\":{\"@type\":\"PropertyValueSpecification\",\"valueRequired\":true,\"valueName\":\"search_term_string\"}}],\"inLanguage\":\"tr\"},{\"@type\":\"Organization\",\"@id\":\"https:\\\/\\\/rughali.com\\\/#organization\",\"name\":\"Rug Hal\u0131\",\"url\":\"https:\\\/\\\/rughali.com\\\/\",\"logo\":{\"@type\":\"ImageObject\",\"inLanguage\":\"tr\",\"@id\":\"https:\\\/\\\/rughali.com\\\/#\\\/schema\\\/logo\\\/image\\\/\",\"url\":\"https:\\\/\\\/rughali.com\\\/wp-content\\\/uploads\\\/2025\\\/10\\\/rug_hali_logo_transparent-1.png\",\"contentUrl\":\"https:\\\/\\\/rughali.com\\\/wp-content\\\/uploads\\\/2025\\\/10\\\/rug_hali_logo_transparent-1.png\",\"width\":736,\"height\":637,\"caption\":\"Rug Hal\u0131\"},\"image\":{\"@id\":\"https:\\\/\\\/rughali.com\\\/#\\\/schema\\\/logo\\\/image\\\/\"}}]}<\/script>\n<!-- \/ Yoast SEO plugin. -->","yoast_head_json":{"title":"Serap\u0131 Design Handwoven Wool Rug - Rug Hal\u0131","robots":{"index":"index","follow":"follow","max-snippet":"max-snippet:-1","max-image-preview":"max-image-preview:large","max-video-preview":"max-video-preview:-1"},"canonical":"https:\/\/rughali.com\/tr\/urun\/serapi-design-handwoven-wool-rug\/","og_locale":"tr_TR","og_type":"article","og_title":"Serap\u0131 Design Handwoven Wool Rug - Rug Hal\u0131","og_description":"This Serap\u0131 design handwoven rug is a refined example of traditional craftsmanship, carefully woven by skilled artisans using 100% natural wool. Its bold geometric motifs and balanced composition bring warmth, elegance, and character to any living space. The Serap\u0131 pattern is known for its distinctive large-scale geometric elements inspired by classic Oriental rug traditions. This timeless design blends beautifully with both modern and traditional interiors, making it a versatile decorative piece. Crafted from high-quality natural wool, the rug offers a soft texture and excellent durability, ensuring it can be enjoyed for many years. The yarns are dyed using natural vegetable dyes, helping the colors maintain their richness and harmony over time. Because each rug is entirely handwoven, slight variations occur, making every piece unique and one of a kind. The natural wool fibers also reflect light differently from various angles, creating subtle tonal variations that add depth and visual interest. This rug is not only a decorative item but also a timeless piece of traditional textile artistry.","og_url":"https:\/\/rughali.com\/tr\/urun\/serapi-design-handwoven-wool-rug\/","og_site_name":"Rug Hal\u0131","article_modified_time":"2026-03-12T21:46:30+00:00","og_image":[{"width":2001,"height":2560,"url":"https:\/\/rughali.com\/wp-content\/uploads\/2026\/03\/A-57913-3.48X2.73-scaled.jpg","type":"image\/jpeg"}],"twitter_card":"summary_large_image","twitter_misc":{"Tahmini okuma s\u00fcresi":"3 dakika"},"schema":{"@context":"https:\/\/schema.org","@graph":[{"@type":"WebPage","@id":"https:\/\/rughali.com\/product\/serapi-design-handwoven-wool-rug\/","url":"https:\/\/rughali.com\/product\/serapi-design-handwoven-wool-rug\/","name":"Serap\u0131 Design Handwoven Wool Rug - Rug Hal\u0131","isPartOf":{"@id":"https:\/\/rughali.com\/#website"},"primaryImageOfPage":{"@id":"https:\/\/rughali.com\/product\/serapi-design-handwoven-wool-rug\/#primaryimage"},"image":{"@id":"https:\/\/rughali.com\/product\/serapi-design-handwoven-wool-rug\/#primaryimage"},"thumbnailUrl":"https:\/\/rughali.com\/wp-content\/uploads\/2026\/03\/A-57913-3.48X2.73-scaled.jpg","datePublished":"2026-03-12T13:57:46+00:00","dateModified":"2026-03-12T21:46:30+00:00","breadcrumb":{"@id":"https:\/\/rughali.com\/product\/serapi-design-handwoven-wool-rug\/#breadcrumb"},"inLanguage":"tr","potentialAction":[{"@type":"ReadAction","target":["https:\/\/rughali.com\/product\/serapi-design-handwoven-wool-rug\/"]}]},{"@type":"ImageObject","inLanguage":"tr","@id":"https:\/\/rughali.com\/product\/serapi-design-handwoven-wool-rug\/#primaryimage","url":"https:\/\/rughali.com\/wp-content\/uploads\/2026\/03\/A-57913-3.48X2.73-scaled.jpg","contentUrl":"https:\/\/rughali.com\/wp-content\/uploads\/2026\/03\/A-57913-3.48X2.73-scaled.jpg","width":2001,"height":2560},{"@type":"BreadcrumbList","@id":"https:\/\/rughali.com\/product\/serapi-design-handwoven-wool-rug\/#breadcrumb","itemListElement":[{"@type":"ListItem","position":1,"name":"Home","item":"https:\/\/rughali.com\/"},{"@type":"ListItem","position":2,"name":"Every Rug Tells a Story","item":"https:\/\/rughali.com\/shop\/"},{"@type":"ListItem","position":3,"name":"Serap\u0131 Design Handwoven Wool Rug"}]},{"@type":"WebSite","@id":"https:\/\/rughali.com\/#website","url":"https:\/\/rughali.com\/","name":"Rug Hal\u0131","description":"Handmade rugs","publisher":{"@id":"https:\/\/rughali.com\/#organization"},"potentialAction":[{"@type":"SearchAction","target":{"@type":"EntryPoint","urlTemplate":"https:\/\/rughali.com\/?s={search_term_string}"},"query-input":{"@type":"PropertyValueSpecification","valueRequired":true,"valueName":"search_term_string"}}],"inLanguage":"tr"},{"@type":"Organization","@id":"https:\/\/rughali.com\/#organization","name":"Rug Hal\u0131","url":"https:\/\/rughali.com\/","logo":{"@type":"ImageObject","inLanguage":"tr","@id":"https:\/\/rughali.com\/#\/schema\/logo\/image\/","url":"https:\/\/rughali.com\/wp-content\/uploads\/2025\/10\/rug_hali_logo_transparent-1.png","contentUrl":"https:\/\/rughali.com\/wp-content\/uploads\/2025\/10\/rug_hali_logo_transparent-1.png","width":736,"height":637,"caption":"Rug Hal\u0131"},"image":{"@id":"https:\/\/rughali.com\/#\/schema\/logo\/image\/"}}]}},"_links":{"self":[{"href":"https:\/\/rughali.com\/tr\/wp-json\/wp\/v2\/product\/7710","targetHints":{"allow":["GET"]}}],"collection":[{"href":"https:\/\/rughali.com\/tr\/wp-json\/wp\/v2\/product"}],"about":[{"href":"https:\/\/rughali.com\/tr\/wp-json\/wp\/v2\/types\/product"}],"replies":[{"embeddable":true,"href":"https:\/\/rughali.com\/tr\/wp-json\/wp\/v2\/comments?post=7710"}],"wp:featuredmedia":[{"embeddable":true,"href":"https:\/\/rughali.com\/tr\/wp-json\/wp\/v2\/media\/7622"}],"wp:attachment":[{"href":"https:\/\/rughali.com\/tr\/wp-json\/wp\/v2\/media?parent=7710"}],"wp:term":[{"taxonomy":"product_brand","embeddable":true,"href":"https:\/\/rughali.com\/tr\/wp-json\/wp\/v2\/product_brand?post=7710"},{"taxonomy":"product_cat","embeddable":true,"href":"https:\/\/rughali.com\/tr\/wp-json\/wp\/v2\/product_cat?post=7710"},{"taxonomy":"product_tag","embeddable":true,"href":"https:\/\/rughali.com\/tr\/wp-json\/wp\/v2\/product_tag?post=7710"}],"curies":[{"name":"wp","href":"https:\/\/api.w.org\/{rel}","templated":true}]}}