{"id":7717,"date":"2026-03-12T21:07:28","date_gmt":"2026-03-12T21:07:28","guid":{"rendered":"https:\/\/rughali.com\/?post_type=product&#038;p=7717"},"modified":"2026-04-21T12:15:07","modified_gmt":"2026-04-21T12:15:07","slug":"serapi-design-handwoven-wool-rug-3","status":"publish","type":"product","link":"https:\/\/rughali.com\/tr\/urun\/serapi-design-handwoven-wool-rug-3\/","title":{"rendered":"Serap\u0131 Desenli El Dokuma Y\u00fcn Hal\u0131"},"content":{"rendered":"<p data-start=\"1364\" data-end=\"1624\"><strong>Shipping Process:<\/strong><br \/>\nYour order will be prepared and shipped within 1-2 business day, ensuring that your item reaches you as quickly as possible.<br \/>\n<strong>About the Item<\/strong><br \/>\nAll of our products are carefully handmade using high-quality materials. Each piece is unique and reflects a timeless design crafted with exceptional skill.<br \/>\n<strong>Wool Spinning:<\/strong><br \/>\nThe wool is prepared by combing the fibers and then spun into yarn by hand. This process is carried out using traditional techniques passed down through generations.<br \/>\n<strong>Design:<\/strong><br \/>\nOur highly skilled and experienced rug design artists are dedicated to creating stunning works of art in every rug. Using advanced design software, they produce unique and beautiful patterns.<br \/>\n<strong>Natural Dyes:<\/strong><br \/>\nThe dyes used in our products are completely natural, ensuring both aesthetic beauty and a healthy result.<br \/>\n<strong>Weaving:<\/strong><br \/>\nThe dyed and prepared wool is woven by talented artisans in Afghanistan, the majority of whom are women.<br \/>\n<strong>Color Reference System:<\/strong><br \/>\nRug Hali\u2019s innovative color reference boxes feature over 600 different colors organized with a standardized coding system. This ensures a secure and flawless ordering process.<br \/>\n<strong>Rug Quality Control and Repair:<\/strong><br \/>\nAt Rug Hali, our dedicated quality control team ensures that each rug undergoes:<br \/>\n\u2022 Rug Straightening<br \/>\n\u2022 Rug Repair<br \/>\n\u2022 Rug Renewal<br \/>\n<strong>Wool Washing:<\/strong><br \/>\nThe rug production process begins with gently shearing wool from sheep and removing natural oils. The wool is washed using mild solutions or detergents.<br \/>\n<strong>Packaging and Labeling:<\/strong><br \/>\nFinished rugs are labeled with our brand logo and include a swing tag and care instructions, giving each product a unique identity.<br \/>\n<strong>About Our Shop:<\/strong><br \/>\nWe are passionate about creating authentic, handmade products that bring warmth and character to your home. Every purchase supports skilled artisans and helps preserve traditional craftsmanship. By choosing us, you are not just buying a product\u2014you are becoming part of a meaningful story.<br \/>\n<strong>\ud83d\ude9a Shipping:<\/strong><br \/>\nFor safe and fast delivery, we ship worldwide via UPS. Once your order is dispatched, tracking information will be provided.<br \/>\n<strong>\u00a0Care Instructions:<\/strong><br \/>\nTo keep your handmade item in the best condition, gently clean it with a soft brush or vacuum. Avoid harsh chemicals, and protect it from excessive moisture and direct sunlight to preserve color and quality.<br \/>\n<strong>How to Order Multiples:\u00a0\u00a0<\/strong>If you\u2019d like to order more than one item, add the desired products to your cart to take advantage of discounted bulk pricing. For custom orders, please contact us via Etsy messages\u2014we\u2019ll be happy to assist you.<\/p>\n<p data-start=\"1364\" data-end=\"1624\"><strong>Product Description:<\/strong><\/p>\n<div class=\"flex flex-col text-sm pb-25\">\n<article class=\"text-token-text-primary w-full focus:outline-none [--shadow-height:45px] has-data-writing-block:pointer-events-none has-data-writing-block:-mt-(--shadow-height) has-data-writing-block:pt-(--shadow-height) [&amp;:has([data-writing-block])&gt;*]:pointer-events-auto scroll-mt-[calc(var(--header-height)+min(200px,max(70px,20svh)))]\" dir=\"auto\" tabindex=\"-1\" data-turn-id=\"request-69b2b52b-3fd4-832e-8b5d-749f5f51d9a2-6\" data-testid=\"conversation-turn-24\" data-scroll-anchor=\"true\" data-turn=\"assistant\">\n<div class=\"text-base my-auto mx-auto pb-10 [--thread-content-margin:var(--thread-content-margin-xs,calc(var(--spacing)*4))] @w-sm\/main:[--thread-content-margin:var(--thread-content-margin-sm,calc(var(--spacing)*6))] @w-lg\/main:[--thread-content-margin:var(--thread-content-margin-lg,calc(var(--spacing)*16))] px-(--thread-content-margin)\">\n<div class=\"[--thread-content-max-width:40rem] @w-lg\/main:[--thread-content-max-width:48rem] mx-auto max-w-(--thread-content-max-width) flex-1 group\/turn-messages focus-visible:outline-hidden relative flex w-full min-w-0 flex-col agent-turn\" tabindex=\"-1\">\n<div class=\"flex max-w-full flex-col gap-4 grow\">\n<div class=\"min-h-8 text-message relative flex w-full flex-col items-end gap-2 text-start break-words whitespace-normal [.text-message+&amp;]:mt-1\" dir=\"auto\" data-message-author-role=\"assistant\" data-message-id=\"4814655f-dcfe-4b9f-9923-bb3c7e05d2f4\" data-message-model-slug=\"gpt-5-3\">\n<div class=\"flex w-full flex-col gap-1 empty:hidden\">\n<div class=\"markdown prose dark:prose-invert w-full wrap-break-word light markdown-new-styling\">\n<p data-start=\"1438\" data-end=\"1697\">This <strong data-start=\"1443\" data-end=\"1474\">Serap\u0131 design handwoven rug<\/strong> is a fine example of traditional craftsmanship, carefully woven by skilled artisans using <strong data-start=\"1565\" data-end=\"1586\">100% natural wool<\/strong>. Its bold geometric motifs and balanced composition bring warmth, elegance, and character to any living space.<\/p>\n<p data-start=\"1699\" data-end=\"1965\">The <strong data-start=\"1703\" data-end=\"1721\">Serap\u0131 pattern<\/strong> is well known in classic Oriental rug traditions for its spacious layout and strong geometric structure. Its timeless design blends beautifully with both <strong data-start=\"1876\" data-end=\"1912\">modern and traditional interiors<\/strong>, adding sophistication and visual depth to any room.<\/p>\n<p data-start=\"1967\" data-end=\"2214\">Handwoven from natural wool, this rug offers a <strong data-start=\"2014\" data-end=\"2055\">soft texture and excellent durability<\/strong>, making it suitable for long-term everyday use. The yarns are dyed with <strong data-start=\"2128\" data-end=\"2154\">natural vegetable dyes<\/strong>, helping the colors remain rich and vibrant for many years.<\/p>\n<p data-start=\"2216\" data-end=\"2454\">Because every rug is handmade, slight variations occur, making each piece <strong data-start=\"2290\" data-end=\"2318\">unique and one of a kind<\/strong>. Natural wool fibers also reflect light differently from various angles, creating subtle tonal variations that add depth and character.<\/p>\n<h3 data-start=\"2461\" data-end=\"2487\">Product Specifications<\/h3>\n<ul data-start=\"2488\" data-end=\"2743\" data-is-last-node=\"\" data-is-only-node=\"\">\n<li data-start=\"2488\" data-end=\"2510\">\n<p data-start=\"2490\" data-end=\"2510\"><strong data-start=\"2490\" data-end=\"2501\">Design:<\/strong> Serap\u0131<\/p>\n<\/li>\n<li data-start=\"2511\" data-end=\"2537\">\n<p data-start=\"2513\" data-end=\"2537\"><strong data-start=\"2513\" data-end=\"2522\">Size:<\/strong> 287 \u00d7 194 cm<\/p>\n<\/li>\n<li data-start=\"2538\" data-end=\"2573\">\n<p data-start=\"2540\" data-end=\"2573\"><strong data-start=\"2540\" data-end=\"2553\">Material:<\/strong> 100% Natural Wool<\/p>\n<\/li>\n<li data-start=\"2574\" data-end=\"2602\">\n<p data-start=\"2576\" data-end=\"2602\"><strong data-start=\"2576\" data-end=\"2590\">Technique:<\/strong> Handwoven<\/p>\n<\/li>\n<li data-start=\"2603\" data-end=\"2639\">\n<p data-start=\"2605\" data-end=\"2639\"><strong data-start=\"2605\" data-end=\"2615\">Style:<\/strong> Traditional \/ Classic<\/p>\n<\/li>\n<li data-start=\"2640\" data-end=\"2695\">\n<p data-start=\"2642\" data-end=\"2695\"><strong data-start=\"2642\" data-end=\"2655\">Cleaning:<\/strong> Professional rug cleaning recommended<\/p>\n<\/li>\n<li data-start=\"2696\" data-end=\"2743\" data-is-last-node=\"\">\n<p data-start=\"2698\" data-end=\"2743\" data-is-last-node=\"\"><strong data-start=\"2698\" data-end=\"2731\">Origin \/ Place of Production:<\/strong> Afghanistan<\/p>\n<\/li>\n<\/ul>\n<h3 data-section-id=\"ja9mqs\" data-start=\"1652\" data-end=\"1676\">Why Choose This Rug?<\/h3>\n<ul data-start=\"1677\" data-end=\"1902\">\n<li data-section-id=\"11z7dyu\" data-start=\"1677\" data-end=\"1723\">\n<p data-start=\"1679\" data-end=\"1723\">Authentic\u00a0<strong data-start=\"1689\" data-end=\"1721\">100% handwoven craftsmanship<\/strong><\/p>\n<\/li>\n<li data-section-id=\"17cyh2v\" data-start=\"1724\" data-end=\"1767\">\n<p data-start=\"1726\" data-end=\"1767\">Made from\u00a0<strong data-start=\"1736\" data-end=\"1765\">high-quality natural wool<\/strong><\/p>\n<\/li>\n<li data-section-id=\"1ybs7sq\" data-start=\"1768\" data-end=\"1816\">\n<p data-start=\"1770\" data-end=\"1816\">Elegant and timeless Serapi<strong data-start=\"1791\" data-end=\"1814\">\u00a0design<\/strong><\/p>\n<\/li>\n<li data-section-id=\"dlxt9m\" data-start=\"1817\" data-end=\"1859\">\n<p data-start=\"1819\" data-end=\"1859\">Durable and suitable for long-term use<\/p>\n<\/li>\n<li data-section-id=\"1xlj32a\" data-start=\"1860\" data-end=\"1902\">\n<p data-start=\"1862\" data-end=\"1902\">A unique artisan-made decorative piece<\/p>\n<\/li>\n<\/ul>\n<\/div>\n<\/div>\n<\/div>\n<\/div>\n<div class=\"z-0 flex min-h-[46px] justify-start\"><\/div>\n<div class=\"mt-3 w-full empty:hidden\">\n<div class=\"text-center\"><\/div>\n<\/div>\n<\/div>\n<\/div>\n<\/article>\n<\/div>\n<div class=\"pointer-events-none h-px w-px absolute bottom-0\" aria-hidden=\"true\" data-edge=\"true\"><\/div>\n","protected":false},"excerpt":{"rendered":"<p data-start=\"1438\" data-end=\"1697\" class=\" translation-block\">Serap\u0131 desenli bu el dokuma hal\u0131, geleneksel hal\u0131 dokuma sanat\u0131n\u0131n en zarif ve g\u00fc\u00e7l\u00fc \u00f6rneklerinden biridir. Usta zanaatk\u00e2rlar taraf\u0131ndan 0 do\u011fal y\u00fcn ipliklerle \u00f6zenle dokunan bu hal\u0131, b\u00fcy\u00fck ve dikkat \u00e7ekici geometrik motifleriyle ya\u015fam alanlar\u0131n\u0131za s\u0131cakl\u0131k ve karakter kazand\u0131r\u0131r.<\/p>\n<p data-start=\"1699\" data-end=\"1965\" class=\" translation-block\">Serap\u0131 deseni, klasik Do\u011fu hal\u0131 gelene\u011finde geni\u015f kompozisyonu ve dengeli motif yap\u0131s\u0131yla bilinir. Bu tasar\u0131m, hem modern hem de klasik dekorasyon stilleriyle uyum sa\u011flayarak mek\u00e2nlara zamans\u0131z bir \u015f\u0131kl\u0131k kazand\u0131r\u0131r. Hal\u0131n\u0131n zengin renk tonlar\u0131 ve detayl\u0131 bord\u00fcrleri dekorasyona derinlik ve estetik bir g\u00f6r\u00fcn\u00fcm katar.<\/p>\n<p data-start=\"1967\" data-end=\"2214\" class=\" translation-block\">Do\u011fal y\u00fcn ipliklerden el dokuma tekni\u011fiyle \u00fcretilen bu hal\u0131, yumu\u015fak dokusu ve dayan\u0131kl\u0131 yap\u0131s\u0131 sayesinde uzun y\u0131llar kullan\u0131labilir. \u0130pliklerde kullan\u0131lan do\u011fal bitkisel k\u00f6k boyalar, renklerin uzun s\u00fcre canl\u0131 kalmas\u0131n\u0131 sa\u011flar.<\/p>\n<p data-start=\"2216\" data-end=\"2454\" class=\" translation-block\">Her hal\u0131 tamamen el dokumas\u0131 oldu\u011fu i\u00e7in k\u00fc\u00e7\u00fck farkl\u0131l\u0131klar i\u00e7erir ve bu da her par\u00e7ay\u0131 benzersiz ve \u00f6zel bir sanat eseri haline getirir. Do\u011fal y\u00fcn lifleri \u0131\u015f\u0131\u011fa g\u00f6re farkl\u0131 tonlar yans\u0131tarak hal\u0131ya derinlik ve zenginlik kazand\u0131r\u0131r.<\/p>","protected":false},"featured_media":7626,"comment_status":"open","ping_status":"closed","template":"","meta":{"_gspb_post_css":""},"product_brand":[46],"product_cat":[42,40,44,43,45,76,39],"product_tag":[156,155,114,161,123,173,129,167,149,146,159,147,162,152,151,145,61,126,171,169,153,175,166,170,154,176,168,157,94,160,150,164,172,163,174,158,119,116,87,165,148],"class_list":{"0":"post-7717","1":"product","2":"type-product","3":"status-publish","4":"has-post-thumbnail","6":"product_brand-rug-hali","7":"product_cat-bedroom","8":"product_cat-choose-by-rug-hali-premium","9":"product_cat-kitchen","10":"product_cat-living-room","11":"product_cat-office","12":"product_cat-serapi","13":"product_cat-wool","14":"product_tag-afgan-el-dokuma-hali","15":"product_tag-afgan-halisi","16":"product_tag-afghan-rug","17":"product_tag-antik-gorunumlu-hali","18":"product_tag-artisan-rug","19":"product_tag-benzersiz-el-dokuma-hali","20":"product_tag-decorative-rug","21":"product_tag-dekoratif-hali","22":"product_tag-dogal-yun-hali","23":"product_tag-el-dokuma-hali","24":"product_tag-el-dokuma-yun-hali","25":"product_tag-el-yapimi-hali","26":"product_tag-el-yapimi-yun-hali","27":"product_tag-etnik-hali","28":"product_tag-geleneksel-hali","29":"product_tag-hali","30":"product_tag-handmade-rug","31":"product_tag-handwoven-rug","32":"product_tag-kaliteli-el-dokuma-hali","33":"product_tag-klasik-dekor-hali","34":"product_tag-klasik-hali","35":"product_tag-koleksiyon-halisi","36":"product_tag-koridor-halisi","37":"product_tag-luks-el-dokuma-hali","38":"product_tag-luks-hali","39":"product_tag-luxury-wool-rug","40":"product_tag-modern-dekor-hali","41":"product_tag-oriental-hali","42":"product_tag-oriental-rug","43":"product_tag-otantik-el-dokuma-hali","44":"product_tag-otantik-hali","45":"product_tag-oturma-odasi-halisi","46":"product_tag-ozel-tasarim-hali","47":"product_tag-salon-halisi","48":"product_tag-sanatsal-hali","49":"product_tag-sark-halisi","50":"product_tag-traditional-rug","51":"product_tag-tribal-rug","52":"product_tag-wool-rug","53":"product_tag-yatak-odasi-halisi","54":"product_tag-yun-hali","56":"first","57":"outofstock","58":"sale","59":"featured","60":"sold-individually","61":"taxable","62":"shipping-taxable","63":"purchasable","64":"product-type-simple"},"yoast_head":"<!-- This site is optimized with the Yoast SEO plugin v27.5 - https:\/\/yoast.com\/product\/yoast-seo-wordpress\/ -->\n<title>Serap\u0131 Design Handwoven Wool Rug - Rug Hal\u0131<\/title>\n<meta name=\"robots\" content=\"index, follow, max-snippet:-1, max-image-preview:large, max-video-preview:-1\" \/>\n<link rel=\"canonical\" href=\"https:\/\/rughali.com\/tr\/urun\/serapi-design-handwoven-wool-rug-3\/\" \/>\n<meta property=\"og:locale\" content=\"tr_TR\" \/>\n<meta property=\"og:type\" content=\"article\" \/>\n<meta property=\"og:title\" content=\"Serap\u0131 Design Handwoven Wool Rug - Rug Hal\u0131\" \/>\n<meta property=\"og:description\" content=\"This Serap\u0131 design handwoven rug is a fine example of traditional craftsmanship, carefully woven by skilled artisans using 100% natural wool. Its bold geometric motifs and balanced composition bring warmth, elegance, and character to any living space. The Serap\u0131 pattern is well known in classic Oriental rug traditions for its spacious layout and strong geometric structure. Its timeless design blends beautifully with both modern and traditional interiors, adding sophistication and visual depth to any room. Handwoven from natural wool, this rug offers a soft texture and excellent durability, making it suitable for long-term everyday use. The yarns are dyed with natural vegetable dyes, helping the colors remain rich and vibrant for many years. Because every rug is handmade, slight variations occur, making each piece unique and one of a kind. Natural wool fibers also reflect light differently from various angles, creating subtle tonal variations that add depth and character.\" \/>\n<meta property=\"og:url\" content=\"https:\/\/rughali.com\/tr\/urun\/serapi-design-handwoven-wool-rug-3\/\" \/>\n<meta property=\"og:site_name\" content=\"Rug Hal\u0131\" \/>\n<meta property=\"article:modified_time\" content=\"2026-04-21T12:15:07+00:00\" \/>\n<meta property=\"og:image\" content=\"https:\/\/rughali.com\/wp-content\/uploads\/2026\/03\/B-52768-2.87X1.94_1-scaled.jpg\" \/>\n\t<meta property=\"og:image:width\" content=\"1766\" \/>\n\t<meta property=\"og:image:height\" content=\"2560\" \/>\n\t<meta property=\"og:image:type\" content=\"image\/jpeg\" \/>\n<meta name=\"twitter:card\" content=\"summary_large_image\" \/>\n<meta name=\"twitter:label1\" content=\"Tahmini okuma s\u00fcresi\" \/>\n\t<meta name=\"twitter:data1\" content=\"3 dakika\" \/>\n<script type=\"application\/ld+json\" class=\"yoast-schema-graph\">{\"@context\":\"https:\\\/\\\/schema.org\",\"@graph\":[{\"@type\":\"WebPage\",\"@id\":\"https:\\\/\\\/rughali.com\\\/product\\\/serapi-design-handwoven-wool-rug-3\\\/\",\"url\":\"https:\\\/\\\/rughali.com\\\/product\\\/serapi-design-handwoven-wool-rug-3\\\/\",\"name\":\"Serap\u0131 Design Handwoven Wool Rug - Rug Hal\u0131\",\"isPartOf\":{\"@id\":\"https:\\\/\\\/rughali.com\\\/#website\"},\"primaryImageOfPage\":{\"@id\":\"https:\\\/\\\/rughali.com\\\/product\\\/serapi-design-handwoven-wool-rug-3\\\/#primaryimage\"},\"image\":{\"@id\":\"https:\\\/\\\/rughali.com\\\/product\\\/serapi-design-handwoven-wool-rug-3\\\/#primaryimage\"},\"thumbnailUrl\":\"https:\\\/\\\/rughali.com\\\/wp-content\\\/uploads\\\/2026\\\/03\\\/B-52768-2.87X1.94_1-scaled.jpg\",\"datePublished\":\"2026-03-12T21:07:28+00:00\",\"dateModified\":\"2026-04-21T12:15:07+00:00\",\"breadcrumb\":{\"@id\":\"https:\\\/\\\/rughali.com\\\/product\\\/serapi-design-handwoven-wool-rug-3\\\/#breadcrumb\"},\"inLanguage\":\"tr\",\"potentialAction\":[{\"@type\":\"ReadAction\",\"target\":[\"https:\\\/\\\/rughali.com\\\/product\\\/serapi-design-handwoven-wool-rug-3\\\/\"]}]},{\"@type\":\"ImageObject\",\"inLanguage\":\"tr\",\"@id\":\"https:\\\/\\\/rughali.com\\\/product\\\/serapi-design-handwoven-wool-rug-3\\\/#primaryimage\",\"url\":\"https:\\\/\\\/rughali.com\\\/wp-content\\\/uploads\\\/2026\\\/03\\\/B-52768-2.87X1.94_1-scaled.jpg\",\"contentUrl\":\"https:\\\/\\\/rughali.com\\\/wp-content\\\/uploads\\\/2026\\\/03\\\/B-52768-2.87X1.94_1-scaled.jpg\",\"width\":1766,\"height\":2560},{\"@type\":\"BreadcrumbList\",\"@id\":\"https:\\\/\\\/rughali.com\\\/product\\\/serapi-design-handwoven-wool-rug-3\\\/#breadcrumb\",\"itemListElement\":[{\"@type\":\"ListItem\",\"position\":1,\"name\":\"Home\",\"item\":\"https:\\\/\\\/rughali.com\\\/\"},{\"@type\":\"ListItem\",\"position\":2,\"name\":\"Every Rug Tells a Story\",\"item\":\"https:\\\/\\\/rughali.com\\\/shop\\\/\"},{\"@type\":\"ListItem\",\"position\":3,\"name\":\"Serap\u0131 Design Handwoven Wool Rug\"}]},{\"@type\":\"WebSite\",\"@id\":\"https:\\\/\\\/rughali.com\\\/#website\",\"url\":\"https:\\\/\\\/rughali.com\\\/\",\"name\":\"Rug Hal\u0131\",\"description\":\"Handmade rugs\",\"publisher\":{\"@id\":\"https:\\\/\\\/rughali.com\\\/#organization\"},\"potentialAction\":[{\"@type\":\"SearchAction\",\"target\":{\"@type\":\"EntryPoint\",\"urlTemplate\":\"https:\\\/\\\/rughali.com\\\/?s={search_term_string}\"},\"query-input\":{\"@type\":\"PropertyValueSpecification\",\"valueRequired\":true,\"valueName\":\"search_term_string\"}}],\"inLanguage\":\"tr\"},{\"@type\":\"Organization\",\"@id\":\"https:\\\/\\\/rughali.com\\\/#organization\",\"name\":\"Rug Hal\u0131\",\"url\":\"https:\\\/\\\/rughali.com\\\/\",\"logo\":{\"@type\":\"ImageObject\",\"inLanguage\":\"tr\",\"@id\":\"https:\\\/\\\/rughali.com\\\/#\\\/schema\\\/logo\\\/image\\\/\",\"url\":\"https:\\\/\\\/rughali.com\\\/wp-content\\\/uploads\\\/2025\\\/10\\\/rug_hali_logo_transparent-1.png\",\"contentUrl\":\"https:\\\/\\\/rughali.com\\\/wp-content\\\/uploads\\\/2025\\\/10\\\/rug_hali_logo_transparent-1.png\",\"width\":736,\"height\":637,\"caption\":\"Rug Hal\u0131\"},\"image\":{\"@id\":\"https:\\\/\\\/rughali.com\\\/#\\\/schema\\\/logo\\\/image\\\/\"}}]}<\/script>\n<!-- \/ Yoast SEO plugin. -->","yoast_head_json":{"title":"Serap\u0131 Design Handwoven Wool Rug - Rug Hal\u0131","robots":{"index":"index","follow":"follow","max-snippet":"max-snippet:-1","max-image-preview":"max-image-preview:large","max-video-preview":"max-video-preview:-1"},"canonical":"https:\/\/rughali.com\/tr\/urun\/serapi-design-handwoven-wool-rug-3\/","og_locale":"tr_TR","og_type":"article","og_title":"Serap\u0131 Design Handwoven Wool Rug - Rug Hal\u0131","og_description":"This Serap\u0131 design handwoven rug is a fine example of traditional craftsmanship, carefully woven by skilled artisans using 100% natural wool. Its bold geometric motifs and balanced composition bring warmth, elegance, and character to any living space. The Serap\u0131 pattern is well known in classic Oriental rug traditions for its spacious layout and strong geometric structure. Its timeless design blends beautifully with both modern and traditional interiors, adding sophistication and visual depth to any room. Handwoven from natural wool, this rug offers a soft texture and excellent durability, making it suitable for long-term everyday use. The yarns are dyed with natural vegetable dyes, helping the colors remain rich and vibrant for many years. Because every rug is handmade, slight variations occur, making each piece unique and one of a kind. Natural wool fibers also reflect light differently from various angles, creating subtle tonal variations that add depth and character.","og_url":"https:\/\/rughali.com\/tr\/urun\/serapi-design-handwoven-wool-rug-3\/","og_site_name":"Rug Hal\u0131","article_modified_time":"2026-04-21T12:15:07+00:00","og_image":[{"width":1766,"height":2560,"url":"https:\/\/rughali.com\/wp-content\/uploads\/2026\/03\/B-52768-2.87X1.94_1-scaled.jpg","type":"image\/jpeg"}],"twitter_card":"summary_large_image","twitter_misc":{"Tahmini okuma s\u00fcresi":"3 dakika"},"schema":{"@context":"https:\/\/schema.org","@graph":[{"@type":"WebPage","@id":"https:\/\/rughali.com\/product\/serapi-design-handwoven-wool-rug-3\/","url":"https:\/\/rughali.com\/product\/serapi-design-handwoven-wool-rug-3\/","name":"Serap\u0131 Design Handwoven Wool Rug - Rug Hal\u0131","isPartOf":{"@id":"https:\/\/rughali.com\/#website"},"primaryImageOfPage":{"@id":"https:\/\/rughali.com\/product\/serapi-design-handwoven-wool-rug-3\/#primaryimage"},"image":{"@id":"https:\/\/rughali.com\/product\/serapi-design-handwoven-wool-rug-3\/#primaryimage"},"thumbnailUrl":"https:\/\/rughali.com\/wp-content\/uploads\/2026\/03\/B-52768-2.87X1.94_1-scaled.jpg","datePublished":"2026-03-12T21:07:28+00:00","dateModified":"2026-04-21T12:15:07+00:00","breadcrumb":{"@id":"https:\/\/rughali.com\/product\/serapi-design-handwoven-wool-rug-3\/#breadcrumb"},"inLanguage":"tr","potentialAction":[{"@type":"ReadAction","target":["https:\/\/rughali.com\/product\/serapi-design-handwoven-wool-rug-3\/"]}]},{"@type":"ImageObject","inLanguage":"tr","@id":"https:\/\/rughali.com\/product\/serapi-design-handwoven-wool-rug-3\/#primaryimage","url":"https:\/\/rughali.com\/wp-content\/uploads\/2026\/03\/B-52768-2.87X1.94_1-scaled.jpg","contentUrl":"https:\/\/rughali.com\/wp-content\/uploads\/2026\/03\/B-52768-2.87X1.94_1-scaled.jpg","width":1766,"height":2560},{"@type":"BreadcrumbList","@id":"https:\/\/rughali.com\/product\/serapi-design-handwoven-wool-rug-3\/#breadcrumb","itemListElement":[{"@type":"ListItem","position":1,"name":"Home","item":"https:\/\/rughali.com\/"},{"@type":"ListItem","position":2,"name":"Every Rug Tells a Story","item":"https:\/\/rughali.com\/shop\/"},{"@type":"ListItem","position":3,"name":"Serap\u0131 Design Handwoven Wool Rug"}]},{"@type":"WebSite","@id":"https:\/\/rughali.com\/#website","url":"https:\/\/rughali.com\/","name":"Rug Hal\u0131","description":"Handmade rugs","publisher":{"@id":"https:\/\/rughali.com\/#organization"},"potentialAction":[{"@type":"SearchAction","target":{"@type":"EntryPoint","urlTemplate":"https:\/\/rughali.com\/?s={search_term_string}"},"query-input":{"@type":"PropertyValueSpecification","valueRequired":true,"valueName":"search_term_string"}}],"inLanguage":"tr"},{"@type":"Organization","@id":"https:\/\/rughali.com\/#organization","name":"Rug Hal\u0131","url":"https:\/\/rughali.com\/","logo":{"@type":"ImageObject","inLanguage":"tr","@id":"https:\/\/rughali.com\/#\/schema\/logo\/image\/","url":"https:\/\/rughali.com\/wp-content\/uploads\/2025\/10\/rug_hali_logo_transparent-1.png","contentUrl":"https:\/\/rughali.com\/wp-content\/uploads\/2025\/10\/rug_hali_logo_transparent-1.png","width":736,"height":637,"caption":"Rug Hal\u0131"},"image":{"@id":"https:\/\/rughali.com\/#\/schema\/logo\/image\/"}}]}},"_links":{"self":[{"href":"https:\/\/rughali.com\/tr\/wp-json\/wp\/v2\/product\/7717","targetHints":{"allow":["GET"]}}],"collection":[{"href":"https:\/\/rughali.com\/tr\/wp-json\/wp\/v2\/product"}],"about":[{"href":"https:\/\/rughali.com\/tr\/wp-json\/wp\/v2\/types\/product"}],"replies":[{"embeddable":true,"href":"https:\/\/rughali.com\/tr\/wp-json\/wp\/v2\/comments?post=7717"}],"wp:featuredmedia":[{"embeddable":true,"href":"https:\/\/rughali.com\/tr\/wp-json\/wp\/v2\/media\/7626"}],"wp:attachment":[{"href":"https:\/\/rughali.com\/tr\/wp-json\/wp\/v2\/media?parent=7717"}],"wp:term":[{"taxonomy":"product_brand","embeddable":true,"href":"https:\/\/rughali.com\/tr\/wp-json\/wp\/v2\/product_brand?post=7717"},{"taxonomy":"product_cat","embeddable":true,"href":"https:\/\/rughali.com\/tr\/wp-json\/wp\/v2\/product_cat?post=7717"},{"taxonomy":"product_tag","embeddable":true,"href":"https:\/\/rughali.com\/tr\/wp-json\/wp\/v2\/product_tag?post=7717"}],"curies":[{"name":"wp","href":"https:\/\/api.w.org\/{rel}","templated":true}]}}