{"id":7788,"date":"2026-03-21T04:24:11","date_gmt":"2026-03-21T04:24:11","guid":{"rendered":"https:\/\/rughali.com\/?post_type=product&#038;p=7788"},"modified":"2026-03-21T04:24:12","modified_gmt":"2026-03-21T04:24:12","slug":"mamluk-design-handwoven-wool-rug-240-x-173-cm","status":"publish","type":"product","link":"https:\/\/rughali.com\/tr\/urun\/mamluk-design-handwoven-wool-rug-240-x-173-cm\/","title":{"rendered":"Mamluk Desenli El Dokuma Y\u00fcn Hal\u0131 \u2013 240 \u00d7 173 cm | 0 Do\u011fal Y\u00fcn"},"content":{"rendered":"<p><strong>Kargo S\u00fcreci:<\/strong><br \/>\nSipari\u015finiz 1-2 i\u015f g\u00fcn\u00fc i\u00e7inde haz\u0131rlan\u0131p g\u00f6nderilecektir, b\u00f6ylece \u00fcr\u00fcn\u00fcn\u00fcz size en h\u0131zl\u0131 \u015fekilde ula\u015f\u0131r.<br \/>\n<strong>\u00dcr\u00fcn Hakk\u0131nda<\/strong><br \/>\nT\u00fcm \u00fcr\u00fcnlerimiz y\u00fcksek kaliteli malzemeler kullan\u0131larak \u00f6zenle el yap\u0131m\u0131d\u0131r. Her par\u00e7a benzersizdir ve ola\u011fan\u00fcst\u00fc bir ustal\u0131kla haz\u0131rlanm\u0131\u015f zamans\u0131z bir tasar\u0131m\u0131 yans\u0131t\u0131r.<br \/>\n<strong>Y\u00fcn E\u011firme:<\/strong><br \/>\nY\u00fcn, lifleri tarayarak haz\u0131rlan\u0131r ve ard\u0131ndan iplik haline getirilir. Bu i\u015flem, nesiller boyunca aktar\u0131lan geleneksel tekniklerle yap\u0131l\u0131r.<br \/>\n<strong>Tasar\u0131m:<\/strong><br \/>\nY\u00fcksek beceri ve deneyime sahip hal\u0131 tasar\u0131m sanat\u00e7\u0131lar\u0131m\u0131z, her hal\u0131da g\u00f6z al\u0131c\u0131 sanat eserleri yaratmaya kendini adam\u0131\u015ft\u0131r. Geli\u015fmi\u015f tasar\u0131m yaz\u0131l\u0131mlar\u0131 kullanarak benzersiz ve g\u00fczel desenler \u00fcretirler.<br \/>\n<strong>Do\u011fal Boyalar:<\/strong><br \/>\n\u00dcr\u00fcnlerimizde kullan\u0131lan boyalar tamamen do\u011fald\u0131r; hem estetik g\u00fczellik sa\u011flar hem de sa\u011fl\u0131kl\u0131 bir kullan\u0131m sunar.<br \/>\n<strong>Dokuma:<\/strong><br \/>\nBoyanm\u0131\u015f ve haz\u0131rlanm\u0131\u015f y\u00fcn, Afganistan\u2019da yetenekli ustalar taraf\u0131ndan dokunur; ustalar\u0131n \u00e7o\u011funlu\u011funu kad\u0131nlar olu\u015fturur.<br \/>\n<strong>Renk Referans Sistemi:<\/strong><br \/>\nRug Hali\u2019nin yenilik\u00e7i renk referans kutular\u0131, standart bir kodlama sistemi ile d\u00fczenlenmi\u015f 600\u2019den fazla farkl\u0131 renk sunar. Bu, g\u00fcvenli ve hatas\u0131z bir sipari\u015f s\u00fcreci sa\u011flar.<br \/>\n<strong>Hal\u0131 Kalite Kontrol\u00fc ve Onar\u0131m\u0131:<\/strong><br \/>\nRug Hali\u2019de, \u00f6zverili kalite kontrol ekibimiz her hal\u0131n\u0131n a\u015fa\u011f\u0131daki s\u00fcre\u00e7lerden ge\u00e7ti\u011finden emin olur:<br \/>\n\u2022 Hal\u0131 D\u00fczeltme<br \/>\n\u2022 Hal\u0131 Onar\u0131m\u0131<br \/>\n\u2022 Hal\u0131 Yenileme<br \/>\n<strong>Y\u00fcn Y\u0131kama:<\/strong><br \/>\nHal\u0131 \u00fcretim s\u00fcreci, koyunlardan y\u00fcn\u00fc nazik\u00e7e k\u0131rparak ve do\u011fal ya\u011flar\u0131n\u0131 gidererek ba\u015flar. Y\u00fcn, hafif sol\u00fcsyonlar veya deterjanlar kullan\u0131larak y\u0131kan\u0131r.<br \/>\n<strong>Ambalajlama ve Etiketleme:<\/strong><br \/>\nBitmi\u015f hal\u0131lar, marka logomuzla etiketlenir ve her \u00fcr\u00fcne \u00f6zel bir kimlik kazand\u0131ran asma etiketi ile bak\u0131m talimatlar\u0131n\u0131 i\u00e7erir.<br \/>\n<strong>Ma\u011fazam\u0131z Hakk\u0131nda:<\/strong><br \/>\nEvlerinize s\u0131cakl\u0131k ve karakter katacak \u00f6zg\u00fcn, el yap\u0131m\u0131 \u00fcr\u00fcnler yaratmaya tutkuyla ba\u011fl\u0131y\u0131z. Her al\u0131\u015fveri\u015f, yetenekli ustalar\u0131 destekler ve geleneksel el sanatlar\u0131n\u0131n korunmas\u0131na katk\u0131 sa\u011flar. Bizi se\u00e7erek sadece bir \u00fcr\u00fcn sat\u0131n almakla kalmaz, anlaml\u0131 bir hik\u00e2yenin par\u00e7as\u0131 olursunuz.<br \/>\n<strong>\ud83d\ude9a Kargo:<\/strong><br \/>\nG\u00fcvenli ve h\u0131zl\u0131 teslimat i\u00e7in sipari\u015flerinizi d\u00fcnya \u00e7ap\u0131nda UPS ile g\u00f6nderiyoruz. Sipari\u015finiz kargoya verildi\u011finde takip bilgileri sa\u011flanacakt\u0131r.<br \/>\n<strong>\u00a0Bak\u0131m Talimatlar\u0131:<\/strong><br \/>\nEl yap\u0131m\u0131 \u00fcr\u00fcn\u00fcn\u00fcz\u00fcn en iyi durumda kalmas\u0131 i\u00e7in nazik\u00e7e yumu\u015fak bir f\u0131r\u00e7a veya elektrikli s\u00fcp\u00fcrge ile temizleyin. Sert kimyasallardan ka\u00e7\u0131n\u0131n ve rengini ve kalitesini korumak i\u00e7in a\u015f\u0131r\u0131 nemden ve do\u011frudan g\u00fcne\u015f \u0131\u015f\u0131\u011f\u0131ndan koruyun.<br \/>\n<strong>Birden Fazla Sipari\u015f Vermek \u0130\u00e7in:\u00a0\u00a0<\/strong>Birden fazla \u00fcr\u00fcn sipari\u015f etmek isterseniz, indirimli toplu fiyatlardan yararlanmak i\u00e7in istedi\u011finiz \u00fcr\u00fcnleri sepete ekleyin. \u00d6zel sipari\u015fler i\u00e7in l\u00fctfen Etsy mesajlar\u0131 \u00fczerinden bizimle ileti\u015fime ge\u00e7in\u2014size yard\u0131mc\u0131 olmaktan memnuniyet duyar\u0131z.<\/p>\n<p><strong>\u00dcr\u00fcn\u00fcn A\u00e7\u0131klamas\u0131:<\/strong><\/p>\n<p class=\" translation-block\">Mamluk desenli bu el dokuma hal\u0131, tarih\u00ee dokuma sanat\u0131n\u0131n zarif ve dengeli yap\u0131s\u0131n\u0131 yans\u0131tan se\u00e7kin bir tasar\u0131ma sahiptir. Usta zanaatk\u00e2rlar taraf\u0131ndan 0 do\u011fal y\u00fcn ipliklerle tamamen el eme\u011fiyle dokunan bu hal\u0131, simetrik desenleri ve ince i\u015f\u00e7ili\u011fiyle ya\u015fam alanlar\u0131n\u0131za sofistike bir atmosfer kazand\u0131r\u0131r.<\/p>\n<p class=\" translation-block\">Mamluk deseni, geometrik y\u0131ld\u0131z motifleri ve tekrar eden d\u00fczeniyle \u00f6ne \u00e7\u0131kar. Bu \u00f6zel tasar\u0131m, hal\u0131ya hem g\u00f6rsel bir denge hem de k\u00fclt\u00fcrel derinlik kazand\u0131r\u0131rken, klasik ve modern dekorasyonlarla uyumlu zamans\u0131z bir stil sunar.<\/p>\n<p class=\" translation-block\">Do\u011fal y\u00fcn ipliklerden \u00fcretilen bu hal\u0131, yumu\u015fak dokusu ve dayan\u0131kl\u0131 yap\u0131s\u0131 sayesinde uzun y\u0131llar boyunca g\u00fcvenle kullan\u0131labilir. \u0130pliklerde kullan\u0131lan do\u011fal bitkisel k\u00f6k boyalar, renklerin canl\u0131l\u0131\u011f\u0131n\u0131 uzun s\u00fcre korumas\u0131na yard\u0131mc\u0131 olur.<\/p>\n<p class=\" translation-block\">Her hal\u0131 tamamen el dokumas\u0131 oldu\u011fu i\u00e7in k\u00fc\u00e7\u00fck farkl\u0131l\u0131klar i\u00e7erir; bu da her par\u00e7ay\u0131 benzersiz ve \u00f6zel bir sanat eseri haline getirir. Do\u011fal y\u00fcn lifleri \u0131\u015f\u0131\u011fa g\u00f6re farkl\u0131 tonlar yans\u0131tarak hal\u0131ya derinlik ve zenginlik kazand\u0131r\u0131r.<\/p>\n<p><strong>\u00dcr\u00fcn \u00d6zellikleri<\/strong><\/p>\n<ul>\n<li><strong>Tasar\u0131m:<\/strong>\u00a0Mamluk<\/li>\n<li><strong>Boyut:<\/strong> 240 \u00d7 173 cm<\/li>\n<li><strong>Malzeme:<\/strong>\u00a0100% Do\u011fal Y\u00fcn<\/li>\n<li><strong>Teknik:<\/strong>\u00a0El Dokuma<\/li>\n<li><strong>Tasar\u0131m:<\/strong>\u00a0Traditional \/ Classic<\/li>\n<li><strong>Temizlik:<\/strong>\u00a0Profesyonel hal\u0131 y\u0131kama \u00f6nerilir<\/li>\n<li><strong>Men\u015fei \/ \u00dcretim Yeri:<\/strong>\u00a0Afganistan<\/li>\n<\/ul>\n<p><strong>Bu Hal\u0131y\u0131 Neden Tercih Etmelisiniz?<\/strong><\/p>\n<ul>\n<li class=\" translation-block\">100 % el dokuma ve \u00f6zg\u00fcn zanaatk\u00e2rl\u0131k<\/li>\n<li class=\" translation-block\">Y\u00fcksek kaliteli do\u011fal y\u00fcn malzeme<\/li>\n<li class=\" translation-block\">Zamans\u0131z ve \u015f\u0131k Buzak deseni<\/li>\n<li>Dayan\u0131kl\u0131 ve uzun \u00f6m\u00fcrl\u00fc kullan\u0131m<\/li>\n<li>Benzersiz el i\u015f\u00e7ili\u011fi ile \u00fcretilmi\u015f \u00f6zel par\u00e7a<\/li>\n<\/ul>","protected":false},"excerpt":{"rendered":"<p class=\" translation-block\">Mamluk desenli bu el dokuma hal\u0131, tarih\u00ee dokuma sanat\u0131n\u0131n zarif ve dengeli yap\u0131s\u0131n\u0131 yans\u0131tan se\u00e7kin bir tasar\u0131ma sahiptir. Usta zanaatk\u00e2rlar taraf\u0131ndan 0 do\u011fal y\u00fcn ipliklerle tamamen el eme\u011fiyle dokunan bu hal\u0131, simetrik desenleri ve ince i\u015f\u00e7ili\u011fiyle ya\u015fam alanlar\u0131n\u0131za sofistike bir atmosfer kazand\u0131r\u0131r.<\/p>\n<p class=\" translation-block\">Mamluk deseni, geometrik y\u0131ld\u0131z motifleri ve tekrar eden d\u00fczeniyle \u00f6ne \u00e7\u0131kar. Bu \u00f6zel tasar\u0131m, hal\u0131ya hem g\u00f6rsel bir denge hem de k\u00fclt\u00fcrel derinlik kazand\u0131r\u0131rken, klasik ve modern dekorasyonlarla uyumlu zamans\u0131z bir stil sunar.<\/p>\n<p class=\" translation-block\">Do\u011fal y\u00fcn ipliklerden \u00fcretilen bu hal\u0131, yumu\u015fak dokusu ve dayan\u0131kl\u0131 yap\u0131s\u0131 sayesinde uzun y\u0131llar boyunca g\u00fcvenle kullan\u0131labilir. \u0130pliklerde kullan\u0131lan do\u011fal bitkisel k\u00f6k boyalar, renklerin canl\u0131l\u0131\u011f\u0131n\u0131 uzun s\u00fcre korumas\u0131na yard\u0131mc\u0131 olur.<\/p>\n<p class=\" translation-block\">Her hal\u0131 tamamen el dokumas\u0131 oldu\u011fu i\u00e7in k\u00fc\u00e7\u00fck farkl\u0131l\u0131klar i\u00e7erir; bu da her par\u00e7ay\u0131 benzersiz ve \u00f6zel bir sanat eseri haline getirir. Do\u011fal y\u00fcn lifleri \u0131\u015f\u0131\u011fa g\u00f6re farkl\u0131 tonlar yans\u0131tarak hal\u0131ya derinlik ve zenginlik kazand\u0131r\u0131r.<\/p>","protected":false},"featured_media":7750,"comment_status":"open","ping_status":"closed","template":"","meta":{"_gspb_post_css":""},"product_brand":[46],"product_cat":[42,40,44,43,75,45,39],"product_tag":[156,155,114,98,161,123,107,173,95,129,167,149,146,159,147,162,152,151,135,145,103,61,126,132,171,169,153,175,166,170,154,176,168,139,130,157,94,160,150,164,172,163,174,158,119,116,87,165,148],"class_list":{"0":"post-7788","1":"product","2":"type-product","3":"status-publish","4":"has-post-thumbnail","6":"product_brand-rug-hali","7":"product_cat-bedroom","8":"product_cat-choose-by-rug-hali-premium","9":"product_cat-kitchen","10":"product_cat-living-room","11":"product_cat-mamluk","12":"product_cat-office","13":"product_cat-wool","14":"product_tag-afgan-el-dokuma-hali","15":"product_tag-afgan-halisi","16":"product_tag-afghan-rug","17":"product_tag-amazing-rug","18":"product_tag-antik-gorunumlu-hali","19":"product_tag-artisan-rug","20":"product_tag-bedroom-rug","21":"product_tag-benzersiz-el-dokuma-hali","22":"product_tag-cute-rug","23":"product_tag-decorative-rug","24":"product_tag-dekoratif-hali","25":"product_tag-dogal-yun-hali","26":"product_tag-el-dokuma-hali","27":"product_tag-el-dokuma-yun-hali","28":"product_tag-el-yapimi-hali","29":"product_tag-el-yapimi-yun-hali","30":"product_tag-etnik-hali","31":"product_tag-geleneksel-hali","32":"product_tag-green-wool-rug","33":"product_tag-hali","34":"product_tag-halloween-home-decor","35":"product_tag-handmade-rug","36":"product_tag-handwoven-rug","37":"product_tag-interior-decor-rug","38":"product_tag-kaliteli-el-dokuma-hali","39":"product_tag-klasik-dekor-hali","40":"product_tag-klasik-hali","41":"product_tag-koleksiyon-halisi","42":"product_tag-koridor-halisi","43":"product_tag-luks-el-dokuma-hali","44":"product_tag-luks-hali","45":"product_tag-luxury-wool-rug","46":"product_tag-modern-dekor-hali","47":"product_tag-multicolor-rug","48":"product_tag-natural-wool-rug","49":"product_tag-oriental-hali","50":"product_tag-oriental-rug","51":"product_tag-otantik-el-dokuma-hali","52":"product_tag-otantik-hali","53":"product_tag-oturma-odasi-halisi","54":"product_tag-ozel-tasarim-hali","55":"product_tag-salon-halisi","56":"product_tag-sanatsal-hali","57":"product_tag-sark-halisi","58":"product_tag-traditional-rug","59":"product_tag-tribal-rug","60":"product_tag-wool-rug","61":"product_tag-yatak-odasi-halisi","62":"product_tag-yun-hali","64":"first","65":"instock","66":"sale","67":"sold-individually","68":"taxable","69":"shipping-taxable","70":"purchasable","71":"product-type-simple"},"yoast_head":"<!-- This site is optimized with the Yoast SEO plugin v27.3 - https:\/\/yoast.com\/product\/yoast-seo-wordpress\/ -->\n<title>Mamluk Design Handwoven Wool Rug \u2013 240 \u00d7 173 cm | 100% Natural Wool - Rug Hal\u0131<\/title>\n<meta name=\"description\" content=\"Mamluk design handwoven rug 240 \u00d7 173 cm made from 100% natural wool. Elegant, durable, and ideal for both classic and modern interiors.\" \/>\n<meta name=\"robots\" content=\"index, follow, max-snippet:-1, max-image-preview:large, max-video-preview:-1\" \/>\n<link rel=\"canonical\" href=\"https:\/\/rughali.com\/tr\/urun\/mamluk-design-handwoven-wool-rug-240-x-173-cm\/\" \/>\n<meta property=\"og:locale\" content=\"tr_TR\" \/>\n<meta property=\"og:type\" content=\"article\" \/>\n<meta property=\"og:title\" content=\"Mamluk Design Handwoven Wool Rug \u2013 240 \u00d7 173 cm | 100% Natural Wool - Rug Hal\u0131\" \/>\n<meta property=\"og:description\" content=\"Mamluk design handwoven rug 240 \u00d7 173 cm made from 100% natural wool. Elegant, durable, and ideal for both classic and modern interiors.\" \/>\n<meta property=\"og:url\" content=\"https:\/\/rughali.com\/tr\/urun\/mamluk-design-handwoven-wool-rug-240-x-173-cm\/\" \/>\n<meta property=\"og:site_name\" content=\"Rug Hal\u0131\" \/>\n<meta property=\"article:modified_time\" content=\"2026-03-21T04:24:12+00:00\" \/>\n<meta property=\"og:image\" content=\"https:\/\/rughali.com\/wp-content\/uploads\/2026\/03\/A-2087-2.41X1.75_1-scaled.jpg\" \/>\n\t<meta property=\"og:image:width\" content=\"1794\" \/>\n\t<meta property=\"og:image:height\" content=\"2560\" \/>\n\t<meta property=\"og:image:type\" content=\"image\/jpeg\" \/>\n<meta name=\"twitter:card\" content=\"summary_large_image\" \/>\n<meta name=\"twitter:label1\" content=\"Tahmini okuma s\u00fcresi\" \/>\n\t<meta name=\"twitter:data1\" content=\"3 dakika\" \/>\n<script type=\"application\/ld+json\" class=\"yoast-schema-graph\">{\"@context\":\"https:\\\/\\\/schema.org\",\"@graph\":[{\"@type\":\"WebPage\",\"@id\":\"https:\\\/\\\/rughali.com\\\/product\\\/mamluk-design-handwoven-wool-rug-240-x-173-cm\\\/\",\"url\":\"https:\\\/\\\/rughali.com\\\/product\\\/mamluk-design-handwoven-wool-rug-240-x-173-cm\\\/\",\"name\":\"Mamluk Design Handwoven Wool Rug \u2013 240 \u00d7 173 cm | 100% Natural Wool - Rug Hal\u0131\",\"isPartOf\":{\"@id\":\"https:\\\/\\\/rughali.com\\\/#website\"},\"primaryImageOfPage\":{\"@id\":\"https:\\\/\\\/rughali.com\\\/product\\\/mamluk-design-handwoven-wool-rug-240-x-173-cm\\\/#primaryimage\"},\"image\":{\"@id\":\"https:\\\/\\\/rughali.com\\\/product\\\/mamluk-design-handwoven-wool-rug-240-x-173-cm\\\/#primaryimage\"},\"thumbnailUrl\":\"https:\\\/\\\/rughali.com\\\/wp-content\\\/uploads\\\/2026\\\/03\\\/A-2087-2.41X1.75_1-scaled.jpg\",\"datePublished\":\"2026-03-21T04:24:11+00:00\",\"dateModified\":\"2026-03-21T04:24:12+00:00\",\"description\":\"Mamluk design handwoven rug 240 \u00d7 173 cm made from 100% natural wool. Elegant, durable, and ideal for both classic and modern interiors.\",\"breadcrumb\":{\"@id\":\"https:\\\/\\\/rughali.com\\\/product\\\/mamluk-design-handwoven-wool-rug-240-x-173-cm\\\/#breadcrumb\"},\"inLanguage\":\"tr\",\"potentialAction\":[{\"@type\":\"ReadAction\",\"target\":[\"https:\\\/\\\/rughali.com\\\/product\\\/mamluk-design-handwoven-wool-rug-240-x-173-cm\\\/\"]}]},{\"@type\":\"ImageObject\",\"inLanguage\":\"tr\",\"@id\":\"https:\\\/\\\/rughali.com\\\/product\\\/mamluk-design-handwoven-wool-rug-240-x-173-cm\\\/#primaryimage\",\"url\":\"https:\\\/\\\/rughali.com\\\/wp-content\\\/uploads\\\/2026\\\/03\\\/A-2087-2.41X1.75_1-scaled.jpg\",\"contentUrl\":\"https:\\\/\\\/rughali.com\\\/wp-content\\\/uploads\\\/2026\\\/03\\\/A-2087-2.41X1.75_1-scaled.jpg\",\"width\":1794,\"height\":2560},{\"@type\":\"BreadcrumbList\",\"@id\":\"https:\\\/\\\/rughali.com\\\/product\\\/mamluk-design-handwoven-wool-rug-240-x-173-cm\\\/#breadcrumb\",\"itemListElement\":[{\"@type\":\"ListItem\",\"position\":1,\"name\":\"Home\",\"item\":\"https:\\\/\\\/rughali.com\\\/\"},{\"@type\":\"ListItem\",\"position\":2,\"name\":\"Every Rug Tells a Story\",\"item\":\"https:\\\/\\\/rughali.com\\\/shop\\\/\"},{\"@type\":\"ListItem\",\"position\":3,\"name\":\"Mamluk Design Handwoven Wool Rug \u2013 240 \u00d7 173 cm | 100% Natural Wool\"}]},{\"@type\":\"WebSite\",\"@id\":\"https:\\\/\\\/rughali.com\\\/#website\",\"url\":\"https:\\\/\\\/rughali.com\\\/\",\"name\":\"Rug Hal\u0131\",\"description\":\"Handmade rugs\",\"publisher\":{\"@id\":\"https:\\\/\\\/rughali.com\\\/#organization\"},\"potentialAction\":[{\"@type\":\"SearchAction\",\"target\":{\"@type\":\"EntryPoint\",\"urlTemplate\":\"https:\\\/\\\/rughali.com\\\/?s={search_term_string}\"},\"query-input\":{\"@type\":\"PropertyValueSpecification\",\"valueRequired\":true,\"valueName\":\"search_term_string\"}}],\"inLanguage\":\"tr\"},{\"@type\":\"Organization\",\"@id\":\"https:\\\/\\\/rughali.com\\\/#organization\",\"name\":\"Rug Hal\u0131\",\"url\":\"https:\\\/\\\/rughali.com\\\/\",\"logo\":{\"@type\":\"ImageObject\",\"inLanguage\":\"tr\",\"@id\":\"https:\\\/\\\/rughali.com\\\/#\\\/schema\\\/logo\\\/image\\\/\",\"url\":\"https:\\\/\\\/rughali.com\\\/wp-content\\\/uploads\\\/2025\\\/10\\\/rug_hali_logo_transparent-1.png\",\"contentUrl\":\"https:\\\/\\\/rughali.com\\\/wp-content\\\/uploads\\\/2025\\\/10\\\/rug_hali_logo_transparent-1.png\",\"width\":736,\"height\":637,\"caption\":\"Rug Hal\u0131\"},\"image\":{\"@id\":\"https:\\\/\\\/rughali.com\\\/#\\\/schema\\\/logo\\\/image\\\/\"}}]}<\/script>\n<!-- \/ Yoast SEO plugin. -->","yoast_head_json":{"title":"Mamluk Design Handwoven Wool Rug \u2013 240 \u00d7 173 cm | 100% Natural Wool - Rug Hal\u0131","description":"Mamluk design handwoven rug 240 \u00d7 173 cm made from 100% natural wool. Elegant, durable, and ideal for both classic and modern interiors.","robots":{"index":"index","follow":"follow","max-snippet":"max-snippet:-1","max-image-preview":"max-image-preview:large","max-video-preview":"max-video-preview:-1"},"canonical":"https:\/\/rughali.com\/tr\/urun\/mamluk-design-handwoven-wool-rug-240-x-173-cm\/","og_locale":"tr_TR","og_type":"article","og_title":"Mamluk Design Handwoven Wool Rug \u2013 240 \u00d7 173 cm | 100% Natural Wool - Rug Hal\u0131","og_description":"Mamluk design handwoven rug 240 \u00d7 173 cm made from 100% natural wool. Elegant, durable, and ideal for both classic and modern interiors.","og_url":"https:\/\/rughali.com\/tr\/urun\/mamluk-design-handwoven-wool-rug-240-x-173-cm\/","og_site_name":"Rug Hal\u0131","article_modified_time":"2026-03-21T04:24:12+00:00","og_image":[{"width":1794,"height":2560,"url":"https:\/\/rughali.com\/wp-content\/uploads\/2026\/03\/A-2087-2.41X1.75_1-scaled.jpg","type":"image\/jpeg"}],"twitter_card":"summary_large_image","twitter_misc":{"Tahmini okuma s\u00fcresi":"3 dakika"},"schema":{"@context":"https:\/\/schema.org","@graph":[{"@type":"WebPage","@id":"https:\/\/rughali.com\/product\/mamluk-design-handwoven-wool-rug-240-x-173-cm\/","url":"https:\/\/rughali.com\/product\/mamluk-design-handwoven-wool-rug-240-x-173-cm\/","name":"Mamluk Design Handwoven Wool Rug \u2013 240 \u00d7 173 cm | 100% Natural Wool - Rug Hal\u0131","isPartOf":{"@id":"https:\/\/rughali.com\/#website"},"primaryImageOfPage":{"@id":"https:\/\/rughali.com\/product\/mamluk-design-handwoven-wool-rug-240-x-173-cm\/#primaryimage"},"image":{"@id":"https:\/\/rughali.com\/product\/mamluk-design-handwoven-wool-rug-240-x-173-cm\/#primaryimage"},"thumbnailUrl":"https:\/\/rughali.com\/wp-content\/uploads\/2026\/03\/A-2087-2.41X1.75_1-scaled.jpg","datePublished":"2026-03-21T04:24:11+00:00","dateModified":"2026-03-21T04:24:12+00:00","description":"Mamluk design handwoven rug 240 \u00d7 173 cm made from 100% natural wool. Elegant, durable, and ideal for both classic and modern interiors.","breadcrumb":{"@id":"https:\/\/rughali.com\/product\/mamluk-design-handwoven-wool-rug-240-x-173-cm\/#breadcrumb"},"inLanguage":"tr","potentialAction":[{"@type":"ReadAction","target":["https:\/\/rughali.com\/product\/mamluk-design-handwoven-wool-rug-240-x-173-cm\/"]}]},{"@type":"ImageObject","inLanguage":"tr","@id":"https:\/\/rughali.com\/product\/mamluk-design-handwoven-wool-rug-240-x-173-cm\/#primaryimage","url":"https:\/\/rughali.com\/wp-content\/uploads\/2026\/03\/A-2087-2.41X1.75_1-scaled.jpg","contentUrl":"https:\/\/rughali.com\/wp-content\/uploads\/2026\/03\/A-2087-2.41X1.75_1-scaled.jpg","width":1794,"height":2560},{"@type":"BreadcrumbList","@id":"https:\/\/rughali.com\/product\/mamluk-design-handwoven-wool-rug-240-x-173-cm\/#breadcrumb","itemListElement":[{"@type":"ListItem","position":1,"name":"Home","item":"https:\/\/rughali.com\/"},{"@type":"ListItem","position":2,"name":"Every Rug Tells a Story","item":"https:\/\/rughali.com\/shop\/"},{"@type":"ListItem","position":3,"name":"Mamluk Design Handwoven Wool Rug \u2013 240 \u00d7 173 cm | 100% Natural Wool"}]},{"@type":"WebSite","@id":"https:\/\/rughali.com\/#website","url":"https:\/\/rughali.com\/","name":"Rug Hal\u0131","description":"Handmade rugs","publisher":{"@id":"https:\/\/rughali.com\/#organization"},"potentialAction":[{"@type":"SearchAction","target":{"@type":"EntryPoint","urlTemplate":"https:\/\/rughali.com\/?s={search_term_string}"},"query-input":{"@type":"PropertyValueSpecification","valueRequired":true,"valueName":"search_term_string"}}],"inLanguage":"tr"},{"@type":"Organization","@id":"https:\/\/rughali.com\/#organization","name":"Rug Hal\u0131","url":"https:\/\/rughali.com\/","logo":{"@type":"ImageObject","inLanguage":"tr","@id":"https:\/\/rughali.com\/#\/schema\/logo\/image\/","url":"https:\/\/rughali.com\/wp-content\/uploads\/2025\/10\/rug_hali_logo_transparent-1.png","contentUrl":"https:\/\/rughali.com\/wp-content\/uploads\/2025\/10\/rug_hali_logo_transparent-1.png","width":736,"height":637,"caption":"Rug Hal\u0131"},"image":{"@id":"https:\/\/rughali.com\/#\/schema\/logo\/image\/"}}]}},"_links":{"self":[{"href":"https:\/\/rughali.com\/tr\/wp-json\/wp\/v2\/product\/7788","targetHints":{"allow":["GET"]}}],"collection":[{"href":"https:\/\/rughali.com\/tr\/wp-json\/wp\/v2\/product"}],"about":[{"href":"https:\/\/rughali.com\/tr\/wp-json\/wp\/v2\/types\/product"}],"replies":[{"embeddable":true,"href":"https:\/\/rughali.com\/tr\/wp-json\/wp\/v2\/comments?post=7788"}],"wp:featuredmedia":[{"embeddable":true,"href":"https:\/\/rughali.com\/tr\/wp-json\/wp\/v2\/media\/7750"}],"wp:attachment":[{"href":"https:\/\/rughali.com\/tr\/wp-json\/wp\/v2\/media?parent=7788"}],"wp:term":[{"taxonomy":"product_brand","embeddable":true,"href":"https:\/\/rughali.com\/tr\/wp-json\/wp\/v2\/product_brand?post=7788"},{"taxonomy":"product_cat","embeddable":true,"href":"https:\/\/rughali.com\/tr\/wp-json\/wp\/v2\/product_cat?post=7788"},{"taxonomy":"product_tag","embeddable":true,"href":"https:\/\/rughali.com\/tr\/wp-json\/wp\/v2\/product_tag?post=7788"}],"curies":[{"name":"wp","href":"https:\/\/api.w.org\/{rel}","templated":true}]}}