{"id":7855,"date":"2026-04-25T13:46:19","date_gmt":"2026-04-25T13:46:19","guid":{"rendered":"https:\/\/rughali.com\/?post_type=product&#038;p=7855"},"modified":"2026-04-25T13:46:20","modified_gmt":"2026-04-25T13:46:20","slug":"49765","status":"publish","type":"product","link":"https:\/\/rughali.com\/tr\/urun\/49765\/","title":{"rendered":"HAZARA Kilim \u2013 185 \u00d7 136 cm"},"content":{"rendered":"<p><strong>Kargo S\u00fcreci:<\/strong><br \/>\nSipari\u015finiz 1-2 i\u015f g\u00fcn\u00fc i\u00e7inde haz\u0131rlan\u0131p g\u00f6nderilecektir, b\u00f6ylece \u00fcr\u00fcn\u00fcn\u00fcz size en h\u0131zl\u0131 \u015fekilde ula\u015f\u0131r.<br \/>\n<strong>\u00dcr\u00fcn Hakk\u0131nda<\/strong><br \/>\nT\u00fcm \u00fcr\u00fcnlerimiz y\u00fcksek kaliteli malzemeler kullan\u0131larak \u00f6zenle el yap\u0131m\u0131d\u0131r. Her par\u00e7a benzersizdir ve ola\u011fan\u00fcst\u00fc bir ustal\u0131kla haz\u0131rlanm\u0131\u015f zamans\u0131z bir tasar\u0131m\u0131 yans\u0131t\u0131r.<br \/>\n<strong>Y\u00fcn E\u011firme:<\/strong><br \/>\nY\u00fcn, lifleri tarayarak haz\u0131rlan\u0131r ve ard\u0131ndan iplik haline getirilir. Bu i\u015flem, nesiller boyunca aktar\u0131lan geleneksel tekniklerle yap\u0131l\u0131r.<br \/>\n<strong>Tasar\u0131m:<\/strong><br \/>\nY\u00fcksek beceri ve deneyime sahip hal\u0131 tasar\u0131m sanat\u00e7\u0131lar\u0131m\u0131z, her hal\u0131da g\u00f6z al\u0131c\u0131 sanat eserleri yaratmaya kendini adam\u0131\u015ft\u0131r. Geli\u015fmi\u015f tasar\u0131m yaz\u0131l\u0131mlar\u0131 kullanarak benzersiz ve g\u00fczel desenler \u00fcretirler.<br \/>\n<strong>Do\u011fal Boyalar:<\/strong><br \/>\n\u00dcr\u00fcnlerimizde kullan\u0131lan boyalar tamamen do\u011fald\u0131r; hem estetik g\u00fczellik sa\u011flar hem de sa\u011fl\u0131kl\u0131 bir kullan\u0131m sunar.<br \/>\n<strong>Dokuma:<\/strong><br \/>\nBoyanm\u0131\u015f ve haz\u0131rlanm\u0131\u015f y\u00fcn, Afganistan\u2019da yetenekli ustalar taraf\u0131ndan dokunur; ustalar\u0131n \u00e7o\u011funlu\u011funu kad\u0131nlar olu\u015fturur.<br \/>\n<strong>Renk Referans Sistemi:<\/strong><br \/>\nRug Hali\u2019nin yenilik\u00e7i renk referans kutular\u0131, standart bir kodlama sistemi ile d\u00fczenlenmi\u015f 600\u2019den fazla farkl\u0131 renk sunar. Bu, g\u00fcvenli ve hatas\u0131z bir sipari\u015f s\u00fcreci sa\u011flar.<br \/>\n<strong>Hal\u0131 Kalite Kontrol\u00fc ve Onar\u0131m\u0131:<\/strong><br \/>\nRug Hali\u2019de, \u00f6zverili kalite kontrol ekibimiz her hal\u0131n\u0131n a\u015fa\u011f\u0131daki s\u00fcre\u00e7lerden ge\u00e7ti\u011finden emin olur:<br \/>\n\u2022 Hal\u0131 D\u00fczeltme<br \/>\n\u2022 Hal\u0131 Onar\u0131m\u0131<br \/>\n\u2022 Hal\u0131 Yenileme<br \/>\n<strong>Y\u00fcn Y\u0131kama:<\/strong><br \/>\nHal\u0131 \u00fcretim s\u00fcreci, koyunlardan y\u00fcn\u00fc nazik\u00e7e k\u0131rparak ve do\u011fal ya\u011flar\u0131n\u0131 gidererek ba\u015flar. Y\u00fcn, hafif sol\u00fcsyonlar veya deterjanlar kullan\u0131larak y\u0131kan\u0131r.<br \/>\n<strong>Ambalajlama ve Etiketleme:<\/strong><br \/>\nBitmi\u015f hal\u0131lar, marka logomuzla etiketlenir ve her \u00fcr\u00fcne \u00f6zel bir kimlik kazand\u0131ran asma etiketi ile bak\u0131m talimatlar\u0131n\u0131 i\u00e7erir.<br \/>\n<strong>Ma\u011fazam\u0131z Hakk\u0131nda:<\/strong><br \/>\nEvlerinize s\u0131cakl\u0131k ve karakter katacak \u00f6zg\u00fcn, el yap\u0131m\u0131 \u00fcr\u00fcnler yaratmaya tutkuyla ba\u011fl\u0131y\u0131z. Her al\u0131\u015fveri\u015f, yetenekli ustalar\u0131 destekler ve geleneksel el sanatlar\u0131n\u0131n korunmas\u0131na katk\u0131 sa\u011flar. Bizi se\u00e7erek sadece bir \u00fcr\u00fcn sat\u0131n almakla kalmaz, anlaml\u0131 bir hik\u00e2yenin par\u00e7as\u0131 olursunuz.<br \/>\n<strong>\ud83d\ude9a Kargo:<\/strong><br \/>\nG\u00fcvenli ve h\u0131zl\u0131 teslimat i\u00e7in sipari\u015flerinizi d\u00fcnya \u00e7ap\u0131nda UPS ile g\u00f6nderiyoruz. Sipari\u015finiz kargoya verildi\u011finde takip bilgileri sa\u011flanacakt\u0131r.<br \/>\n<strong>\u00a0Bak\u0131m Talimatlar\u0131:<\/strong><br \/>\nEl yap\u0131m\u0131 \u00fcr\u00fcn\u00fcn\u00fcz\u00fcn en iyi durumda kalmas\u0131 i\u00e7in nazik\u00e7e yumu\u015fak bir f\u0131r\u00e7a veya elektrikli s\u00fcp\u00fcrge ile temizleyin. Sert kimyasallardan ka\u00e7\u0131n\u0131n ve rengini ve kalitesini korumak i\u00e7in a\u015f\u0131r\u0131 nemden ve do\u011frudan g\u00fcne\u015f \u0131\u015f\u0131\u011f\u0131ndan koruyun.<br \/>\n<strong>Birden Fazla Sipari\u015f Vermek \u0130\u00e7in:\u00a0\u00a0<\/strong>Birden fazla \u00fcr\u00fcn sipari\u015f etmek isterseniz, indirimli toplu fiyatlardan yararlanmak i\u00e7in istedi\u011finiz \u00fcr\u00fcnleri sepete ekleyin. \u00d6zel sipari\u015fler i\u00e7in l\u00fctfen Etsy mesajlar\u0131 \u00fczerinden bizimle ileti\u015fime ge\u00e7in\u2014size yard\u0131mc\u0131 olmaktan memnuniyet duyar\u0131z.<\/p>\n<p><strong>\u00dcr\u00fcn\u00fcn A\u00e7\u0131klamas\u0131:<\/strong><\/p>\n<p data-start=\"46\" data-end=\"279\">This HAZARA kilim represents traditional flatweave craftsmanship with a balanced geometric composition. Handwoven from 100% natural wool, it offers a lightweight, durable, and reversible structure suitable for everyday living spaces.<\/p>\n<p data-start=\"281\" data-end=\"541\">The design features repeating geometric motifs arranged in a structured and rhythmic layout, creating a visually coherent surface. Its naturally balanced color palette blends earthy and warm tones, making it suitable for modern, bohemian, and ethnic interiors.<\/p>\n<p data-start=\"543\" data-end=\"723\">Dyed with natural pigments, the colors maintain their depth and authenticity over time. Its practical flatweave construction ensures ease of use while maintaining aesthetic appeal.<\/p>\n<p data-start=\"725\" data-end=\"841\">Each piece is fully handmade, making every kilim unique with subtle variations that reflect authentic craftsmanship.<\/p>\n<p data-start=\"843\" data-end=\"860\"><strong data-start=\"843\" data-end=\"860\">\u00d6ne \u00c7\u0131kan \u00d6zellikler:<\/strong><\/p>\n<ul data-start=\"861\" data-end=\"1024\">\n<li data-section-id=\"nea9fa\" data-start=\"861\" data-end=\"882\">100% do\u011fal y\u00fcn<\/li>\n<li data-section-id=\"1ygp9wi\" data-start=\"883\" data-end=\"918\">Elde dokuma (t\u00fcys\u00fcz yap\u0131)<\/li>\n<li data-section-id=\"1en2hlk\" data-start=\"919\" data-end=\"955\">Hafif, dayan\u0131kl\u0131, \u00e7ift tarafl\u0131 kullan\u0131labilir<\/li>\n<li data-section-id=\"sr85jy\" data-start=\"956\" data-end=\"996\">Do\u011fal boyalar, kal\u0131c\u0131 renkler<\/li>\n<li data-section-id=\"10xczma\" data-start=\"997\" data-end=\"1024\">Geometric Hazara design<\/li>\n<\/ul>","protected":false},"excerpt":{"rendered":"<p data-start=\"46\" data-end=\"279\">This HAZARA kilim represents traditional flatweave craftsmanship with a balanced geometric composition. Handwoven from 100% natural wool, it offers a lightweight, durable, and reversible structure suitable for everyday living spaces.<\/p>\n<p data-start=\"281\" data-end=\"541\">The design features repeating geometric motifs arranged in a structured and rhythmic layout, creating a visually coherent surface. Its naturally balanced color palette blends earthy and warm tones, making it suitable for modern, bohemian, and ethnic interiors.<\/p>\n<p data-start=\"543\" data-end=\"723\">Dyed with natural pigments, the colors maintain their depth and authenticity over time. Its practical flatweave construction ensures ease of use while maintaining aesthetic appeal.<\/p>\n<p data-start=\"725\" data-end=\"841\">Each piece is fully handmade, making every kilim unique with subtle variations that reflect authentic craftsmanship.<\/p>\n<p data-start=\"843\" data-end=\"860\"><strong data-start=\"843\" data-end=\"860\">\u00d6ne \u00c7\u0131kan \u00d6zellikler:<\/strong><\/p>\n<ul data-start=\"861\" data-end=\"1024\">\n<li data-section-id=\"nea9fa\" data-start=\"861\" data-end=\"882\">100% do\u011fal y\u00fcn<\/li>\n<li data-section-id=\"1ygp9wi\" data-start=\"883\" data-end=\"918\">Elde dokuma (t\u00fcys\u00fcz yap\u0131)<\/li>\n<li data-section-id=\"1en2hlk\" data-start=\"919\" data-end=\"955\">Hafif, dayan\u0131kl\u0131, \u00e7ift tarafl\u0131 kullan\u0131labilir<\/li>\n<li data-section-id=\"sr85jy\" data-start=\"956\" data-end=\"996\">Do\u011fal boyalar, kal\u0131c\u0131 renkler<\/li>\n<li data-section-id=\"10xczma\" data-start=\"997\" data-end=\"1024\">Geometric Hazara design<\/li>\n<\/ul>","protected":false},"featured_media":7848,"comment_status":"open","ping_status":"closed","template":"","meta":{"_gspb_post_css":""},"product_brand":[46],"product_cat":[42,110,108,182,44,43,39],"product_tag":[194,214,196,216,218,212,189,210,202,211,191,187,185,203,209,188,217,206,205,198,197,195,183,204,184,55,201,219,208,192,200,215,199,213,193,190,207,186],"class_list":{"0":"post-7855","1":"product","2":"type-product","3":"status-publish","4":"has-post-thumbnail","6":"product_brand-rug-hali","7":"product_cat-bedroom","8":"product_cat-corridor-rug","9":"product_cat-entrance","10":"product_cat-kilim","11":"product_cat-kitchen","12":"product_cat-living-room","13":"product_cat-wool","14":"product_tag-afgan-kilim","15":"product_tag-afghan-kilim","16":"product_tag-anadolu-kilim","17":"product_tag-anatolian-kilim","18":"product_tag-area-kilim","19":"product_tag-authentic-kilim","20":"product_tag-bohem-kilim","21":"product_tag-bohemian-kilim","22":"product_tag-buyuk-kilim","23":"product_tag-decorative-kilim","24":"product_tag-dekoratif-kilim","25":"product_tag-dogal-kilim","26":"product_tag-el-dokuma-kilim","27":"product_tag-el-yapimi-kilim","28":"product_tag-ethnic-kilim","29":"product_tag-etnik-kilim","30":"product_tag-flatweave-kilim","31":"product_tag-handmade-kilim","32":"product_tag-handwoven-kilim","33":"product_tag-havsiz-kilim","34":"product_tag-ince-kilim","35":"product_tag-iran-kilim","36":"product_tag-kilim","37":"product_tag-kilim-carpet","38":"product_tag-kilim-hali","39":"product_tag-kilim-rug","40":"product_tag-kucuk-kilim","41":"product_tag-living-room-kilim","42":"product_tag-natural-kilim","43":"product_tag-otantik-kilim","44":"product_tag-oturma-odasi-kilimi","45":"product_tag-persian-kilim","46":"product_tag-salon-kilimi","47":"product_tag-turkish-kilim","48":"product_tag-turkmen-kilim","49":"product_tag-vintage-kilim","50":"product_tag-wool-kilim","51":"product_tag-yun-kilim","53":"first","54":"instock","55":"sale","56":"sold-individually","57":"taxable","58":"shipping-taxable","59":"purchasable","60":"product-type-simple"},"yoast_head":"<!-- This site is optimized with the Yoast SEO plugin v27.5 - https:\/\/yoast.com\/product\/yoast-seo-wordpress\/ -->\n<title>HAZARA Kilim \u2013 185 \u00d7 136 cm - Rug Hal\u0131<\/title>\n<meta name=\"robots\" content=\"index, follow, max-snippet:-1, max-image-preview:large, max-video-preview:-1\" \/>\n<link rel=\"canonical\" href=\"https:\/\/rughali.com\/tr\/urun\/49765\/\" \/>\n<meta property=\"og:locale\" content=\"tr_TR\" \/>\n<meta property=\"og:type\" content=\"article\" \/>\n<meta property=\"og:title\" content=\"HAZARA Kilim \u2013 185 \u00d7 136 cm - Rug Hal\u0131\" \/>\n<meta property=\"og:description\" content=\"This HAZARA kilim represents traditional flatweave craftsmanship with a balanced geometric composition. Handwoven from 100% natural wool, it offers a lightweight, durable, and reversible structure suitable for everyday living spaces. The design features repeating geometric motifs arranged in a structured and rhythmic layout, creating a visually coherent surface. Its naturally balanced color palette blends earthy and warm tones, making it suitable for modern, bohemian, and ethnic interiors. Dyed with natural pigments, the colors maintain their depth and authenticity over time. Its practical flatweave construction ensures ease of use while maintaining aesthetic appeal. Each piece is fully handmade, making every kilim unique with subtle variations that reflect authentic craftsmanship. Key Features:    100% natural wool  Handwoven flatweave (zero pile)  Lightweight, durable, reversible  Natural dyes with long-lasting tones  Geometric Hazara design\" \/>\n<meta property=\"og:url\" content=\"https:\/\/rughali.com\/tr\/urun\/49765\/\" \/>\n<meta property=\"og:site_name\" content=\"Rug Hal\u0131\" \/>\n<meta property=\"article:modified_time\" content=\"2026-04-25T13:46:20+00:00\" \/>\n<meta property=\"og:image\" content=\"https:\/\/rughali.com\/wp-content\/uploads\/2026\/04\/B-49765-1.84X1.34-scaled.jpg\" \/>\n\t<meta property=\"og:image:width\" content=\"1851\" \/>\n\t<meta property=\"og:image:height\" content=\"2560\" \/>\n\t<meta property=\"og:image:type\" content=\"image\/jpeg\" \/>\n<meta name=\"twitter:card\" content=\"summary_large_image\" \/>\n<meta name=\"twitter:label1\" content=\"Tahmini okuma s\u00fcresi\" \/>\n\t<meta name=\"twitter:data1\" content=\"3 dakika\" \/>\n<script type=\"application\/ld+json\" class=\"yoast-schema-graph\">{\"@context\":\"https:\\\/\\\/schema.org\",\"@graph\":[{\"@type\":\"WebPage\",\"@id\":\"https:\\\/\\\/rughali.com\\\/product\\\/49765\\\/\",\"url\":\"https:\\\/\\\/rughali.com\\\/product\\\/49765\\\/\",\"name\":\"HAZARA Kilim \u2013 185 \u00d7 136 cm - Rug Hal\u0131\",\"isPartOf\":{\"@id\":\"https:\\\/\\\/rughali.com\\\/#website\"},\"primaryImageOfPage\":{\"@id\":\"https:\\\/\\\/rughali.com\\\/product\\\/49765\\\/#primaryimage\"},\"image\":{\"@id\":\"https:\\\/\\\/rughali.com\\\/product\\\/49765\\\/#primaryimage\"},\"thumbnailUrl\":\"https:\\\/\\\/rughali.com\\\/wp-content\\\/uploads\\\/2026\\\/04\\\/B-49765-1.84X1.34-scaled.jpg\",\"datePublished\":\"2026-04-25T13:46:19+00:00\",\"dateModified\":\"2026-04-25T13:46:20+00:00\",\"breadcrumb\":{\"@id\":\"https:\\\/\\\/rughali.com\\\/product\\\/49765\\\/#breadcrumb\"},\"inLanguage\":\"tr\",\"potentialAction\":[{\"@type\":\"ReadAction\",\"target\":[\"https:\\\/\\\/rughali.com\\\/product\\\/49765\\\/\"]}]},{\"@type\":\"ImageObject\",\"inLanguage\":\"tr\",\"@id\":\"https:\\\/\\\/rughali.com\\\/product\\\/49765\\\/#primaryimage\",\"url\":\"https:\\\/\\\/rughali.com\\\/wp-content\\\/uploads\\\/2026\\\/04\\\/B-49765-1.84X1.34-scaled.jpg\",\"contentUrl\":\"https:\\\/\\\/rughali.com\\\/wp-content\\\/uploads\\\/2026\\\/04\\\/B-49765-1.84X1.34-scaled.jpg\",\"width\":1851,\"height\":2560},{\"@type\":\"BreadcrumbList\",\"@id\":\"https:\\\/\\\/rughali.com\\\/product\\\/49765\\\/#breadcrumb\",\"itemListElement\":[{\"@type\":\"ListItem\",\"position\":1,\"name\":\"Home\",\"item\":\"https:\\\/\\\/rughali.com\\\/\"},{\"@type\":\"ListItem\",\"position\":2,\"name\":\"Every Rug Tells a Story\",\"item\":\"https:\\\/\\\/rughali.com\\\/shop\\\/\"},{\"@type\":\"ListItem\",\"position\":3,\"name\":\"HAZARA Kilim \u2013 185 \u00d7 136 cm\"}]},{\"@type\":\"WebSite\",\"@id\":\"https:\\\/\\\/rughali.com\\\/#website\",\"url\":\"https:\\\/\\\/rughali.com\\\/\",\"name\":\"Rug Hal\u0131\",\"description\":\"Handmade rugs\",\"publisher\":{\"@id\":\"https:\\\/\\\/rughali.com\\\/#organization\"},\"potentialAction\":[{\"@type\":\"SearchAction\",\"target\":{\"@type\":\"EntryPoint\",\"urlTemplate\":\"https:\\\/\\\/rughali.com\\\/?s={search_term_string}\"},\"query-input\":{\"@type\":\"PropertyValueSpecification\",\"valueRequired\":true,\"valueName\":\"search_term_string\"}}],\"inLanguage\":\"tr\"},{\"@type\":\"Organization\",\"@id\":\"https:\\\/\\\/rughali.com\\\/#organization\",\"name\":\"Rug Hal\u0131\",\"url\":\"https:\\\/\\\/rughali.com\\\/\",\"logo\":{\"@type\":\"ImageObject\",\"inLanguage\":\"tr\",\"@id\":\"https:\\\/\\\/rughali.com\\\/#\\\/schema\\\/logo\\\/image\\\/\",\"url\":\"https:\\\/\\\/rughali.com\\\/wp-content\\\/uploads\\\/2025\\\/10\\\/rug_hali_logo_transparent-1.png\",\"contentUrl\":\"https:\\\/\\\/rughali.com\\\/wp-content\\\/uploads\\\/2025\\\/10\\\/rug_hali_logo_transparent-1.png\",\"width\":736,\"height\":637,\"caption\":\"Rug Hal\u0131\"},\"image\":{\"@id\":\"https:\\\/\\\/rughali.com\\\/#\\\/schema\\\/logo\\\/image\\\/\"}}]}<\/script>\n<!-- \/ Yoast SEO plugin. -->","yoast_head_json":{"title":"HAZARA Kilim \u2013 185 \u00d7 136 cm - Rug Hal\u0131","robots":{"index":"index","follow":"follow","max-snippet":"max-snippet:-1","max-image-preview":"max-image-preview:large","max-video-preview":"max-video-preview:-1"},"canonical":"https:\/\/rughali.com\/tr\/urun\/49765\/","og_locale":"tr_TR","og_type":"article","og_title":"HAZARA Kilim \u2013 185 \u00d7 136 cm - Rug Hal\u0131","og_description":"This HAZARA kilim represents traditional flatweave craftsmanship with a balanced geometric composition. Handwoven from 100% natural wool, it offers a lightweight, durable, and reversible structure suitable for everyday living spaces. The design features repeating geometric motifs arranged in a structured and rhythmic layout, creating a visually coherent surface. Its naturally balanced color palette blends earthy and warm tones, making it suitable for modern, bohemian, and ethnic interiors. Dyed with natural pigments, the colors maintain their depth and authenticity over time. Its practical flatweave construction ensures ease of use while maintaining aesthetic appeal. Each piece is fully handmade, making every kilim unique with subtle variations that reflect authentic craftsmanship. Key Features:    100% natural wool  Handwoven flatweave (zero pile)  Lightweight, durable, reversible  Natural dyes with long-lasting tones  Geometric Hazara design","og_url":"https:\/\/rughali.com\/tr\/urun\/49765\/","og_site_name":"Rug Hal\u0131","article_modified_time":"2026-04-25T13:46:20+00:00","og_image":[{"width":1851,"height":2560,"url":"https:\/\/rughali.com\/wp-content\/uploads\/2026\/04\/B-49765-1.84X1.34-scaled.jpg","type":"image\/jpeg"}],"twitter_card":"summary_large_image","twitter_misc":{"Tahmini okuma s\u00fcresi":"3 dakika"},"schema":{"@context":"https:\/\/schema.org","@graph":[{"@type":"WebPage","@id":"https:\/\/rughali.com\/product\/49765\/","url":"https:\/\/rughali.com\/product\/49765\/","name":"HAZARA Kilim \u2013 185 \u00d7 136 cm - Rug Hal\u0131","isPartOf":{"@id":"https:\/\/rughali.com\/#website"},"primaryImageOfPage":{"@id":"https:\/\/rughali.com\/product\/49765\/#primaryimage"},"image":{"@id":"https:\/\/rughali.com\/product\/49765\/#primaryimage"},"thumbnailUrl":"https:\/\/rughali.com\/wp-content\/uploads\/2026\/04\/B-49765-1.84X1.34-scaled.jpg","datePublished":"2026-04-25T13:46:19+00:00","dateModified":"2026-04-25T13:46:20+00:00","breadcrumb":{"@id":"https:\/\/rughali.com\/product\/49765\/#breadcrumb"},"inLanguage":"tr","potentialAction":[{"@type":"ReadAction","target":["https:\/\/rughali.com\/product\/49765\/"]}]},{"@type":"ImageObject","inLanguage":"tr","@id":"https:\/\/rughali.com\/product\/49765\/#primaryimage","url":"https:\/\/rughali.com\/wp-content\/uploads\/2026\/04\/B-49765-1.84X1.34-scaled.jpg","contentUrl":"https:\/\/rughali.com\/wp-content\/uploads\/2026\/04\/B-49765-1.84X1.34-scaled.jpg","width":1851,"height":2560},{"@type":"BreadcrumbList","@id":"https:\/\/rughali.com\/product\/49765\/#breadcrumb","itemListElement":[{"@type":"ListItem","position":1,"name":"Home","item":"https:\/\/rughali.com\/"},{"@type":"ListItem","position":2,"name":"Every Rug Tells a Story","item":"https:\/\/rughali.com\/shop\/"},{"@type":"ListItem","position":3,"name":"HAZARA Kilim \u2013 185 \u00d7 136 cm"}]},{"@type":"WebSite","@id":"https:\/\/rughali.com\/#website","url":"https:\/\/rughali.com\/","name":"Rug Hal\u0131","description":"Handmade rugs","publisher":{"@id":"https:\/\/rughali.com\/#organization"},"potentialAction":[{"@type":"SearchAction","target":{"@type":"EntryPoint","urlTemplate":"https:\/\/rughali.com\/?s={search_term_string}"},"query-input":{"@type":"PropertyValueSpecification","valueRequired":true,"valueName":"search_term_string"}}],"inLanguage":"tr"},{"@type":"Organization","@id":"https:\/\/rughali.com\/#organization","name":"Rug Hal\u0131","url":"https:\/\/rughali.com\/","logo":{"@type":"ImageObject","inLanguage":"tr","@id":"https:\/\/rughali.com\/#\/schema\/logo\/image\/","url":"https:\/\/rughali.com\/wp-content\/uploads\/2025\/10\/rug_hali_logo_transparent-1.png","contentUrl":"https:\/\/rughali.com\/wp-content\/uploads\/2025\/10\/rug_hali_logo_transparent-1.png","width":736,"height":637,"caption":"Rug Hal\u0131"},"image":{"@id":"https:\/\/rughali.com\/#\/schema\/logo\/image\/"}}]}},"_links":{"self":[{"href":"https:\/\/rughali.com\/tr\/wp-json\/wp\/v2\/product\/7855","targetHints":{"allow":["GET"]}}],"collection":[{"href":"https:\/\/rughali.com\/tr\/wp-json\/wp\/v2\/product"}],"about":[{"href":"https:\/\/rughali.com\/tr\/wp-json\/wp\/v2\/types\/product"}],"replies":[{"embeddable":true,"href":"https:\/\/rughali.com\/tr\/wp-json\/wp\/v2\/comments?post=7855"}],"wp:featuredmedia":[{"embeddable":true,"href":"https:\/\/rughali.com\/tr\/wp-json\/wp\/v2\/media\/7848"}],"wp:attachment":[{"href":"https:\/\/rughali.com\/tr\/wp-json\/wp\/v2\/media?parent=7855"}],"wp:term":[{"taxonomy":"product_brand","embeddable":true,"href":"https:\/\/rughali.com\/tr\/wp-json\/wp\/v2\/product_brand?post=7855"},{"taxonomy":"product_cat","embeddable":true,"href":"https:\/\/rughali.com\/tr\/wp-json\/wp\/v2\/product_cat?post=7855"},{"taxonomy":"product_tag","embeddable":true,"href":"https:\/\/rughali.com\/tr\/wp-json\/wp\/v2\/product_tag?post=7855"}],"curies":[{"name":"wp","href":"https:\/\/api.w.org\/{rel}","templated":true}]}}